{"id":733,"date":"2022-12-30T03:56:29","date_gmt":"2022-12-30T03:56:29","guid":{"rendered":"https:\/\/cmykprinted.com\/?post_type=product&#038;p=733"},"modified":"2022-12-30T04:21:48","modified_gmt":"2022-12-30T04:21:48","slug":"promotional-triangle-pop-up-banners-a-frame-pop-out-banners","status":"publish","type":"product","link":"https:\/\/cmykprinted.com\/pt\/produto\/promotional-triangle-pop-up-banners-a-frame-pop-out-banners\/","title":{"rendered":"Banners pop-up de tri\u00e2ngulo promocional Banners pop-out em formato de A"},"content":{"rendered":"","protected":false},"excerpt":{"rendered":"<p>Os banners pop-up triangulares s\u00e3o uma maneira vers\u00e1til e atraente de promover sua empresa ou marca. Eles s\u00e3o projetados para serem facilmente montados e desmontados, tornando-os perfeitos para uso em feiras, confer\u00eancias e outros eventos. Feitos de tecido de pele de p\u00eassego dur\u00e1vel, esses banners s\u00e3o leves e f\u00e1ceis de transportar, e v\u00eam com uma bolsa de transporte conveniente para armazenamento.<br \/>\nAl\u00e9m de serem f\u00e1ceis de usar, nossos banners pop-up triangulares tamb\u00e9m s\u00e3o altamente eficazes para atrair a aten\u00e7\u00e3o. Se voc\u00ea deseja anunciar o lan\u00e7amento de um novo produto, uma venda ou um pr\u00f3ximo evento, esses banners s\u00e3o uma \u00f3tima maneira de atrair o interesse das pessoas pelo seu neg\u00f3cio. Eles podem ser usados tanto em ambientes internos quanto externos, e seu a\u00e7o de mola e pinos facilitam a montagem e desmontagem.<br \/>\nSe voc\u00ea est\u00e1 procurando uma maneira de levar a publicidade de sua empresa para o pr\u00f3ximo n\u00edvel, considere investir em um banner pop-up triangular. Eles s\u00e3o uma \u00f3tima maneira de chamar a aten\u00e7\u00e3o para o seu neg\u00f3cio e causar uma impress\u00e3o duradoura em clientes em potencial. E com nosso abrangente manual de instala\u00e7\u00e3o, voc\u00ea ter\u00e1 tudo o que precisa para configurar e retirar seu banner com facilidade. Portanto, esses banners s\u00e3o a escolha perfeita para qualquer empresa que queira se destacar em seu pr\u00f3ximo evento ou confer\u00eancia.<\/p>\n<div style=\"width: 1280px;\" class=\"wp-video\"><!--[if lt IE 9]><script>document.createElement('video');<\/script><![endif]--><br \/>\n<video class=\"wp-video-shortcode\" id=\"video-733-1\" width=\"1280\" height=\"720\" loop autoplay preload=\"metadata\" controls=\"controls\"><source type=\"video\/mp4\" src=\"http:\/\/cmykprinted.com\/wp-content\/uploads\/2022\/12\/Triangle-Pop-Up-Banners.mp4?_=1\" \/><a href=\"http:\/\/cmykprinted.com\/wp-content\/uploads\/2022\/12\/Triangle-Pop-Up-Banners.mp4\">http:\/\/cmykprinted.com\/wp-content\/uploads\/2022\/12\/Triangle-Pop-Up-Banners.mp4<\/a><\/video><\/div>","protected":false},"featured_media":734,"template":"","meta":{"_kad_post_transparent":"default","_kad_post_title":"hide","_kad_post_layout":"fullwidth","_kad_post_sidebar_id":"","_kad_post_content_style":"unboxed","_kad_post_vertical_padding":"hide","_kad_post_feature":"hide","_kad_post_feature_position":"","_kad_post_header":false,"_kad_post_footer":false},"product_cat":[92,95],"product_tag":[193,194,128,195,192],"class_list":{"0":"post-733","1":"product","2":"type-product","3":"status-publish","4":"has-post-thumbnail","6":"product_cat-pop-up-banners","7":"product_cat-triangle-pop-up-banners","8":"product_tag-a-frame-pop-out-banners","9":"product_tag-pop-out-banners","10":"product_tag-pop-up-banner","11":"product_tag-promotional-pop-up-banners","12":"product_tag-triangle-pop-up-banner","14":"first","15":"instock","16":"shipping-taxable","17":"product-type-simple","18":"entry","19":"content-bg","20":"loop-entry"},"_links":{"self":[{"href":"https:\/\/cmykprinted.com\/pt\/wp-json\/wp\/v2\/product\/733","targetHints":{"allow":["GET"]}}],"collection":[{"href":"https:\/\/cmykprinted.com\/pt\/wp-json\/wp\/v2\/product"}],"about":[{"href":"https:\/\/cmykprinted.com\/pt\/wp-json\/wp\/v2\/types\/product"}],"version-history":[{"count":3,"href":"https:\/\/cmykprinted.com\/pt\/wp-json\/wp\/v2\/product\/733\/revisions"}],"predecessor-version":[{"id":743,"href":"https:\/\/cmykprinted.com\/pt\/wp-json\/wp\/v2\/product\/733\/revisions\/743"}],"wp:featuredmedia":[{"embeddable":true,"href":"https:\/\/cmykprinted.com\/pt\/wp-json\/wp\/v2\/media\/734"}],"wp:attachment":[{"href":"https:\/\/cmykprinted.com\/pt\/wp-json\/wp\/v2\/media?parent=733"}],"wp:term":[{"taxonomy":"product_cat","embeddable":true,"href":"https:\/\/cmykprinted.com\/pt\/wp-json\/wp\/v2\/product_cat?post=733"},{"taxonomy":"product_tag","embeddable":true,"href":"https:\/\/cmykprinted.com\/pt\/wp-json\/wp\/v2\/product_tag?post=733"}],"curies":[{"name":"wp","href":"https:\/\/api.w.org\/{rel}","templated":true}]}}