{"id":744,"date":"2022-12-30T08:55:17","date_gmt":"2022-12-30T08:55:17","guid":{"rendered":"https:\/\/cmykprinted.com\/?post_type=product&#038;p=744"},"modified":"2022-12-30T12:44:27","modified_gmt":"2022-12-30T12:44:27","slug":"straight-tension-fabric-backdrop-media-wall-wholesale-price","status":"publish","type":"product","link":"https:\/\/cmykprinted.com\/pt\/produto\/straight-tension-fabric-backdrop-media-wall-wholesale-price\/","title":{"rendered":"Painel de fundo de tecido tensionado reto para m\u00eddia - Pre\u00e7o de atacado"},"content":{"rendered":"","protected":false},"excerpt":{"rendered":"<p>Nosso pano de fundo de tecido de tens\u00e3o reta mais vendido \u00e9 vers\u00e1til e adequado para uma variedade de finalidades, incluindo uso como pano de fundo de est\u00fadio, palco ou evento, fundo de cabine de fotos, pano de fundo de confer\u00eancia de imprensa, pano de fundo de cerim\u00f4nia de premia\u00e7\u00e3o e pano de fundo de tapete vermelho. Com a op\u00e7\u00e3o de incluir dois designs diferentes no mesmo banner, voc\u00ea pode maximizar seu valor e conveni\u00eancia de transporte. O pano de fundo de tecido el\u00e1stico \u00e9 feito de poli\u00e9ster resistente e flex\u00edvel 100% lav\u00e1vel \u00e0 m\u00e1quina, impresso usando nosso processo de impress\u00e3o de tecido personalizado, que garante que seu design permane\u00e7a vibrante e claro mesmo ap\u00f3s v\u00e1rias lavagens e em quaisquer condi\u00e7\u00f5es clim\u00e1ticas. Nosso processo de impress\u00e3o tamb\u00e9m \u00e9 ecossolvente, usando solventes totalmente naturais e biodegrad\u00e1veis, menos agressivos e mais seguros para o corpo. A estrutura de alum\u00ednio leve e forte foi projetada para suportar a elasticidade do tecido por um longo per\u00edodo de tempo e vem com tubos de trava de encaixe para configura\u00e7\u00e3o f\u00e1cil e r\u00e1pida sem a necessidade de ferramentas adicionais. O suporte \u00e9 ajust\u00e1vel ao seu tamanho preferido e vem com um p\u00f3dio r\u00edgido para f\u00e1cil portabilidade. O pano de fundo de tecido de tens\u00e3o reta \u00e9 enviado dentro de quatro a cinco dias \u00fateis sem nenhum custo.<\/p>\n<div style=\"width: 1280px;\" class=\"wp-video\"><!--[if lt IE 9]><script>document.createElement('video');<\/script><![endif]--><br \/>\n<video class=\"wp-video-shortcode\" id=\"video-744-1\" width=\"1280\" height=\"720\" loop autoplay preload=\"auto\" controls=\"controls\"><source type=\"video\/mp4\" src=\"http:\/\/cmykprinted.com\/wp-content\/uploads\/2022\/12\/Straight-Tension-Fabric-Backdrop.mp4?_=1\" \/><a href=\"http:\/\/cmykprinted.com\/wp-content\/uploads\/2022\/12\/Straight-Tension-Fabric-Backdrop.mp4\">http:\/\/cmykprinted.com\/wp-content\/uploads\/2022\/12\/Straight-Tension-Fabric-Backdrop.mp4<\/a><\/video><\/div>","protected":false},"featured_media":745,"template":"","meta":{"_kad_post_transparent":"default","_kad_post_title":"hide","_kad_post_layout":"fullwidth","_kad_post_sidebar_id":"","_kad_post_content_style":"unboxed","_kad_post_vertical_padding":"hide","_kad_post_feature":"hide","_kad_post_feature_position":"","_kad_post_header":false,"_kad_post_footer":false},"product_cat":[97,100],"product_tag":[196,197,198],"class_list":{"0":"post-744","1":"product","2":"type-product","3":"status-publish","4":"has-post-thumbnail","6":"product_cat-tension-fabric-displays","7":"product_cat-straight-tension-fabric-backdrop","8":"product_tag-straight-tension-fabric-backdrop","9":"product_tag-tension-fabric-backdrop","10":"product_tag-tension-fabric-media-wall","12":"first","13":"instock","14":"shipping-taxable","15":"product-type-simple","16":"entry","17":"content-bg","18":"loop-entry"},"_links":{"self":[{"href":"https:\/\/cmykprinted.com\/pt\/wp-json\/wp\/v2\/product\/744","targetHints":{"allow":["GET"]}}],"collection":[{"href":"https:\/\/cmykprinted.com\/pt\/wp-json\/wp\/v2\/product"}],"about":[{"href":"https:\/\/cmykprinted.com\/pt\/wp-json\/wp\/v2\/types\/product"}],"version-history":[{"count":4,"href":"https:\/\/cmykprinted.com\/pt\/wp-json\/wp\/v2\/product\/744\/revisions"}],"predecessor-version":[{"id":750,"href":"https:\/\/cmykprinted.com\/pt\/wp-json\/wp\/v2\/product\/744\/revisions\/750"}],"wp:featuredmedia":[{"embeddable":true,"href":"https:\/\/cmykprinted.com\/pt\/wp-json\/wp\/v2\/media\/745"}],"wp:attachment":[{"href":"https:\/\/cmykprinted.com\/pt\/wp-json\/wp\/v2\/media?parent=744"}],"wp:term":[{"taxonomy":"product_cat","embeddable":true,"href":"https:\/\/cmykprinted.com\/pt\/wp-json\/wp\/v2\/product_cat?post=744"},{"taxonomy":"product_tag","embeddable":true,"href":"https:\/\/cmykprinted.com\/pt\/wp-json\/wp\/v2\/product_tag?post=744"}],"curies":[{"name":"wp","href":"https:\/\/api.w.org\/{rel}","templated":true}]}}