{"id":791,"date":"2022-12-31T06:57:00","date_gmt":"2022-12-31T06:57:00","guid":{"rendered":"https:\/\/cmykprinted.com\/?post_type=product&#038;p=791"},"modified":"2022-12-31T07:06:35","modified_gmt":"2022-12-31T07:06:35","slug":"wall-mounted-promotional-flags-end-sign-flags-custom-printed","status":"publish","type":"product","link":"https:\/\/cmykprinted.com\/pt\/produto\/wall-mounted-promotional-flags-end-sign-flags-custom-printed\/","title":{"rendered":"O sinal relativo \u00e0 promo\u00e7\u00e3o fixado na parede das bandeiras do sinal da extremidade imprimiu o costume"},"content":{"rendered":"","protected":false},"excerpt":{"rendered":"<p>Nossas bandeiras promocionais montadas na parede s\u00e3o impressas em material de banner de PVC resistente e resistente e tratadas com tinta UV para longa vida \u00fatil ao ar livre. Medindo 430 mm de largura e 355 mm de um lado e 560 mm do outro, essas bandeiras s\u00e3o constru\u00eddas em PVC branco resistente e flex\u00edvel e apresentam um mastro de 750 mm de comprimento. O soquete c\u00f4nico garante um aperto seguro no mastro e evita que a bandeira se perca em condi\u00e7\u00f5es de vento. Essas bandeiras podem ser facilmente aparafusadas nas paredes e v\u00eam com um kit que inclui um suporte de polipropileno, mastro de PVC, remate e gola. Tamb\u00e9m oferecemos &#039;Bandeiras de exibi\u00e7\u00e3o&#039; simples feitas de PVC de bloco de luz refor\u00e7ado de 780 g\/m2 que s\u00e3o adequadas para aplica\u00e7\u00e3o de vinil e podem ser impressas sob encomenda. Bandeiras em formato personalizado tamb\u00e9m est\u00e3o dispon\u00edveis. Todas as nossas bandeiras s\u00e3o feitas com m\u00eddia super resistente e costura de poli\u00e9ster marinho para o melhor desempenho ao ar livre.<\/p>","protected":false},"featured_media":792,"template":"","meta":{"_kad_post_transparent":"default","_kad_post_title":"hide","_kad_post_layout":"fullwidth","_kad_post_sidebar_id":"","_kad_post_content_style":"unboxed","_kad_post_vertical_padding":"hide","_kad_post_feature":"hide","_kad_post_feature_position":"","_kad_post_header":false,"_kad_post_footer":false},"product_cat":[79],"product_tag":[215,213,214,212],"class_list":{"0":"post-791","1":"product","2":"type-product","3":"status-publish","4":"has-post-thumbnail","6":"product_cat-custom-flags","7":"product_tag-custom-promotional-flags","8":"product_tag-end-sign-flags","9":"product_tag-promotional-flags","10":"product_tag-wall-mounted-promotional-flags","12":"first","13":"instock","14":"shipping-taxable","15":"product-type-simple","16":"entry","17":"content-bg","18":"loop-entry"},"_links":{"self":[{"href":"https:\/\/cmykprinted.com\/pt\/wp-json\/wp\/v2\/product\/791","targetHints":{"allow":["GET"]}}],"collection":[{"href":"https:\/\/cmykprinted.com\/pt\/wp-json\/wp\/v2\/product"}],"about":[{"href":"https:\/\/cmykprinted.com\/pt\/wp-json\/wp\/v2\/types\/product"}],"version-history":[{"count":3,"href":"https:\/\/cmykprinted.com\/pt\/wp-json\/wp\/v2\/product\/791\/revisions"}],"predecessor-version":[{"id":799,"href":"https:\/\/cmykprinted.com\/pt\/wp-json\/wp\/v2\/product\/791\/revisions\/799"}],"wp:featuredmedia":[{"embeddable":true,"href":"https:\/\/cmykprinted.com\/pt\/wp-json\/wp\/v2\/media\/792"}],"wp:attachment":[{"href":"https:\/\/cmykprinted.com\/pt\/wp-json\/wp\/v2\/media?parent=791"}],"wp:term":[{"taxonomy":"product_cat","embeddable":true,"href":"https:\/\/cmykprinted.com\/pt\/wp-json\/wp\/v2\/product_cat?post=791"},{"taxonomy":"product_tag","embeddable":true,"href":"https:\/\/cmykprinted.com\/pt\/wp-json\/wp\/v2\/product_tag?post=791"}],"curies":[{"name":"wp","href":"https:\/\/api.w.org\/{rel}","templated":true}]}}