{"id":818,"date":"2022-12-31T14:04:19","date_gmt":"2022-12-31T14:04:19","guid":{"rendered":"https:\/\/cmykprinted.com\/?post_type=product&#038;p=818"},"modified":"2022-12-31T14:16:24","modified_gmt":"2022-12-31T14:16:24","slug":"vertical-pop-up-banners-for-promotional-outdoor-advertising","status":"publish","type":"product","link":"https:\/\/cmykprinted.com\/pt\/produto\/vertical-pop-up-banners-for-promotional-outdoor-advertising\/","title":{"rendered":"Banners pop-up verticais para publicidade promocional em exteriores"},"content":{"rendered":"","protected":false},"excerpt":{"rendered":"<p>Os banners pop-up verticais s\u00e3o uma \u00f3tima alternativa aos designs tradicionais de moldura A, pois oferecem muito mais \u00e1rea de superf\u00edcie para impress\u00e3o. Esses banners s\u00e3o projetados para serem f\u00e1ceis de transportar, configurar e retirar, tornando-os uma escolha conveniente para eventos, feiras e outras ocasi\u00f5es. Eles tamb\u00e9m s\u00e3o adequados para uso interno e externo e v\u00eam com quatro pontas de aterramento para maior estabilidade.<br \/>\nUm dos principais benef\u00edcios dos banners pop-up verticais \u00e9 que eles s\u00e3o uma unidade de pe\u00e7a \u00fanica, o que significa que o estande e o gr\u00e1fico s\u00e3o combinados em uma \u00fanica unidade. Isso os torna f\u00e1ceis de mover e transportar, pois voc\u00ea n\u00e3o precisa se preocupar com pe\u00e7as separadas. O pr\u00f3prio gr\u00e1fico \u00e9 impresso em um tecido de cetim poli de alta qualidade, que \u00e9 suave, dur\u00e1vel e f\u00e1cil de dobrar para envio.<br \/>\nH\u00e1 uma variedade de tamanhos dispon\u00edveis em cada configura\u00e7\u00e3o, para que voc\u00ea possa escolher aquele que melhor se adapta \u00e0s suas necessidades. Al\u00e9m disso, uma bolsa de transporte personalizada est\u00e1 sempre inclu\u00edda, facilitando o armazenamento e o transporte do seu banner de um evento para o outro. No geral, os banners pop-up verticais s\u00e3o uma maneira vers\u00e1til, conveniente e eficaz de exibir sua marca ou mensagem em grande estilo.<\/p>\n<div style=\"width: 1290px;\" class=\"wp-video\"><!--[if lt IE 9]><script>document.createElement('video');<\/script><![endif]--><br \/>\n<video class=\"wp-video-shortcode\" id=\"video-818-1\" width=\"1290\" height=\"726\" loop autoplay preload=\"auto\" controls=\"controls\"><source type=\"video\/mp4\" src=\"http:\/\/cmykprinted.com\/wp-content\/uploads\/2022\/12\/horizontal-pop-up-banners.mp4?_=1\" \/><a href=\"http:\/\/cmykprinted.com\/wp-content\/uploads\/2022\/12\/horizontal-pop-up-banners.mp4\">http:\/\/cmykprinted.com\/wp-content\/uploads\/2022\/12\/horizontal-pop-up-banners.mp4<\/a><\/video><\/div>\n<p>&nbsp;<\/p>","protected":false},"featured_media":819,"template":"","meta":{"_kad_post_transparent":"default","_kad_post_title":"hide","_kad_post_layout":"fullwidth","_kad_post_sidebar_id":"","_kad_post_content_style":"unboxed","_kad_post_vertical_padding":"hide","_kad_post_feature":"hide","_kad_post_feature_position":"","_kad_post_header":false,"_kad_post_footer":false},"product_cat":[92,96],"product_tag":[224,167,225,166,195,223],"class_list":{"0":"post-818","1":"product","2":"type-product","3":"status-publish","4":"has-post-thumbnail","6":"product_cat-pop-up-banners","7":"product_cat-vertical-pop-up-banners","8":"product_tag-advertising-pop-up-banners","9":"product_tag-custom-pop-up-banners","10":"product_tag-outdoor-pop-up-banners","11":"product_tag-pop-up-banners","12":"product_tag-promotional-pop-up-banners","13":"product_tag-vertical-pop-up-banners","15":"first","16":"instock","17":"shipping-taxable","18":"product-type-simple","19":"entry","20":"content-bg","21":"loop-entry"},"_links":{"self":[{"href":"https:\/\/cmykprinted.com\/pt\/wp-json\/wp\/v2\/product\/818","targetHints":{"allow":["GET"]}}],"collection":[{"href":"https:\/\/cmykprinted.com\/pt\/wp-json\/wp\/v2\/product"}],"about":[{"href":"https:\/\/cmykprinted.com\/pt\/wp-json\/wp\/v2\/types\/product"}],"version-history":[{"count":1,"href":"https:\/\/cmykprinted.com\/pt\/wp-json\/wp\/v2\/product\/818\/revisions"}],"predecessor-version":[{"id":825,"href":"https:\/\/cmykprinted.com\/pt\/wp-json\/wp\/v2\/product\/818\/revisions\/825"}],"wp:featuredmedia":[{"embeddable":true,"href":"https:\/\/cmykprinted.com\/pt\/wp-json\/wp\/v2\/media\/819"}],"wp:attachment":[{"href":"https:\/\/cmykprinted.com\/pt\/wp-json\/wp\/v2\/media?parent=818"}],"wp:term":[{"taxonomy":"product_cat","embeddable":true,"href":"https:\/\/cmykprinted.com\/pt\/wp-json\/wp\/v2\/product_cat?post=818"},{"taxonomy":"product_tag","embeddable":true,"href":"https:\/\/cmykprinted.com\/pt\/wp-json\/wp\/v2\/product_tag?post=818"}],"curies":[{"name":"wp","href":"https:\/\/api.w.org\/{rel}","templated":true}]}}