{"id":826,"date":"2022-12-31T14:33:36","date_gmt":"2022-12-31T14:33:36","guid":{"rendered":"https:\/\/cmykprinted.com\/?post_type=product&#038;p=826"},"modified":"2023-02-12T15:14:20","modified_gmt":"2023-02-12T15:14:20","slug":"formulate-exhibition-curved-fabric-display-stand-backdrop","status":"publish","type":"product","link":"https:\/\/cmykprinted.com\/pt\/produto\/formulate-exhibition-curved-fabric-display-stand-backdrop\/","title":{"rendered":"Suporte de exposi\u00e7\u00e3o de tecido curvo Formulate para cen\u00e1rio de exposi\u00e7\u00e3o"},"content":{"rendered":"","protected":false},"excerpt":{"rendered":"<p>O suporte de exibi\u00e7\u00e3o de tecido curvo \u00e9 uma op\u00e7\u00e3o de destaque para criar uma exibi\u00e7\u00e3o visualmente impressionante. Ele apresenta uma \u00fanica imagem de alta defini\u00e7\u00e3o sem nenhuma linha de jun\u00e7\u00e3o vis\u00edvel. A montagem \u00e9 f\u00e1cil - basta prender a estrutura de alum\u00ednio leve e esticar o tecido impresso sobre ela. Quando terminar de us\u00e1-lo, basta retir\u00e1-lo, dobr\u00e1-lo e guard\u00e1-lo no estojo de transporte para facilitar o transporte. Esses estandes s\u00e3o muito mais convenientes para armazenar e transportar em compara\u00e7\u00e3o com os tradicionais estandes de exposi\u00e7\u00e3o pop-up. Al\u00e9m de serem uma escolha popular para confer\u00eancias e eventos, eles tamb\u00e9m s\u00e3o excelentes cen\u00e1rios fotogr\u00e1ficos e cen\u00e1rios de palco. O tecido \u00e9 impresso em ambos os lados como padr\u00e3o, dando a voc\u00ea mais espa\u00e7o para suas mensagens. Tamb\u00e9m \u00e9 f\u00e1cil imprimir capas alternativas para diferentes eventos.<\/p>","protected":false},"featured_media":827,"template":"","meta":{"_kad_post_transparent":"default","_kad_post_title":"hide","_kad_post_layout":"fullwidth","_kad_post_sidebar_id":"","_kad_post_content_style":"unboxed","_kad_post_vertical_padding":"hide","_kad_post_feature":"hide","_kad_post_feature_position":"","_kad_post_header":false,"_kad_post_footer":false},"product_cat":[97,98],"product_tag":[228,226,227,229],"class_list":{"0":"post-826","1":"product","2":"type-product","3":"status-publish","4":"has-post-thumbnail","6":"product_cat-tension-fabric-displays","7":"product_cat-curved-tension-fabric-pop-up-displays","8":"product_tag-curved-backdrop","9":"product_tag-curved-fabric-display-stand","10":"product_tag-exhibition-curved-display-stand","11":"product_tag-formulate-curved-fabric-display","13":"first","14":"instock","15":"shipping-taxable","16":"product-type-simple","17":"entry","18":"content-bg","19":"loop-entry"},"_links":{"self":[{"href":"https:\/\/cmykprinted.com\/pt\/wp-json\/wp\/v2\/product\/826","targetHints":{"allow":["GET"]}}],"collection":[{"href":"https:\/\/cmykprinted.com\/pt\/wp-json\/wp\/v2\/product"}],"about":[{"href":"https:\/\/cmykprinted.com\/pt\/wp-json\/wp\/v2\/types\/product"}],"version-history":[{"count":1,"href":"https:\/\/cmykprinted.com\/pt\/wp-json\/wp\/v2\/product\/826\/revisions"}],"predecessor-version":[{"id":833,"href":"https:\/\/cmykprinted.com\/pt\/wp-json\/wp\/v2\/product\/826\/revisions\/833"}],"wp:featuredmedia":[{"embeddable":true,"href":"https:\/\/cmykprinted.com\/pt\/wp-json\/wp\/v2\/media\/827"}],"wp:attachment":[{"href":"https:\/\/cmykprinted.com\/pt\/wp-json\/wp\/v2\/media?parent=826"}],"wp:term":[{"taxonomy":"product_cat","embeddable":true,"href":"https:\/\/cmykprinted.com\/pt\/wp-json\/wp\/v2\/product_cat?post=826"},{"taxonomy":"product_tag","embeddable":true,"href":"https:\/\/cmykprinted.com\/pt\/wp-json\/wp\/v2\/product_tag?post=826"}],"curies":[{"name":"wp","href":"https:\/\/api.w.org\/{rel}","templated":true}]}}