{"id":834,"date":"2023-01-01T06:16:03","date_gmt":"2023-01-01T06:16:03","guid":{"rendered":"https:\/\/cmykprinted.com\/?post_type=product&#038;p=834"},"modified":"2023-01-01T06:28:27","modified_gmt":"2023-01-01T06:28:27","slug":"metallic-letters-labels-adhesive-3d-transfer-metal-sticker","status":"publish","type":"product","link":"https:\/\/cmykprinted.com\/pt\/produto\/metallic-letters-labels-adhesive-3d-transfer-metal-sticker\/","title":{"rendered":"Etiquetas de letras met\u00e1licas adesivo adesivo de metal de transfer\u00eancia 3D"},"content":{"rendered":"","protected":false},"excerpt":{"rendered":"<p>Com as etiquetas de letras met\u00e1licas, voc\u00ea pode facilmente capturar a aten\u00e7\u00e3o de seus clientes e atra\u00ed-los para saber mais sobre o que voc\u00ea tem a oferecer. Esses adesivos atraentes s\u00e3o projetados para adicionar impacto visual ao seu produto ou servi\u00e7o, destacando-o da concorr\u00eancia.<br \/>\nUsando a tecnologia mais recente, essas etiquetas s\u00e3o produzidas com cores brilhantes em uma variedade de gradientes e semitons, dando a elas uma apar\u00eancia lustrosa e atraente que aumenta o valor percebido de sua oferta. Esteja voc\u00ea no ramo de venda de produtos ou promo\u00e7\u00e3o de eventos ou servi\u00e7os, essas etiquetas personalizadas certamente chamar\u00e3o a aten\u00e7\u00e3o de seu p\u00fablico-alvo e o ajudar\u00e3o a se destacar no mercado lotado.<br \/>\nEnt\u00e3o, por que esperar? Invista em etiquetas com letras met\u00e1licas hoje e veja como sua empresa decola para novos patamares!<\/p>\n<div style=\"width: 1280px;\" class=\"wp-video\"><!--[if lt IE 9]><script>document.createElement('video');<\/script><![endif]--><br \/>\n<video class=\"wp-video-shortcode\" id=\"video-834-1\" width=\"1280\" height=\"720\" loop autoplay preload=\"metadata\" controls=\"controls\"><source type=\"video\/mp4\" src=\"http:\/\/cmykprinted.com\/wp-content\/uploads\/2022\/12\/Metal-Transfer-Sticker.mp4?_=1\" \/><a href=\"http:\/\/cmykprinted.com\/wp-content\/uploads\/2022\/12\/Metal-Transfer-Sticker.mp4\">http:\/\/cmykprinted.com\/wp-content\/uploads\/2022\/12\/Metal-Transfer-Sticker.mp4<\/a><\/video><\/div>\n<p>&nbsp;<\/p>","protected":false},"featured_media":835,"template":"","meta":{"_kad_post_transparent":"default","_kad_post_title":"hide","_kad_post_layout":"fullwidth","_kad_post_sidebar_id":"","_kad_post_content_style":"unboxed","_kad_post_vertical_padding":"hide","_kad_post_feature":"hide","_kad_post_feature_position":"","_kad_post_header":false,"_kad_post_footer":false},"product_cat":[101,102],"product_tag":[232,233,230,231],"class_list":{"0":"post-834","1":"product","2":"type-product","3":"status-publish","4":"has-post-thumbnail","6":"product_cat-transfer-stickers","7":"product_cat-metal-transfer-stickers","8":"product_tag-3d-transfer-sticker","9":"product_tag-adhesive-metal-sticker","10":"product_tag-metallic-letters-labels","11":"product_tag-transfer-metal-sticker","13":"first","14":"instock","15":"shipping-taxable","16":"product-type-simple","17":"entry","18":"content-bg","19":"loop-entry"},"_links":{"self":[{"href":"https:\/\/cmykprinted.com\/pt\/wp-json\/wp\/v2\/product\/834","targetHints":{"allow":["GET"]}}],"collection":[{"href":"https:\/\/cmykprinted.com\/pt\/wp-json\/wp\/v2\/product"}],"about":[{"href":"https:\/\/cmykprinted.com\/pt\/wp-json\/wp\/v2\/types\/product"}],"version-history":[{"count":1,"href":"https:\/\/cmykprinted.com\/pt\/wp-json\/wp\/v2\/product\/834\/revisions"}],"predecessor-version":[{"id":841,"href":"https:\/\/cmykprinted.com\/pt\/wp-json\/wp\/v2\/product\/834\/revisions\/841"}],"wp:featuredmedia":[{"embeddable":true,"href":"https:\/\/cmykprinted.com\/pt\/wp-json\/wp\/v2\/media\/835"}],"wp:attachment":[{"href":"https:\/\/cmykprinted.com\/pt\/wp-json\/wp\/v2\/media?parent=834"}],"wp:term":[{"taxonomy":"product_cat","embeddable":true,"href":"https:\/\/cmykprinted.com\/pt\/wp-json\/wp\/v2\/product_cat?post=834"},{"taxonomy":"product_tag","embeddable":true,"href":"https:\/\/cmykprinted.com\/pt\/wp-json\/wp\/v2\/product_tag?post=834"}],"curies":[{"name":"wp","href":"https:\/\/api.w.org\/{rel}","templated":true}]}}