{"id":842,"date":"2023-01-01T06:44:35","date_gmt":"2023-01-01T06:44:35","guid":{"rendered":"https:\/\/cmykprinted.com\/?post_type=product&#038;p=842"},"modified":"2023-01-01T06:50:35","modified_gmt":"2023-01-01T06:50:35","slug":"rectangle-flag-banners-with-custom-printing-fast-delivery","status":"publish","type":"product","link":"https:\/\/cmykprinted.com\/pt\/produto\/rectangle-flag-banners-with-custom-printing-fast-delivery\/","title":{"rendered":"Banners retangulares com impress\u00e3o personalizada e entrega r\u00e1pida"},"content":{"rendered":"","protected":false},"excerpt":{"rendered":"<p>Se voc\u00ea deseja causar um grande impacto com sua pr\u00f3xima promo\u00e7\u00e3o ou evento, considere imprimir banners retangulares personalizados com seu logotipo ou design de sua escolha. Esses banners est\u00e3o dispon\u00edveis em tr\u00eas tamanhos \u2013 5 p\u00e9s, 8 p\u00e9s ou 11 p\u00e9s \u2013 para que voc\u00ea possa escolher a op\u00e7\u00e3o que melhor atende \u00e0s suas necessidades. Quando v\u00e1rias bandeiras est\u00e3o alinhadas, elas criam uma exibi\u00e7\u00e3o enorme e visualmente impressionante que dar\u00e1 uma vibra\u00e7\u00e3o limpa, profissional e emocionante ao seu evento.<br \/>\nUma das grandes coisas sobre esses banners retangulares \u00e9 que a impress\u00e3o personalizada na frente \u00e9 vis\u00edvel no verso em formato de imagem espelhada. Isso significa que voc\u00ea pode us\u00e1-los em v\u00e1rias configura\u00e7\u00f5es e ainda exibir sua mensagem com destaque. Al\u00e9m disso, a impress\u00e3o frente e verso est\u00e1 dispon\u00edvel para aqueles que desejam transmitir mensagens duplas.<br \/>\nCome\u00e7ar a usar seu banner retangular personalizado \u00e9 f\u00e1cil - basta carregar seu logotipo ou design usando as instru\u00e7\u00f5es acima ou baixar o modelo de arte abaixo e criar seu pr\u00f3prio arquivo para carregar e finalizar a compra. Com nossa impress\u00e3o de alta qualidade e aten\u00e7\u00e3o aos detalhes, voc\u00ea pode ter certeza de que seu banner de bandeira retangular causar\u00e1 uma impress\u00e3o duradoura em seu p\u00fablico.<\/p>\n<div style=\"width: 1280px;\" class=\"wp-video\"><!--[if lt IE 9]><script>document.createElement('video');<\/script><![endif]--><br \/>\n<video class=\"wp-video-shortcode\" id=\"video-842-1\" width=\"1280\" height=\"720\" loop autoplay preload=\"metadata\" controls=\"controls\"><source type=\"video\/mp4\" src=\"http:\/\/cmykprinted.com\/wp-content\/uploads\/2022\/12\/Feather-beach-flags.mp4?_=1\" \/><a href=\"http:\/\/cmykprinted.com\/wp-content\/uploads\/2022\/12\/Feather-beach-flags.mp4\">http:\/\/cmykprinted.com\/wp-content\/uploads\/2022\/12\/Feather-beach-flags.mp4<\/a><\/video><\/div>","protected":false},"featured_media":843,"template":"","meta":{"_kad_post_transparent":"default","_kad_post_title":"hide","_kad_post_layout":"fullwidth","_kad_post_sidebar_id":"","_kad_post_content_style":"unboxed","_kad_post_vertical_padding":"hide","_kad_post_feature":"hide","_kad_post_feature_position":"","_kad_post_header":false,"_kad_post_footer":false},"product_cat":[64,66],"product_tag":[236,235,234],"class_list":{"0":"post-842","1":"product","2":"type-product","3":"status-publish","4":"has-post-thumbnail","6":"product_cat-beach-flags","7":"product_cat-rectangular-flags-banners","8":"product_tag-custom-rectangle-banners","9":"product_tag-custom-rectangle-flag","10":"product_tag-rectangle-flag-banners","12":"first","13":"instock","14":"shipping-taxable","15":"product-type-simple","16":"entry","17":"content-bg","18":"loop-entry"},"_links":{"self":[{"href":"https:\/\/cmykprinted.com\/pt\/wp-json\/wp\/v2\/product\/842","targetHints":{"allow":["GET"]}}],"collection":[{"href":"https:\/\/cmykprinted.com\/pt\/wp-json\/wp\/v2\/product"}],"about":[{"href":"https:\/\/cmykprinted.com\/pt\/wp-json\/wp\/v2\/types\/product"}],"version-history":[{"count":1,"href":"https:\/\/cmykprinted.com\/pt\/wp-json\/wp\/v2\/product\/842\/revisions"}],"predecessor-version":[{"id":848,"href":"https:\/\/cmykprinted.com\/pt\/wp-json\/wp\/v2\/product\/842\/revisions\/848"}],"wp:featuredmedia":[{"embeddable":true,"href":"https:\/\/cmykprinted.com\/pt\/wp-json\/wp\/v2\/media\/843"}],"wp:attachment":[{"href":"https:\/\/cmykprinted.com\/pt\/wp-json\/wp\/v2\/media?parent=842"}],"wp:term":[{"taxonomy":"product_cat","embeddable":true,"href":"https:\/\/cmykprinted.com\/pt\/wp-json\/wp\/v2\/product_cat?post=842"},{"taxonomy":"product_tag","embeddable":true,"href":"https:\/\/cmykprinted.com\/pt\/wp-json\/wp\/v2\/product_tag?post=842"}],"curies":[{"name":"wp","href":"https:\/\/api.w.org\/{rel}","templated":true}]}}