{"id":884,"date":"2023-01-01T12:57:04","date_gmt":"2023-01-01T12:57:04","guid":{"rendered":"https:\/\/cmykprinted.com\/?post_type=product&#038;p=884"},"modified":"2023-01-01T13:07:05","modified_gmt":"2023-01-01T13:07:05","slug":"portable-advertising-a-frame-round-pop-up-banners-stand","status":"publish","type":"product","link":"https:\/\/cmykprinted.com\/pt\/produto\/portable-advertising-a-frame-round-pop-up-banners-stand\/","title":{"rendered":"Suporte de banner pop-up redondo em formato de A para publicidade port\u00e1til"},"content":{"rendered":"","protected":false},"excerpt":{"rendered":"<p>Os banners pop-up redondos oferecem uma op\u00e7\u00e3o \u00fanica e com economia de espa\u00e7o para exibi\u00e7\u00f5es na cal\u00e7ada. Esses banners s\u00e3o impressos com sublima\u00e7\u00e3o de tinta, um m\u00e9todo de impress\u00e3o que garante resultados duradouros e duradouros, mesmo quando expostos \u00e0 luz solar direta. O uso de uma estrutura de a\u00e7o torna esses banners leves e robustos, e eles v\u00eam completos com estacas que podem ser usadas para fixar o banner no ch\u00e3o, se desejado. Esses banners pop-up s\u00e3o vers\u00e1teis e podem ser usados tanto em ambientes internos quanto externos, tornando-os uma \u00f3tima op\u00e7\u00e3o para uma variedade de eventos e locais, como eventos esportivos, torneios, festivais, esta\u00e7\u00f5es de esqui e muito mais. Eles s\u00e3o uma escolha ideal para quem quer fazer uma declara\u00e7\u00e3o e se destacar em um ambiente lotado e movimentado.<\/p>\n<div style=\"width: 1280px;\" class=\"wp-video\"><!--[if lt IE 9]><script>document.createElement('video');<\/script><![endif]--><br \/>\n<video class=\"wp-video-shortcode\" id=\"video-884-1\" width=\"1280\" height=\"720\" loop autoplay preload=\"metadata\" controls=\"controls\"><source type=\"video\/mp4\" src=\"http:\/\/cmykprinted.com\/wp-content\/uploads\/2022\/12\/Triangle-Pop-Up-Banners.mp4?_=1\" \/><a href=\"http:\/\/cmykprinted.com\/wp-content\/uploads\/2022\/12\/Triangle-Pop-Up-Banners.mp4\">http:\/\/cmykprinted.com\/wp-content\/uploads\/2022\/12\/Triangle-Pop-Up-Banners.mp4<\/a><\/video><\/div>","protected":false},"featured_media":885,"template":"","meta":{"_kad_post_transparent":"default","_kad_post_title":"hide","_kad_post_layout":"fullwidth","_kad_post_sidebar_id":"","_kad_post_content_style":"unboxed","_kad_post_vertical_padding":"hide","_kad_post_feature":"hide","_kad_post_feature_position":"","_kad_post_header":false,"_kad_post_footer":false},"product_cat":[92,93],"product_tag":[248,224,249,247],"class_list":{"0":"post-884","1":"product","2":"type-product","3":"status-publish","4":"has-post-thumbnail","6":"product_cat-pop-up-banners","7":"product_cat-circle-pop-up-banners","8":"product_tag-a-frame-pop-up-banne","9":"product_tag-advertising-pop-up-banners","10":"product_tag-portable-pop-up-banners","11":"product_tag-round-pop-up-banners","13":"first","14":"instock","15":"shipping-taxable","16":"product-type-simple","17":"entry","18":"content-bg","19":"loop-entry"},"_links":{"self":[{"href":"https:\/\/cmykprinted.com\/pt\/wp-json\/wp\/v2\/product\/884","targetHints":{"allow":["GET"]}}],"collection":[{"href":"https:\/\/cmykprinted.com\/pt\/wp-json\/wp\/v2\/product"}],"about":[{"href":"https:\/\/cmykprinted.com\/pt\/wp-json\/wp\/v2\/types\/product"}],"version-history":[{"count":1,"href":"https:\/\/cmykprinted.com\/pt\/wp-json\/wp\/v2\/product\/884\/revisions"}],"predecessor-version":[{"id":892,"href":"https:\/\/cmykprinted.com\/pt\/wp-json\/wp\/v2\/product\/884\/revisions\/892"}],"wp:featuredmedia":[{"embeddable":true,"href":"https:\/\/cmykprinted.com\/pt\/wp-json\/wp\/v2\/media\/885"}],"wp:attachment":[{"href":"https:\/\/cmykprinted.com\/pt\/wp-json\/wp\/v2\/media?parent=884"}],"wp:term":[{"taxonomy":"product_cat","embeddable":true,"href":"https:\/\/cmykprinted.com\/pt\/wp-json\/wp\/v2\/product_cat?post=884"},{"taxonomy":"product_tag","embeddable":true,"href":"https:\/\/cmykprinted.com\/pt\/wp-json\/wp\/v2\/product_tag?post=884"}],"curies":[{"name":"wp","href":"https:\/\/api.w.org\/{rel}","templated":true}]}}