{"id":921,"date":"2023-01-13T13:12:06","date_gmt":"2023-01-13T13:12:06","guid":{"rendered":"https:\/\/cmykprinted.com\/?post_type=product&#038;p=921"},"modified":"2023-01-13T13:59:27","modified_gmt":"2023-01-13T13:59:27","slug":"promotional-5-x-5-pop-up-tent-outdoor-indoor-canopy-tent","status":"publish","type":"product","link":"https:\/\/cmykprinted.com\/pt\/produto\/promotional-5-x-5-pop-up-tent-outdoor-indoor-canopy-tent\/","title":{"rendered":"Tenda promocional pop-up de 5&#039; x 5&#039; para \u00e1reas externas e internas"},"content":{"rendered":"","protected":false},"excerpt":{"rendered":"<p>Esta barraca pop-up 5 \u00d7 5 \u00e9 a solu\u00e7\u00e3o perfeita para fornecer sombra e abrigo em sua venda na cal\u00e7ada, estande de mercado de agricultores ou evento ao ar livre. Dispon\u00edvel em uma variedade de cores, incluindo branco, verde, vermelho, azul marinho e preto, voc\u00ea pode escolher a cor perfeita para combinar com seu evento ou marca. A barraca \u00e9 feita de alum\u00ednio dur\u00e1vel, facilitando a montagem em segundos, e cabe em uma mala de transporte com rodas quando voc\u00ea terminar de us\u00e1-la, facilitando o transporte e o armazenamento.<br \/>\nEsta tenda pop-up comercial 5 \u00d7 5 \u00e9 mantida firmemente no lugar com estacas de ancoragem e cria um total de 25 p\u00e9s quadrados de sombra. \u00c9 perfeito para eventos ao ar livre, pequenas cabines de check-in, partidas esportivas ou passeios na praia, pois acomoda confortavelmente duas cadeiras de jardim ou uma pequena mesa e pode suportar ventos de 30 MPH. O toldo de poli\u00e9ster colorido \u00e9 retardador de fogo e certificado por teste de press\u00e3o hidrost\u00e1tica para uma solu\u00e7\u00e3o comercial segura. As pernas telesc\u00f3picas de libera\u00e7\u00e3o do pino de tra\u00e7\u00e3o podem ser ajustadas para cinco configura\u00e7\u00f5es de altura com alavancas de press\u00e3o que travam no lugar.<br \/>\nNossa barraca pop-up 5 \u00d7 5 de n\u00edvel comercial \u00e9 uma maneira conveniente de configurar rapidamente um espa\u00e7o sombreado para trabalhar ou se divertir em segundos. Quer esteja a gerir um neg\u00f3cio ou apenas \u00e0 procura de uma forma conveniente de desfrutar do ar livre, esta tenda \u00e9 a escolha perfeita. Com sua estrutura de alum\u00ednio dur\u00e1vel e design f\u00e1cil de montar, \u00e9 o complemento perfeito para qualquer evento ou reuni\u00e3o ao ar livre.<\/p>\n<div style=\"width: 1280px;\" class=\"wp-video\"><!--[if lt IE 9]><script>document.createElement('video');<\/script><![endif]--><br \/>\n<video class=\"wp-video-shortcode\" id=\"video-921-1\" width=\"1280\" height=\"720\" loop autoplay preload=\"auto\" controls=\"controls\"><source type=\"video\/mp4\" src=\"http:\/\/cmykprinted.com\/wp-content\/uploads\/2022\/12\/10x20ft-Pop-Up-Canopies.mp4?_=1\" \/><a href=\"http:\/\/cmykprinted.com\/wp-content\/uploads\/2022\/12\/10x20ft-Pop-Up-Canopies.mp4\">http:\/\/cmykprinted.com\/wp-content\/uploads\/2022\/12\/10x20ft-Pop-Up-Canopies.mp4<\/a><\/video><\/div>","protected":false},"featured_media":922,"template":"","meta":{"_kad_post_transparent":"default","_kad_post_title":"hide","_kad_post_layout":"fullwidth","_kad_post_sidebar_id":"","_kad_post_content_style":"unboxed","_kad_post_vertical_padding":"hide","_kad_post_feature":"hide","_kad_post_feature_position":"","_kad_post_header":false,"_kad_post_footer":false},"product_cat":[68,74,78],"product_tag":[257,259,258,260],"class_list":{"0":"post-921","1":"product","2":"type-product","3":"status-publish","4":"has-post-thumbnail","6":"product_cat-custom-canopy-tents","7":"product_cat-50mm-heavy-duty-hexagon-aluminum-tents","8":"product_cat-5x5ft-custom-pop-up-canopies-50mm-heavy-duty-hexagon-aluminum-tents-custom-canopy-tents","9":"product_tag-5-x-5-pop-up-tent","10":"product_tag-indoor-canopy-tent","11":"product_tag-outdoor-canopy-tent","12":"product_tag-promotional-pop-up-tent","14":"first","15":"instock","16":"shipping-taxable","17":"product-type-simple","18":"entry","19":"content-bg","20":"loop-entry"},"_links":{"self":[{"href":"https:\/\/cmykprinted.com\/pt\/wp-json\/wp\/v2\/product\/921","targetHints":{"allow":["GET"]}}],"collection":[{"href":"https:\/\/cmykprinted.com\/pt\/wp-json\/wp\/v2\/product"}],"about":[{"href":"https:\/\/cmykprinted.com\/pt\/wp-json\/wp\/v2\/types\/product"}],"version-history":[{"count":2,"href":"https:\/\/cmykprinted.com\/pt\/wp-json\/wp\/v2\/product\/921\/revisions"}],"predecessor-version":[{"id":929,"href":"https:\/\/cmykprinted.com\/pt\/wp-json\/wp\/v2\/product\/921\/revisions\/929"}],"wp:featuredmedia":[{"embeddable":true,"href":"https:\/\/cmykprinted.com\/pt\/wp-json\/wp\/v2\/media\/922"}],"wp:attachment":[{"href":"https:\/\/cmykprinted.com\/pt\/wp-json\/wp\/v2\/media?parent=921"}],"wp:term":[{"taxonomy":"product_cat","embeddable":true,"href":"https:\/\/cmykprinted.com\/pt\/wp-json\/wp\/v2\/product_cat?post=921"},{"taxonomy":"product_tag","embeddable":true,"href":"https:\/\/cmykprinted.com\/pt\/wp-json\/wp\/v2\/product_tag?post=921"}],"curies":[{"name":"wp","href":"https:\/\/api.w.org\/{rel}","templated":true}]}}