{"id":930,"date":"2023-01-15T04:21:00","date_gmt":"2023-01-15T04:21:00","guid":{"rendered":"https:\/\/cmykprinted.com\/?post_type=product&#038;p=930"},"modified":"2023-01-15T05:50:05","modified_gmt":"2023-01-15T05:50:05","slug":"cheapest-personalized-custom-printed-handheld-stick-flag","status":"publish","type":"product","link":"https:\/\/cmykprinted.com\/pt\/produto\/cheapest-personalized-custom-printed-handheld-stick-flag\/","title":{"rendered":"Bandeira port\u00e1til impressa personalizada mais barata"},"content":{"rendered":"","protected":false},"excerpt":{"rendered":"<p>Bandeira de m\u00e3o \u00e9 uma maneira econ\u00f4mica e visualmente atraente de mostrar seus eventos ou promo\u00e7\u00f5es. Ao personaliz\u00e1-los como nossas bandeiras personalizadas regulares, mas com um tamanho menor que \u00e9 f\u00e1cil de segurar, eles s\u00e3o o complemento perfeito para qualquer feira, jogo esportivo, desfile, confer\u00eancia ou evento. Estas bandeiras s\u00e3o feitas de tecido de poli\u00e9ster dur\u00e1vel e s\u00e3o impressas com sublima\u00e7\u00e3o de tinta, o que garante que as cores sejam vivas e fortes. As bandeiras s\u00e3o finalizadas com um passador de pl\u00e1stico ou madeira, e cada bandeira \u00e9 presa ao bast\u00e3o por meio de uma manga de bandeira, o que garante que a bandeira permane\u00e7a firme no lugar. Esteja voc\u00ea promovendo um neg\u00f3cio, uma causa ou um evento especial, essas bandeiras s\u00e3o uma \u00f3tima maneira de divulgar sua mensagem.<\/p>","protected":false},"featured_media":931,"template":"","meta":{"_kad_post_transparent":"default","_kad_post_title":"hide","_kad_post_layout":"fullwidth","_kad_post_sidebar_id":"","_kad_post_content_style":"unboxed","_kad_post_vertical_padding":"hide","_kad_post_feature":"hide","_kad_post_feature_position":"","_kad_post_header":false,"_kad_post_footer":false},"product_cat":[79],"product_tag":[263,262,154,261],"class_list":{"0":"post-930","1":"product","2":"type-product","3":"status-publish","4":"has-post-thumbnail","6":"product_cat-custom-flags","7":"product_tag-cheapest-stick-flag","8":"product_tag-custom-stick-flag","9":"product_tag-handheld-stick-flag","10":"product_tag-personalized-stick-flag","12":"first","13":"instock","14":"shipping-taxable","15":"product-type-simple","16":"entry","17":"content-bg","18":"loop-entry"},"_links":{"self":[{"href":"https:\/\/cmykprinted.com\/pt\/wp-json\/wp\/v2\/product\/930","targetHints":{"allow":["GET"]}}],"collection":[{"href":"https:\/\/cmykprinted.com\/pt\/wp-json\/wp\/v2\/product"}],"about":[{"href":"https:\/\/cmykprinted.com\/pt\/wp-json\/wp\/v2\/types\/product"}],"version-history":[{"count":2,"href":"https:\/\/cmykprinted.com\/pt\/wp-json\/wp\/v2\/product\/930\/revisions"}],"predecessor-version":[{"id":937,"href":"https:\/\/cmykprinted.com\/pt\/wp-json\/wp\/v2\/product\/930\/revisions\/937"}],"wp:featuredmedia":[{"embeddable":true,"href":"https:\/\/cmykprinted.com\/pt\/wp-json\/wp\/v2\/media\/931"}],"wp:attachment":[{"href":"https:\/\/cmykprinted.com\/pt\/wp-json\/wp\/v2\/media?parent=930"}],"wp:term":[{"taxonomy":"product_cat","embeddable":true,"href":"https:\/\/cmykprinted.com\/pt\/wp-json\/wp\/v2\/product_cat?post=930"},{"taxonomy":"product_tag","embeddable":true,"href":"https:\/\/cmykprinted.com\/pt\/wp-json\/wp\/v2\/product_tag?post=930"}],"curies":[{"name":"wp","href":"https:\/\/api.w.org\/{rel}","templated":true}]}}