{"id":938,"date":"2023-01-15T14:03:34","date_gmt":"2023-01-15T14:03:34","guid":{"rendered":"https:\/\/cmykprinted.com\/?post_type=product&#038;p=938"},"modified":"2023-01-15T14:14:31","modified_gmt":"2023-01-15T14:14:31","slug":"trade-show-fitted-custom-stretch-table-cover-tablecloth","status":"publish","type":"product","link":"https:\/\/cmykprinted.com\/pt\/produto\/trade-show-fitted-custom-stretch-table-cover-tablecloth\/","title":{"rendered":"Toalha de mesa el\u00e1stica personalizada para feiras de neg\u00f3cios"},"content":{"rendered":"","protected":false},"excerpt":{"rendered":"<p>Organizar um evento de neg\u00f3cios pode ser desafiador, pois voc\u00ea deseja causar uma boa impress\u00e3o em clientes novos e existentes. As nossas capas de mesa extens\u00edveis s\u00e3o uma excelente solu\u00e7\u00e3o para decorar o seu stand e promover o seu neg\u00f3cio. Nossa sele\u00e7\u00e3o de elegantes capas de elastano s\u00e3o econ\u00f4micas e podem ser usadas para melhorar a apar\u00eancia de suas mesas. Feito de tecido el\u00e1stico dur\u00e1vel de 180 GSM, nossas capas s\u00e3o resistentes a rasgos e podem ser reutilizadas para v\u00e1rios eventos. Com nossa tecnologia de impress\u00e3o colorida de 1440 DPI, os gr\u00e1ficos nas capas s\u00e3o v\u00edvidos e n\u00edtidos, com certeza chamando a aten\u00e7\u00e3o dos participantes. Nossas capas est\u00e3o dispon\u00edveis em dois estilos: com z\u00edper e 3 lados, ambas f\u00e1ceis de instalar e permanecer seguras no lugar. As toalhas de mesa el\u00e1sticas de elastano s\u00e3o vers\u00e1teis e econ\u00f4micas, tornando-as perfeitas para qualquer tipo de evento, como festas de fim de ano, feiras e muito mais.<\/p>","protected":false},"featured_media":939,"template":"","meta":{"_kad_post_transparent":"default","_kad_post_title":"hide","_kad_post_layout":"fullwidth","_kad_post_sidebar_id":"","_kad_post_content_style":"unboxed","_kad_post_vertical_padding":"hide","_kad_post_feature":"hide","_kad_post_feature_position":"","_kad_post_header":false,"_kad_post_footer":false},"product_cat":[80,81],"product_tag":[117,265,264,266],"class_list":{"0":"post-938","1":"product","2":"type-product","3":"status-publish","4":"has-post-thumbnail","6":"product_cat-custom-tablecloth","7":"product_cat-custom-stretch-tablecloth","8":"product_tag-custom-stretch-tablecloth","9":"product_tag-fitted-tablecloth","10":"product_tag-stretch-table-cover","11":"product_tag-trade-show-table-cover","13":"first","14":"instock","15":"shipping-taxable","16":"product-type-simple","17":"entry","18":"content-bg","19":"loop-entry"},"_links":{"self":[{"href":"https:\/\/cmykprinted.com\/pt\/wp-json\/wp\/v2\/product\/938","targetHints":{"allow":["GET"]}}],"collection":[{"href":"https:\/\/cmykprinted.com\/pt\/wp-json\/wp\/v2\/product"}],"about":[{"href":"https:\/\/cmykprinted.com\/pt\/wp-json\/wp\/v2\/types\/product"}],"version-history":[{"count":3,"href":"https:\/\/cmykprinted.com\/pt\/wp-json\/wp\/v2\/product\/938\/revisions"}],"predecessor-version":[{"id":947,"href":"https:\/\/cmykprinted.com\/pt\/wp-json\/wp\/v2\/product\/938\/revisions\/947"}],"wp:featuredmedia":[{"embeddable":true,"href":"https:\/\/cmykprinted.com\/pt\/wp-json\/wp\/v2\/media\/939"}],"wp:attachment":[{"href":"https:\/\/cmykprinted.com\/pt\/wp-json\/wp\/v2\/media?parent=938"}],"wp:term":[{"taxonomy":"product_cat","embeddable":true,"href":"https:\/\/cmykprinted.com\/pt\/wp-json\/wp\/v2\/product_cat?post=938"},{"taxonomy":"product_tag","embeddable":true,"href":"https:\/\/cmykprinted.com\/pt\/wp-json\/wp\/v2\/product_tag?post=938"}],"curies":[{"name":"wp","href":"https:\/\/api.w.org\/{rel}","templated":true}]}}