{"id":956,"date":"2023-02-08T03:23:59","date_gmt":"2023-02-08T03:23:59","guid":{"rendered":"https:\/\/cmykprinted.com\/?post_type=product&#038;p=956"},"modified":"2023-02-08T03:36:40","modified_gmt":"2023-02-08T03:36:40","slug":"double-side-printed-folding-horizontal-pop-up-banner-stand","status":"publish","type":"product","link":"https:\/\/cmykprinted.com\/pt\/produto\/double-side-printed-folding-horizontal-pop-up-banner-stand\/","title":{"rendered":"Suporte de banner pop-up horizontal dobr\u00e1vel com impress\u00e3o dupla face"},"content":{"rendered":"","protected":false},"excerpt":{"rendered":"<p>O estande de banner pop-up horizontal \u00e9 uma solu\u00e7\u00e3o vers\u00e1til e conveniente para eventos internos e externos. Leves e port\u00e1teis, esses banners A-frame oferecem visibilidade instant\u00e2nea e s\u00e3o f\u00e1ceis de configurar em segundos. Eles s\u00e3o ideais para eventos esportivos, feiras, promo\u00e7\u00f5es e sinaliza\u00e7\u00e3o direcional. Com uma estrutura de metal dobr\u00e1vel que se fecha em uma bolsa de armazenamento, eles s\u00e3o seguros para uso em campos esportivos e f\u00e1ceis de transportar. Os banners est\u00e3o dispon\u00edveis em v\u00e1rias formas e tamanhos, incluindo horizontal, vertical, circular e triangular, e s\u00e3o dupla face para exposi\u00e7\u00e3o m\u00e1xima. Imagens diferentes podem ser exibidas em cada lado ou a mesma imagem pode ser usada. Os banners v\u00eam com estacas de solo para superf\u00edcies macias ou podem ser pesados em superf\u00edcies duras.<\/p>\n<div style=\"width: 1290px;\" class=\"wp-video\"><!--[if lt IE 9]><script>document.createElement('video');<\/script><![endif]--><br \/>\n<video class=\"wp-video-shortcode\" id=\"video-956-1\" width=\"1290\" height=\"726\" loop autoplay preload=\"auto\" controls=\"controls\"><source type=\"video\/mp4\" src=\"http:\/\/cmykprinted.com\/wp-content\/uploads\/2022\/12\/horizontal-pop-up-banners.mp4?_=1\" \/><a href=\"http:\/\/cmykprinted.com\/wp-content\/uploads\/2022\/12\/horizontal-pop-up-banners.mp4\">http:\/\/cmykprinted.com\/wp-content\/uploads\/2022\/12\/horizontal-pop-up-banners.mp4<\/a><\/video><\/div>\n<p>&nbsp;<\/p>","protected":false},"featured_media":957,"template":"","meta":{"_kad_post_transparent":"default","_kad_post_title":"hide","_kad_post_layout":"fullwidth","_kad_post_sidebar_id":"","_kad_post_content_style":"unboxed","_kad_post_vertical_padding":"hide","_kad_post_feature":"hide","_kad_post_feature_position":"","_kad_post_header":false,"_kad_post_footer":false},"product_cat":[92,94],"product_tag":[272,271,270,273],"class_list":{"0":"post-956","1":"product","2":"type-product","3":"status-publish","4":"has-post-thumbnail","6":"product_cat-pop-up-banners","7":"product_cat-horizontal-pop-up-banners","8":"product_tag-folding-horizontal-pop-up-banner","9":"product_tag-horizontal-pop-up-banner","10":"product_tag-horizontal-pop-up-banner-stand","11":"product_tag-printed-horizontal-pop-up-banner","13":"first","14":"instock","15":"shipping-taxable","16":"product-type-simple","17":"entry","18":"content-bg","19":"loop-entry"},"_links":{"self":[{"href":"https:\/\/cmykprinted.com\/pt\/wp-json\/wp\/v2\/product\/956","targetHints":{"allow":["GET"]}}],"collection":[{"href":"https:\/\/cmykprinted.com\/pt\/wp-json\/wp\/v2\/product"}],"about":[{"href":"https:\/\/cmykprinted.com\/pt\/wp-json\/wp\/v2\/types\/product"}],"version-history":[{"count":2,"href":"https:\/\/cmykprinted.com\/pt\/wp-json\/wp\/v2\/product\/956\/revisions"}],"predecessor-version":[{"id":964,"href":"https:\/\/cmykprinted.com\/pt\/wp-json\/wp\/v2\/product\/956\/revisions\/964"}],"wp:featuredmedia":[{"embeddable":true,"href":"https:\/\/cmykprinted.com\/pt\/wp-json\/wp\/v2\/media\/957"}],"wp:attachment":[{"href":"https:\/\/cmykprinted.com\/pt\/wp-json\/wp\/v2\/media?parent=956"}],"wp:term":[{"taxonomy":"product_cat","embeddable":true,"href":"https:\/\/cmykprinted.com\/pt\/wp-json\/wp\/v2\/product_cat?post=956"},{"taxonomy":"product_tag","embeddable":true,"href":"https:\/\/cmykprinted.com\/pt\/wp-json\/wp\/v2\/product_tag?post=956"}],"curies":[{"name":"wp","href":"https:\/\/api.w.org\/{rel}","templated":true}]}}