{"id":965,"date":"2023-02-08T04:50:30","date_gmt":"2023-02-08T04:50:30","guid":{"rendered":"https:\/\/cmykprinted.com\/?post_type=product&#038;p=965"},"modified":"2023-02-08T05:02:02","modified_gmt":"2023-02-08T05:02:02","slug":"straight-tension-fabric-backdrop-media-wall-for-events","status":"publish","type":"product","link":"https:\/\/cmykprinted.com\/pt\/produto\/straight-tension-fabric-backdrop-media-wall-for-events\/","title":{"rendered":"Fundo de tecido de tens\u00e3o reta para parede de m\u00eddia para eventos"},"content":{"rendered":"","protected":false},"excerpt":{"rendered":"<p>Nosso pano de fundo de tecido de tens\u00e3o reta mais vendido \u00e9 vers\u00e1til e ideal para v\u00e1rias aplica\u00e7\u00f5es, como fundo de est\u00fadio, pano de fundo de palco, cabine de fotos, confer\u00eancia de imprensa, cerim\u00f4nia de premia\u00e7\u00e3o e tapete vermelho. Com a op\u00e7\u00e3o de apresentar dois designs, voc\u00ea obt\u00e9m valor m\u00e1ximo e transporte f\u00e1cil. Feito de poli\u00e9ster 100% dur\u00e1vel e flex\u00edvel lav\u00e1vel \u00e0 m\u00e1quina, nosso processo de impress\u00e3o de tecido personalizado garante que o design permane\u00e7a vibrante mesmo ap\u00f3s v\u00e1rias lavagens e em qualquer clima. Nossa impress\u00e3o usa solventes biodegrad\u00e1veis totalmente naturais e ecossolventes para um processo mais seguro e menos agressivo. A estrutura de alum\u00ednio leve e resistente suporta o tecido e vem com tubos de trava de press\u00e3o para f\u00e1cil configura\u00e7\u00e3o sem ferramentas. O suporte \u00e9 ajust\u00e1vel ao tamanho desejado e vem com um estojo r\u00edgido port\u00e1til. O frete \u00e9 gr\u00e1tis e leva de 4 a 5 dias \u00fateis.<\/p>\n<div style=\"width: 1290px;\" class=\"wp-video\"><!--[if lt IE 9]><script>document.createElement('video');<\/script><![endif]--><br \/>\n<video class=\"wp-video-shortcode\" id=\"video-965-1\" width=\"1290\" height=\"726\" loop autoplay preload=\"metadata\" controls=\"controls\"><source type=\"video\/mp4\" src=\"http:\/\/cmykprinted.com\/wp-content\/uploads\/2023\/02\/Straight-Tension-Fabric-Backdrop.mp4?_=1\" \/><a href=\"http:\/\/cmykprinted.com\/wp-content\/uploads\/2023\/02\/Straight-Tension-Fabric-Backdrop.mp4\">http:\/\/cmykprinted.com\/wp-content\/uploads\/2023\/02\/Straight-Tension-Fabric-Backdrop.mp4<\/a><\/video><\/div>","protected":false},"featured_media":966,"template":"","meta":{"_kad_post_transparent":"default","_kad_post_title":"hide","_kad_post_layout":"fullwidth","_kad_post_sidebar_id":"","_kad_post_content_style":"unboxed","_kad_post_vertical_padding":"hide","_kad_post_feature":"hide","_kad_post_feature_position":"","_kad_post_header":false,"_kad_post_footer":false},"product_cat":[97,100],"product_tag":[274,196,197,198],"class_list":{"0":"post-965","1":"product","2":"type-product","3":"status-publish","4":"has-post-thumbnail","6":"product_cat-tension-fabric-displays","7":"product_cat-straight-tension-fabric-backdrop","8":"product_tag-events-media-wall","9":"product_tag-straight-tension-fabric-backdrop","10":"product_tag-tension-fabric-backdrop","11":"product_tag-tension-fabric-media-wall","13":"first","14":"instock","15":"shipping-taxable","16":"product-type-simple","17":"entry","18":"content-bg","19":"loop-entry"},"_links":{"self":[{"href":"https:\/\/cmykprinted.com\/pt\/wp-json\/wp\/v2\/product\/965","targetHints":{"allow":["GET"]}}],"collection":[{"href":"https:\/\/cmykprinted.com\/pt\/wp-json\/wp\/v2\/product"}],"about":[{"href":"https:\/\/cmykprinted.com\/pt\/wp-json\/wp\/v2\/types\/product"}],"version-history":[{"count":2,"href":"https:\/\/cmykprinted.com\/pt\/wp-json\/wp\/v2\/product\/965\/revisions"}],"predecessor-version":[{"id":975,"href":"https:\/\/cmykprinted.com\/pt\/wp-json\/wp\/v2\/product\/965\/revisions\/975"}],"wp:featuredmedia":[{"embeddable":true,"href":"https:\/\/cmykprinted.com\/pt\/wp-json\/wp\/v2\/media\/966"}],"wp:attachment":[{"href":"https:\/\/cmykprinted.com\/pt\/wp-json\/wp\/v2\/media?parent=965"}],"wp:term":[{"taxonomy":"product_cat","embeddable":true,"href":"https:\/\/cmykprinted.com\/pt\/wp-json\/wp\/v2\/product_cat?post=965"},{"taxonomy":"product_tag","embeddable":true,"href":"https:\/\/cmykprinted.com\/pt\/wp-json\/wp\/v2\/product_tag?post=965"}],"curies":[{"name":"wp","href":"https:\/\/api.w.org\/{rel}","templated":true}]}}