{"id":984,"date":"2023-02-11T03:57:42","date_gmt":"2023-02-11T03:57:42","guid":{"rendered":"https:\/\/cmykprinted.com\/?post_type=product&#038;p=984"},"modified":"2023-02-11T04:04:18","modified_gmt":"2023-02-11T04:04:18","slug":"10x15ft-50mm-hexagonal-pop-up-canopy-tent-aluminum-frame","status":"publish","type":"product","link":"https:\/\/cmykprinted.com\/pt\/produto\/10x15ft-50mm-hexagonal-pop-up-canopy-tent-aluminum-frame\/","title":{"rendered":"Tenda com cobertura hexagonal pop-up de 10 x 15 p\u00e9s e 50 mm, estrutura de alum\u00ednio"},"content":{"rendered":"","protected":false},"excerpt":{"rendered":"<p>Um dossel pop-up hexagonal de 50 mm com uma estrutura de alum\u00ednio \u00e9 perfeito para destacar seu dossel em uma banca de mercado ou feira comercial. O quadro possui especifica\u00e7\u00f5es impressionantes, incluindo uma perna externa de alum\u00ednio hexagonal com tamanho de 50x50mm e espessura de 1,8mm. Ele tamb\u00e9m tem cinco posi\u00e7\u00f5es de altura com um intervalo de 7,5 cm e \u00e9 forte e est\u00e1vel para uso prolongado.<br \/>\nA montagem e desmontagem da capota \u00e9 r\u00e1pida e f\u00e1cil, gra\u00e7as \u00e0 sua estrutura de alum\u00ednio rebat\u00edvel e \u00e0 aus\u00eancia de pe\u00e7as soltas. Os ajustes de perna de altern\u00e2ncia de bot\u00e3o e os pinos de puxar grandes e f\u00e1ceis de agarrar nos cantos superiores facilitam a configura\u00e7\u00e3o e a desmontagem sem a necessidade de ferramentas.<br \/>\nO pacote inclui a estrutura de alum\u00ednio do dossel pop-up comercial e pode ser montado e desmontado por uma ou duas pessoas em minutos, sem ferramentas. Ele vem com garantia de 1 ano e fornecimento vital\u00edcio de acess\u00f3rios e pe\u00e7as. Se voc\u00ea precisar de um trabalho personalizado, sinta-se \u00e0 vontade para entrar em contato conosco. Garantimos a satisfa\u00e7\u00e3o do 100% e trabalharemos para resolver quaisquer problemas que voc\u00ea possa ter.<br \/>\nEste dossel \u00e9 adequado para uma variedade de eventos ao ar livre, incluindo festas, feiras, esportes, piqueniques, churrascos e muito mais. Pode ser usado em \u00e1reas comerciais, praias, playgrounds, quintais, jardins, fazendas e outros ambientes externos, bem como ambientes internos como grandes gin\u00e1sios. Com qualidade de ponta, voc\u00ea pode ter certeza de sua longevidade e durabilidade. Se voc\u00ea tiver alguma preocupa\u00e7\u00e3o com a qualidade no primeiro ano, n\u00e3o hesite em entrar em contato conosco. Nossa garantia de satisfa\u00e7\u00e3o 100% garante que trabalharemos para resolver quaisquer problemas que voc\u00ea possa ter.<\/p>\n<div style=\"width: 1280px;\" class=\"wp-video\"><!--[if lt IE 9]><script>document.createElement('video');<\/script><![endif]--><br \/>\n<video class=\"wp-video-shortcode\" id=\"video-984-1\" width=\"1280\" height=\"720\" loop autoplay preload=\"auto\" controls=\"controls\"><source type=\"video\/mp4\" src=\"http:\/\/cmykprinted.com\/wp-content\/uploads\/2022\/12\/10x15ft-Pop-up-Tent.mp4?_=1\" \/><a href=\"http:\/\/cmykprinted.com\/wp-content\/uploads\/2022\/12\/10x15ft-Pop-up-Tent.mp4\">http:\/\/cmykprinted.com\/wp-content\/uploads\/2022\/12\/10x15ft-Pop-up-Tent.mp4<\/a><\/video><\/div>","protected":false},"featured_media":985,"template":"","meta":{"_kad_post_transparent":"default","_kad_post_title":"hide","_kad_post_layout":"fullwidth","_kad_post_sidebar_id":"","_kad_post_content_style":"unboxed","_kad_post_vertical_padding":"hide","_kad_post_feature":"hide","_kad_post_feature_position":"","_kad_post_header":false,"_kad_post_footer":false},"product_cat":[68,76,74],"product_tag":[279,282,281,280],"class_list":{"0":"post-984","1":"product","2":"type-product","3":"status-publish","4":"has-post-thumbnail","6":"product_cat-custom-canopy-tents","7":"product_cat-10x15ft-pop-up-tents-50mm-heavy-duty-hexagon-aluminum-tents-custom-canopy-tents","8":"product_cat-50mm-heavy-duty-hexagon-aluminum-tents","9":"product_tag-10x15ft-hexagonal-pop-up-canopy-tent","10":"product_tag-50mm-hexagonal-pop-up-canopy","11":"product_tag-aluminum-frame-pop-up-canopy-tent","12":"product_tag-hexagonal-pop-up-canopy-tent","14":"first","15":"instock","16":"shipping-taxable","17":"product-type-simple","18":"entry","19":"content-bg","20":"loop-entry"},"_links":{"self":[{"href":"https:\/\/cmykprinted.com\/pt\/wp-json\/wp\/v2\/product\/984","targetHints":{"allow":["GET"]}}],"collection":[{"href":"https:\/\/cmykprinted.com\/pt\/wp-json\/wp\/v2\/product"}],"about":[{"href":"https:\/\/cmykprinted.com\/pt\/wp-json\/wp\/v2\/types\/product"}],"version-history":[{"count":2,"href":"https:\/\/cmykprinted.com\/pt\/wp-json\/wp\/v2\/product\/984\/revisions"}],"predecessor-version":[{"id":992,"href":"https:\/\/cmykprinted.com\/pt\/wp-json\/wp\/v2\/product\/984\/revisions\/992"}],"wp:featuredmedia":[{"embeddable":true,"href":"https:\/\/cmykprinted.com\/pt\/wp-json\/wp\/v2\/media\/985"}],"wp:attachment":[{"href":"https:\/\/cmykprinted.com\/pt\/wp-json\/wp\/v2\/media?parent=984"}],"wp:term":[{"taxonomy":"product_cat","embeddable":true,"href":"https:\/\/cmykprinted.com\/pt\/wp-json\/wp\/v2\/product_cat?post=984"},{"taxonomy":"product_tag","embeddable":true,"href":"https:\/\/cmykprinted.com\/pt\/wp-json\/wp\/v2\/product_tag?post=984"}],"curies":[{"name":"wp","href":"https:\/\/api.w.org\/{rel}","templated":true}]}}