{"id":1000,"date":"2023-02-12T10:41:09","date_gmt":"2023-02-12T10:41:09","guid":{"rendered":"https:\/\/cmykprinted.com\/?post_type=product&#038;p=1000"},"modified":"2023-02-12T10:46:25","modified_gmt":"2023-02-12T10:46:25","slug":"logo-printed-premium-full-color-trade-show-table-throw","status":"publish","type":"product","link":"https:\/\/cmykprinted.com\/sk_sk\/produkt\/logo-printed-premium-full-color-trade-show-table-throw\/","title":{"rendered":"Logo vytla\u010den\u00e9 Pr\u00e9miov\u00e9 plnofarebn\u00e9 vrhacie stoly na ve\u013etrhu"},"content":{"rendered":"","protected":false},"excerpt":{"rendered":"<p>V na\u0161ej spolo\u010dnosti sa venujeme poskytovaniu vysokokvalitn\u00fdch a cenovo dostupn\u00fdch ve\u013etr\u017en\u00fdch stolov\u00fdch hodov podnikom a organiz\u00e1ci\u00e1m v\u0161etk\u00fdch ve\u013ekost\u00ed. Ch\u00e1peme, \u017ee je d\u00f4le\u017eit\u00e9 urobi\u0165 siln\u00fd dojem na ve\u013etrhoch a v\u00fdstav\u00e1ch, a sme odhodlan\u00ed pom\u00e1ha\u0165 na\u0161im z\u00e1kazn\u00edkom, aby to urobili. N\u00e1\u0161 t\u00edm profesion\u00e1lnych tla\u010diarn\u00ed pou\u017e\u00edva \u00fapln\u00fd proces sublim\u00e1cie farbiva, aby sme zaistili, \u017ee na\u0161e hody na st\u00f4l bud\u00fa \u017eiv\u00e9, p\u00fatav\u00e9 a plne prisp\u00f4sobite\u013en\u00e9. \u010ci u\u017e potrebujete po\u0165ah na st\u00f4l na ve\u013etrh, obrus na \u0161peci\u00e1lnu v\u00fdstavu alebo ak\u00fdko\u013evek in\u00fd typ stola, m\u00e1me produkty, ktor\u00e9 potrebujete, r\u00fdchlos\u0165ou, ktor\u00fa po\u017eadujete.<br \/>\nNa\u0161a tov\u00e1re\u0148 pon\u00faka \u0161irok\u00fd sortiment premetov na ve\u013etrh, vr\u00e1tane stre\u010dov\u00fdch po\u0165ahov, 3 a 4-strann\u00fdch po\u0165ahov, be\u017ecov a mnoh\u00fdch \u010fal\u0161\u00edch. Pon\u00fakame dokonca aj stolov\u00e9 hody, ktor\u00e9 s\u00fa navrhnut\u00e9 tak, aby dop\u013a\u0148ali farebn\u00fa sch\u00e9mu va\u0161ej firmy alebo organiz\u00e1cie. A ak nem\u00e1te logo, nie je probl\u00e9m! M\u00f4\u017eeme v\u00e1m vytvori\u0165 vlastn\u00fd dizajn, ktor\u00fd pom\u00f4\u017ee propagova\u0165 va\u0161u zna\u010dku a pril\u00e1ka\u0165 nov\u00fdch z\u00e1kazn\u00edkov.<br \/>\nPon\u00fakame 24-hodinov\u00fa dobu obr\u00e1tky na v\u0161etky na\u0161e ve\u013etrhov\u00e9 stoly, \u010d\u00edm zais\u0165ujeme, \u017ee dostanete produkty, ktor\u00e9 potrebujete, ke\u010f ich potrebujete. A pre v\u00e4\u010d\u0161ie pohodlie odosielame v\u0161etky na\u0161e produkty nasleduj\u00faci pracovn\u00fd de\u0148 po zak\u00fapen\u00ed. \u010ci u\u017e teda potrebujete jeden st\u00f4l alebo ve\u013ek\u00fa objedn\u00e1vku na nadch\u00e1dzaj\u00facu udalos\u0165, m\u00e1me produkty a slu\u017eby, ktor\u00e9 potrebujete, aby ste uspeli.<\/p>","protected":false},"featured_media":1001,"template":"","meta":{"_kad_post_transparent":"default","_kad_post_title":"hide","_kad_post_layout":"fullwidth","_kad_post_sidebar_id":"","_kad_post_content_style":"unboxed","_kad_post_vertical_padding":"hide","_kad_post_feature":"hide","_kad_post_feature_position":"","_kad_post_header":false,"_kad_post_footer":false},"product_cat":[80,84],"product_tag":[218,216,217],"class_list":{"0":"post-1000","1":"product","2":"type-product","3":"status-publish","4":"has-post-thumbnail","6":"product_cat-custom-tablecloth","7":"product_cat-trade-show-table-throw","8":"product_tag-custom-table-throw","9":"product_tag-trade-show-table-throw","10":"product_tag-tradeshow-table-throw","12":"first","13":"instock","14":"shipping-taxable","15":"product-type-simple","16":"entry","17":"content-bg","18":"loop-entry"},"_links":{"self":[{"href":"https:\/\/cmykprinted.com\/sk_sk\/wp-json\/wp\/v2\/product\/1000","targetHints":{"allow":["GET"]}}],"collection":[{"href":"https:\/\/cmykprinted.com\/sk_sk\/wp-json\/wp\/v2\/product"}],"about":[{"href":"https:\/\/cmykprinted.com\/sk_sk\/wp-json\/wp\/v2\/types\/product"}],"version-history":[{"count":1,"href":"https:\/\/cmykprinted.com\/sk_sk\/wp-json\/wp\/v2\/product\/1000\/revisions"}],"predecessor-version":[{"id":1007,"href":"https:\/\/cmykprinted.com\/sk_sk\/wp-json\/wp\/v2\/product\/1000\/revisions\/1007"}],"wp:featuredmedia":[{"embeddable":true,"href":"https:\/\/cmykprinted.com\/sk_sk\/wp-json\/wp\/v2\/media\/1001"}],"wp:attachment":[{"href":"https:\/\/cmykprinted.com\/sk_sk\/wp-json\/wp\/v2\/media?parent=1000"}],"wp:term":[{"taxonomy":"product_cat","embeddable":true,"href":"https:\/\/cmykprinted.com\/sk_sk\/wp-json\/wp\/v2\/product_cat?post=1000"},{"taxonomy":"product_tag","embeddable":true,"href":"https:\/\/cmykprinted.com\/sk_sk\/wp-json\/wp\/v2\/product_tag?post=1000"}],"curies":[{"name":"wp","href":"https:\/\/api.w.org\/{rel}","templated":true}]}}