{"id":1008,"date":"2023-02-12T11:09:14","date_gmt":"2023-02-12T11:09:14","guid":{"rendered":"https:\/\/cmykprinted.com\/?post_type=product&#038;p=1008"},"modified":"2023-02-12T11:37:43","modified_gmt":"2023-02-12T11:37:43","slug":"premium-custom-printed-outdoor-polyester-fabric-mesh-banners","status":"publish","type":"product","link":"https:\/\/cmykprinted.com\/sk_sk\/produkt\/premium-custom-printed-outdoor-polyester-fabric-mesh-banners\/","title":{"rendered":"Pr\u00e9miov\u00e9 tla\u010den\u00e9 vonkaj\u0161ie transparenty z polyesterovej tkaniny zo sie\u0165oviny"},"content":{"rendered":"","protected":false},"excerpt":{"rendered":"<p>Vonkaj\u0161ie vinylov\u00e9 bannery s\u00fa n\u00e1kladovo efekt\u00edvnym a pohodln\u00fdm rie\u0161en\u00edm na sprostredkovanie va\u0161ej spr\u00e1vy. \u013dahko sa prepravuj\u00fa a nastavuj\u00fa, v\u010faka \u010domu s\u00fa ide\u00e1lne na akcie a p\u00e1rty, ktor\u00e9 sa konaj\u00fa vonku. N\u00e1\u0161 jednoduch\u00fd a cenovo dostupn\u00fd proces objedn\u00e1vania v\u00e1m umo\u017e\u0148uje r\u00fdchlo z\u00edska\u0165 vlastn\u00e9 vinylov\u00e9 bannery bez \u010dakania. Pr\u00e9miov\u00e1 13 oz. vinyl, ktor\u00fd pou\u017e\u00edvame, m\u00e1 hladk\u00fd povrch pre vysokokvalitn\u00fa tla\u010d a be\u017ene sa pou\u017e\u00edva na r\u00f4zne vonkaj\u0161ie reklamn\u00e9 \u00fa\u010dely, ako s\u00fa billboardy, obaly budov, vlajky udalost\u00ed, obchodn\u00e9 tabule a prehliadky.<\/p>\n<div style=\"width: 1290px;\" class=\"wp-video\"><!--[if lt IE 9]><script>document.createElement('video');<\/script><![endif]--><br \/>\n<video class=\"wp-video-shortcode\" id=\"video-1008-1\" width=\"1290\" height=\"726\" loop autoplay preload=\"auto\" controls=\"controls\"><source type=\"video\/mp4\" src=\"http:\/\/cmykprinted.com\/wp-content\/uploads\/2022\/12\/Fence-Mesh-Banners.mp4?_=1\" \/><a href=\"http:\/\/cmykprinted.com\/wp-content\/uploads\/2022\/12\/Fence-Mesh-Banners.mp4\">http:\/\/cmykprinted.com\/wp-content\/uploads\/2022\/12\/Fence-Mesh-Banners.mp4<\/a><\/video><\/div>\n<p>&nbsp;<\/p>","protected":false},"featured_media":1009,"template":"","meta":{"_kad_post_transparent":"default","_kad_post_title":"hide","_kad_post_layout":"fullwidth","_kad_post_sidebar_id":"","_kad_post_content_style":"unboxed","_kad_post_vertical_padding":"hide","_kad_post_feature":"hide","_kad_post_feature_position":"","_kad_post_header":false,"_kad_post_footer":false},"product_cat":[85,87,86],"product_tag":[289,288,287,122,290],"class_list":{"0":"post-1008","1":"product","2":"type-product","3":"status-publish","4":"has-post-thumbnail","6":"product_cat-outdoor-vinyl-banners","7":"product_cat-fabric-mesh-banners","8":"product_cat-fence-mesh-banners","9":"product_tag-custom-printed-mesh-banners","10":"product_tag-fabric-mesh-banners","11":"product_tag-outdoor-fabric-mesh-banners","12":"product_tag-outdoor-mesh-banners","13":"product_tag-polyester-fabric-mesh-banners","15":"first","16":"instock","17":"shipping-taxable","18":"product-type-simple","19":"entry","20":"content-bg","21":"loop-entry"},"_links":{"self":[{"href":"https:\/\/cmykprinted.com\/sk_sk\/wp-json\/wp\/v2\/product\/1008","targetHints":{"allow":["GET"]}}],"collection":[{"href":"https:\/\/cmykprinted.com\/sk_sk\/wp-json\/wp\/v2\/product"}],"about":[{"href":"https:\/\/cmykprinted.com\/sk_sk\/wp-json\/wp\/v2\/types\/product"}],"version-history":[{"count":1,"href":"https:\/\/cmykprinted.com\/sk_sk\/wp-json\/wp\/v2\/product\/1008\/revisions"}],"predecessor-version":[{"id":1015,"href":"https:\/\/cmykprinted.com\/sk_sk\/wp-json\/wp\/v2\/product\/1008\/revisions\/1015"}],"wp:featuredmedia":[{"embeddable":true,"href":"https:\/\/cmykprinted.com\/sk_sk\/wp-json\/wp\/v2\/media\/1009"}],"wp:attachment":[{"href":"https:\/\/cmykprinted.com\/sk_sk\/wp-json\/wp\/v2\/media?parent=1008"}],"wp:term":[{"taxonomy":"product_cat","embeddable":true,"href":"https:\/\/cmykprinted.com\/sk_sk\/wp-json\/wp\/v2\/product_cat?post=1008"},{"taxonomy":"product_tag","embeddable":true,"href":"https:\/\/cmykprinted.com\/sk_sk\/wp-json\/wp\/v2\/product_tag?post=1008"}],"curies":[{"name":"wp","href":"https:\/\/api.w.org\/{rel}","templated":true}]}}