{"id":1016,"date":"2023-02-12T14:30:04","date_gmt":"2023-02-12T14:30:04","guid":{"rendered":"https:\/\/cmykprinted.com\/?post_type=product&#038;p=1016"},"modified":"2023-02-12T14:40:07","modified_gmt":"2023-02-12T14:40:07","slug":"personalized-triangle-pop-up-banners-a-frame-stand-display","status":"publish","type":"product","link":"https:\/\/cmykprinted.com\/sk_sk\/produkt\/personalized-triangle-pop-up-banners-a-frame-stand-display\/","title":{"rendered":"Personalizovan\u00e9 trojuholn\u00edkov\u00e9 vyskakovacie bannery A-Frame stojanov\u00fd displej"},"content":{"rendered":"","protected":false},"excerpt":{"rendered":"<p>Trojuholn\u00edkov\u00e9 vyskakovacie bannery s\u00fa dokonal\u00fdm rie\u0161en\u00edm pre \u0161t\u00fdlov\u00fa a efekt\u00edvnu propag\u00e1ciu va\u0161ej zna\u010dky alebo podnikania. V\u010faka dizajnu, ktor\u00fd umo\u017e\u0148uje jednoduch\u00e9 nastavenie a demont\u00e1\u017e, s\u00fa tieto bannery ide\u00e1lne na obchodn\u00e9 v\u00fdstavy, podujatia a konferencie. S\u00fa vyroben\u00e9 z \u013eahkej a odolnej brosky\u0148ovej tkaniny a dod\u00e1vaj\u00fa sa s praktickou ta\u0161kou na skladovanie a prepravu.<br \/>\nNielen\u017ee sa pohodlne pou\u017e\u00edvaj\u00fa, ale zaru\u010dene up\u00fataj\u00fa pozornos\u0165 va\u0161ej cie\u013eovej skupiny. \u010ci u\u017e ide o uvedenie nov\u00e9ho produktu na trh, v\u00fdpredaj alebo nadch\u00e1dzaj\u00facu udalos\u0165, tieto bannery up\u00fataj\u00fa z\u00e1ujem a vytvoria trval\u00fd vplyv. M\u00f4\u017eu by\u0165 pou\u017eit\u00e9 v interi\u00e9ri alebo exteri\u00e9ri a \u013eahko sa montuj\u00fa pomocou ich pru\u017einov\u00e9ho kovu a kol\u00edkov.<br \/>\nPozdvihnite svoju firemn\u00fa reklamu pomocou vyskakovacieho bannera s trojuholn\u00edkom. Komplexn\u00e1 in\u0161tala\u010dn\u00e1 pr\u00edru\u010dka v\u00e1m poskytuje v\u0161etky potrebn\u00e9 n\u00e1stroje na jednoduch\u00e9 nastavenie a odstr\u00e1nenie bannera. Investujte do pop-up bannera e\u0161te dnes a urobte odv\u00e1\u017ene vyhl\u00e1senie na va\u0161ej \u010fal\u0161ej akcii alebo konferencii.<\/p>\n<div style=\"width: 1280px;\" class=\"wp-video\"><!--[if lt IE 9]><script>document.createElement('video');<\/script><![endif]--><br \/>\n<video class=\"wp-video-shortcode\" id=\"video-1016-1\" width=\"1280\" height=\"720\" loop autoplay preload=\"metadata\" controls=\"controls\"><source type=\"video\/mp4\" src=\"http:\/\/cmykprinted.com\/wp-content\/uploads\/2022\/12\/Triangle-Pop-Up-Banners.mp4?_=1\" \/><a href=\"http:\/\/cmykprinted.com\/wp-content\/uploads\/2022\/12\/Triangle-Pop-Up-Banners.mp4\">http:\/\/cmykprinted.com\/wp-content\/uploads\/2022\/12\/Triangle-Pop-Up-Banners.mp4<\/a><\/video><\/div>","protected":false},"featured_media":1017,"template":"","meta":{"_kad_post_transparent":"default","_kad_post_title":"hide","_kad_post_layout":"fullwidth","_kad_post_sidebar_id":"","_kad_post_content_style":"unboxed","_kad_post_vertical_padding":"hide","_kad_post_feature":"hide","_kad_post_feature_position":"","_kad_post_header":false,"_kad_post_footer":false},"product_cat":[92,95],"product_tag":[292,293,166,291],"class_list":{"0":"post-1016","1":"product","2":"type-product","3":"status-publish","4":"has-post-thumbnail","6":"product_cat-pop-up-banners","7":"product_cat-triangle-pop-up-banners","8":"product_tag-a-frame-stand-display","9":"product_tag-personalized-pop-up-banners","10":"product_tag-pop-up-banners","11":"product_tag-triangle-pop-up-banners","13":"first","14":"instock","15":"shipping-taxable","16":"product-type-simple","17":"entry","18":"content-bg","19":"loop-entry"},"_links":{"self":[{"href":"https:\/\/cmykprinted.com\/sk_sk\/wp-json\/wp\/v2\/product\/1016","targetHints":{"allow":["GET"]}}],"collection":[{"href":"https:\/\/cmykprinted.com\/sk_sk\/wp-json\/wp\/v2\/product"}],"about":[{"href":"https:\/\/cmykprinted.com\/sk_sk\/wp-json\/wp\/v2\/types\/product"}],"version-history":[{"count":2,"href":"https:\/\/cmykprinted.com\/sk_sk\/wp-json\/wp\/v2\/product\/1016\/revisions"}],"predecessor-version":[{"id":1024,"href":"https:\/\/cmykprinted.com\/sk_sk\/wp-json\/wp\/v2\/product\/1016\/revisions\/1024"}],"wp:featuredmedia":[{"embeddable":true,"href":"https:\/\/cmykprinted.com\/sk_sk\/wp-json\/wp\/v2\/media\/1017"}],"wp:attachment":[{"href":"https:\/\/cmykprinted.com\/sk_sk\/wp-json\/wp\/v2\/media?parent=1016"}],"wp:term":[{"taxonomy":"product_cat","embeddable":true,"href":"https:\/\/cmykprinted.com\/sk_sk\/wp-json\/wp\/v2\/product_cat?post=1016"},{"taxonomy":"product_tag","embeddable":true,"href":"https:\/\/cmykprinted.com\/sk_sk\/wp-json\/wp\/v2\/product_tag?post=1016"}],"curies":[{"name":"wp","href":"https:\/\/api.w.org\/{rel}","templated":true}]}}