{"id":1025,"date":"2023-02-12T15:07:24","date_gmt":"2023-02-12T15:07:24","guid":{"rendered":"https:\/\/cmykprinted.com\/?post_type=product&#038;p=1025"},"modified":"2023-02-12T15:13:19","modified_gmt":"2023-02-12T15:13:19","slug":"exhibition-curved-tension-fabric-pop-up-displays-with-frame","status":"publish","type":"product","link":"https:\/\/cmykprinted.com\/sk_sk\/produkt\/exhibition-curved-tension-fabric-pop-up-displays-with-frame\/","title":{"rendered":"V\u00fdstavn\u00e9 zakriven\u00e9 nap\u00ednacie tkaniny Pop-Up displeje s r\u00e1mom"},"content":{"rendered":"","protected":false},"excerpt":{"rendered":"<p>Zakriven\u00fd textiln\u00fd stojan je vynikaj\u00facou mo\u017enos\u0165ou na vytvorenie vizu\u00e1lne n\u00e1padn\u00e9ho displeja. Je vybaven\u00fd jedin\u00fdm obrazom s vysok\u00fdm rozl\u00ed\u0161en\u00edm bez ak\u00fdchko\u013evek vidite\u013en\u00fdch spojovac\u00edch \u010diar. Mont\u00e1\u017e je jednoduch\u00e1 \u2013 jednoducho zopnite dohromady \u013eahk\u00fd hlin\u00edkov\u00fd r\u00e1m a natiahnite na\u0148 potla\u010den\u00fa l\u00e1tku. Ke\u010f ho prestanete pou\u017e\u00edva\u0165, jednoducho ho zlo\u017e\u00edte, zlo\u017e\u00edte a ulo\u017e\u00edte do prenosn\u00e9ho kufr\u00edka pre \u013eahk\u00fa prepravu. Tieto stojany s\u00fa ove\u013ea pohodlnej\u0161ie na skladovanie a prepravu v porovnan\u00ed s tradi\u010dn\u00fdmi v\u00fdsuvn\u00fdmi v\u00fdstavn\u00fdmi stojanmi. Okrem toho, \u017ee s\u00fa ob\u013e\u00fabenou vo\u013ebou pre konferencie a podujatia, vytv\u00e1raj\u00fa aj vynikaj\u00face fotografick\u00e9 kulisy a pozadie na javisko. L\u00e1tka je \u0161tandardne obojstranne potla\u010den\u00e1, v\u010faka \u010domu z\u00edskate viac priestoru pre va\u0161e spr\u00e1vy. Je tie\u017e jednoduch\u00e9 vytla\u010di\u0165 alternat\u00edvne obaly pre r\u00f4zne udalosti.<\/p>","protected":false},"featured_media":1026,"template":"","meta":{"_kad_post_transparent":"default","_kad_post_title":"hide","_kad_post_layout":"fullwidth","_kad_post_sidebar_id":"","_kad_post_content_style":"unboxed","_kad_post_vertical_padding":"hide","_kad_post_feature":"hide","_kad_post_feature_position":"","_kad_post_header":false,"_kad_post_footer":false},"product_cat":[97,98],"product_tag":[168,296,295,294,134],"class_list":{"0":"post-1025","1":"product","2":"type-product","3":"status-publish","4":"has-post-thumbnail","6":"product_cat-tension-fabric-displays","7":"product_cat-curved-tension-fabric-pop-up-displays","8":"product_tag-curved-tension-fabric-pop-up-displays","9":"product_tag-fabric-pop-up-curved-displays","10":"product_tag-fabric-pop-up-display","11":"product_tag-fabric-pop-up-displays","12":"product_tag-tension-fabric-displays","14":"first","15":"instock","16":"shipping-taxable","17":"product-type-simple","18":"entry","19":"content-bg","20":"loop-entry"},"_links":{"self":[{"href":"https:\/\/cmykprinted.com\/sk_sk\/wp-json\/wp\/v2\/product\/1025","targetHints":{"allow":["GET"]}}],"collection":[{"href":"https:\/\/cmykprinted.com\/sk_sk\/wp-json\/wp\/v2\/product"}],"about":[{"href":"https:\/\/cmykprinted.com\/sk_sk\/wp-json\/wp\/v2\/types\/product"}],"version-history":[{"count":1,"href":"https:\/\/cmykprinted.com\/sk_sk\/wp-json\/wp\/v2\/product\/1025\/revisions"}],"predecessor-version":[{"id":1032,"href":"https:\/\/cmykprinted.com\/sk_sk\/wp-json\/wp\/v2\/product\/1025\/revisions\/1032"}],"wp:featuredmedia":[{"embeddable":true,"href":"https:\/\/cmykprinted.com\/sk_sk\/wp-json\/wp\/v2\/media\/1026"}],"wp:attachment":[{"href":"https:\/\/cmykprinted.com\/sk_sk\/wp-json\/wp\/v2\/media?parent=1025"}],"wp:term":[{"taxonomy":"product_cat","embeddable":true,"href":"https:\/\/cmykprinted.com\/sk_sk\/wp-json\/wp\/v2\/product_cat?post=1025"},{"taxonomy":"product_tag","embeddable":true,"href":"https:\/\/cmykprinted.com\/sk_sk\/wp-json\/wp\/v2\/product_tag?post=1025"}],"curies":[{"name":"wp","href":"https:\/\/api.w.org\/{rel}","templated":true}]}}