{"id":1043,"date":"2023-02-13T04:54:51","date_gmt":"2023-02-13T04:54:51","guid":{"rendered":"https:\/\/cmykprinted.com\/?post_type=product&#038;p=1043"},"modified":"2023-02-13T05:02:42","modified_gmt":"2023-02-13T05:02:42","slug":"personalized-teardrop-banner-flags-with-full-color-printing","status":"publish","type":"product","link":"https:\/\/cmykprinted.com\/sk_sk\/produkt\/personalized-teardrop-banner-flags-with-full-color-printing\/","title":{"rendered":"Prisp\u00f4soben\u00e9 bannerov\u00e9 vlajky slza s plnofarebnou potla\u010dou"},"content":{"rendered":"","protected":false},"excerpt":{"rendered":"<p>Vlajky v tvare slzy, be\u017ene ozna\u010dovan\u00e9 ako kvapkov\u00e9 bannery alebo pierkov\u00e9 vlajky, s\u00fa ve\u013ek\u00e9 vlajky v tvare slzy pou\u017e\u00edvan\u00e9 na reklamn\u00e9 a marketingov\u00e9 \u00fa\u010dely. Vyzna\u010duj\u00fa sa vlastn\u00fdm dizajnom vyroben\u00fdm procesom sublim\u00e1cie farbiva, ktor\u00fd vedie k jasnej a vysokokvalitnej grafike. Vlajky s\u00fa upevnen\u00e9 na pru\u017enej, \u013eahkej ty\u010di z hlin\u00edka a sklolamin\u00e1tu, ktor\u00e1 dr\u017e\u00ed vlajku napnut\u00fa aj vo veternom po\u010das\u00ed. Palicu je mo\u017en\u00e9 umiestni\u0165 do zeme alebo na stojan, pod\u013ea potrieb a preferenci\u00ed u\u017e\u00edvate\u013ea.<br \/>\nVyvesenie vlajo\u010dky slzy pred va\u0161ou firmou m\u00f4\u017ee by\u0165 efekt\u00edvnym sp\u00f4sobom, ako up\u00fata\u0165 pozornos\u0165 potenci\u00e1lnych z\u00e1kazn\u00edkov a okoloid\u00facich. Tieto vlajky up\u00fataj\u00fa pozornos\u0165 a m\u00f4\u017eu efekt\u00edvne propagova\u0165 va\u0161u firmu a jej ponuky. S\u00fa tie\u017e v\u0161estrann\u00e9 a mo\u017eno ich pou\u017ei\u0165 v r\u00f4znych prostrediach, ako s\u00fa obchodn\u00e9 v\u00fdstavy, vonkaj\u0161ie akcie a v\u00fdklady. V\u00fdberom vlastn\u00e9ho dizajnu, ktor\u00fd presne reprezentuje zna\u010dku a posolstvo va\u0161ej firmy, m\u00f4\u017eete efekt\u00edvne sprostredkova\u0165 svoje posolstvo a urobi\u0165 trval\u00fd dojem na va\u0161u cie\u013eov\u00fa skupinu.<\/p>\n<div style=\"width: 1280px;\" class=\"wp-video\"><!--[if lt IE 9]><script>document.createElement('video');<\/script><![endif]--><br \/>\n<video class=\"wp-video-shortcode\" id=\"video-1043-1\" width=\"1280\" height=\"720\" loop autoplay preload=\"metadata\" controls=\"controls\"><source type=\"video\/mp4\" src=\"http:\/\/cmykprinted.com\/wp-content\/uploads\/2022\/12\/Beach-Teardrop-Flags-Banner.mp4?_=1\" \/><a href=\"http:\/\/cmykprinted.com\/wp-content\/uploads\/2022\/12\/Beach-Teardrop-Flags-Banner.mp4\">http:\/\/cmykprinted.com\/wp-content\/uploads\/2022\/12\/Beach-Teardrop-Flags-Banner.mp4<\/a><\/video><\/div>","protected":false},"featured_media":1044,"template":"","meta":{"_kad_post_transparent":"default","_kad_post_title":"hide","_kad_post_layout":"fullwidth","_kad_post_sidebar_id":"","_kad_post_content_style":"unboxed","_kad_post_vertical_padding":"hide","_kad_post_feature":"hide","_kad_post_feature_position":"","_kad_post_header":false,"_kad_post_footer":false},"product_cat":[64,67],"product_tag":[255,301,302,303,178],"class_list":{"0":"post-1043","1":"product","2":"type-product","3":"status-publish","4":"has-post-thumbnail","6":"product_cat-beach-flags","7":"product_cat-teardrop-flags-banners","8":"product_tag-personalized-teardrop-flags","9":"product_tag-teardrop-banner-flags","10":"product_tag-teardrop-banners","11":"product_tag-teardrop-flag-banners","12":"product_tag-teardrop-flags","14":"first","15":"instock","16":"shipping-taxable","17":"product-type-simple","18":"entry","19":"content-bg","20":"loop-entry"},"_links":{"self":[{"href":"https:\/\/cmykprinted.com\/sk_sk\/wp-json\/wp\/v2\/product\/1043","targetHints":{"allow":["GET"]}}],"collection":[{"href":"https:\/\/cmykprinted.com\/sk_sk\/wp-json\/wp\/v2\/product"}],"about":[{"href":"https:\/\/cmykprinted.com\/sk_sk\/wp-json\/wp\/v2\/types\/product"}],"version-history":[{"count":2,"href":"https:\/\/cmykprinted.com\/sk_sk\/wp-json\/wp\/v2\/product\/1043\/revisions"}],"predecessor-version":[{"id":1051,"href":"https:\/\/cmykprinted.com\/sk_sk\/wp-json\/wp\/v2\/product\/1043\/revisions\/1051"}],"wp:featuredmedia":[{"embeddable":true,"href":"https:\/\/cmykprinted.com\/sk_sk\/wp-json\/wp\/v2\/media\/1044"}],"wp:attachment":[{"href":"https:\/\/cmykprinted.com\/sk_sk\/wp-json\/wp\/v2\/media?parent=1043"}],"wp:term":[{"taxonomy":"product_cat","embeddable":true,"href":"https:\/\/cmykprinted.com\/sk_sk\/wp-json\/wp\/v2\/product_cat?post=1043"},{"taxonomy":"product_tag","embeddable":true,"href":"https:\/\/cmykprinted.com\/sk_sk\/wp-json\/wp\/v2\/product_tag?post=1043"}],"curies":[{"name":"wp","href":"https:\/\/api.w.org\/{rel}","templated":true}]}}