{"id":1052,"date":"2023-02-13T07:20:10","date_gmt":"2023-02-13T07:20:10","guid":{"rendered":"https:\/\/cmykprinted.com\/?post_type=product&#038;p=1052"},"modified":"2023-02-13T07:26:04","modified_gmt":"2023-02-13T07:26:04","slug":"50mm-hexagonal-aluminum-10x20ft-pop-up-canopies-tents","status":"publish","type":"product","link":"https:\/\/cmykprinted.com\/sk_sk\/produkt\/50mm-hexagonal-aluminum-10x20ft-pop-up-canopies-tents\/","title":{"rendered":"50 mm \u0161es\u0165hrann\u00e9 hlin\u00edkov\u00e9 stany s v\u00fdsuvn\u00fdmi baldach\u00fdnmi 10 x 20 st\u00f4p"},"content":{"rendered":"","protected":false},"excerpt":{"rendered":"<p>10 x 20 st\u00f4p vys\u00favacia strie\u0161ka s hlin\u00edkov\u00fdm r\u00e1mom je ide\u00e1lnou vo\u013ebou na vyjadrenie na st\u00e1nku na trhu alebo na ve\u013etrhu. R\u00e1m je navrhnut\u00fd tak, aby zaujal svojou \u0161es\u0165hrannou hlin\u00edkovou vonkaj\u0161ou nohou s rozmermi 50 x 50 mm a hr\u00fabkou 1,8 mm. S piatimi v\u00fd\u0161kov\u00fdmi polohami v 7,5 cm intervaloch pon\u00faka stabilitu pre dlhodob\u00e9 pou\u017e\u00edvanie.<br \/>\nNastavenie a rozlo\u017eenie vrchl\u00edka je jednoduch\u00e9 v\u010faka skladaciemu hlin\u00edkov\u00e9mu r\u00e1mu a absencii vo\u013en\u00fdch \u010dast\u00ed. V\u010faka prep\u00ednaniu no\u017ei\u010diek tla\u010didlom a nadmern\u00fdm s\u0165ahovac\u00edm kol\u00edkom v horn\u00fdch rohoch je nastavenie hra\u010dkou bez potreby ak\u00e9hoko\u013evek n\u00e1radia. Balenie obsahuje komer\u010dn\u00fd hlin\u00edkov\u00fd r\u00e1m v\u00fdsuvnej strie\u0161ky a m\u00f4\u017ee by\u0165 jednoducho zostaven\u00fd jednou alebo dvoma \u013eu\u010fmi v priebehu nieko\u013ek\u00fdch min\u00fat, bez ak\u00e9hoko\u013evek n\u00e1radia.<br \/>\nNa tento baldach\u00fdn sa vz\u0165ahuje 1-ro\u010dn\u00e1 z\u00e1ruka a do\u017eivotn\u00e1 dod\u00e1vka pr\u00edslu\u0161enstva a dielov. Ak potrebujete z\u00e1kazkov\u00fa pr\u00e1cu, sme tu, aby sme v\u00e1m pomohli. Garantujeme spokojnos\u0165 100% a budeme pracova\u0165 na vyrie\u0161en\u00ed ak\u00fdchko\u013evek probl\u00e9mov, ktor\u00e9 m\u00f4\u017eete ma\u0165.<br \/>\nTento v\u0161estrann\u00fd baldach\u00fdn je vhodn\u00fd pre \u0161irok\u00fa \u0161k\u00e1lu vonkaj\u0161\u00edch podujat\u00ed, ako s\u00fa ve\u010dierky, obchodn\u00e9 v\u00fdstavy, \u0161port, pikniky, grilovanie a \u010fal\u0161ie. M\u00f4\u017ee by\u0165 tie\u017e pou\u017eit\u00fd v komer\u010dn\u00fdch priestoroch, na pl\u00e1\u017each, ihrisk\u00e1ch, dvoroch, z\u00e1hrad\u00e1ch, farm\u00e1ch a in\u00fdch vonkaj\u0161\u00edch prostrediach, ako aj vo vn\u00fatorn\u00fdch priestoroch, ako s\u00fa ve\u013ek\u00e9 telocvi\u010dne. V\u010faka jeho \u0161pi\u010dkovej kvalite si m\u00f4\u017eete by\u0165 ist\u00ed jeho dlhou \u017eivotnos\u0165ou a odolnos\u0165ou. Ak m\u00e1te nejak\u00e9 probl\u00e9my s kvalitou po\u010das prv\u00e9ho roka, jednoducho n\u00e1s kontaktujte. Na\u0161a z\u00e1ruka spokojnosti 100% zaru\u010duje, \u017ee budeme pracova\u0165 na vyrie\u0161en\u00ed ak\u00fdchko\u013evek probl\u00e9mov, ktor\u00e9 m\u00f4\u017eete ma\u0165.<\/p>\n<div style=\"width: 1280px;\" class=\"wp-video\"><!--[if lt IE 9]><script>document.createElement('video');<\/script><![endif]--><br \/>\n<video class=\"wp-video-shortcode\" id=\"video-1052-1\" width=\"1280\" height=\"720\" loop autoplay preload=\"auto\" controls=\"controls\"><source type=\"video\/mp4\" src=\"http:\/\/cmykprinted.com\/wp-content\/uploads\/2022\/12\/10x15ft-Pop-up-Tent.mp4?_=1\" \/><a href=\"http:\/\/cmykprinted.com\/wp-content\/uploads\/2022\/12\/10x15ft-Pop-up-Tent.mp4\">http:\/\/cmykprinted.com\/wp-content\/uploads\/2022\/12\/10x15ft-Pop-up-Tent.mp4<\/a><\/video><\/div>","protected":false},"featured_media":1053,"template":"","meta":{"_kad_post_transparent":"default","_kad_post_title":"hide","_kad_post_layout":"fullwidth","_kad_post_sidebar_id":"","_kad_post_content_style":"unboxed","_kad_post_vertical_padding":"hide","_kad_post_feature":"hide","_kad_post_feature_position":"","_kad_post_header":false,"_kad_post_footer":false},"product_cat":[68,77,74],"product_tag":[279,208,282,306,305,281,304,280],"class_list":{"0":"post-1052","1":"product","2":"type-product","3":"status-publish","4":"has-post-thumbnail","6":"product_cat-custom-canopy-tents","7":"product_cat-10x20ft-pop-up-canopies-50mm-heavy-duty-hexagon-aluminum-tents-custom-canopy-tents","8":"product_cat-50mm-heavy-duty-hexagon-aluminum-tents","9":"product_tag-10x15ft-hexagonal-pop-up-canopy-tent","10":"product_tag-10x20ft-pop-up-canopies","11":"product_tag-50mm-hexagonal-pop-up-canopy","12":"product_tag-50mm-hexagonal-pop-up-canopies","13":"product_tag-aluminum-canopies-pop-up-canopies","14":"product_tag-aluminum-frame-pop-up-canopy-tent","15":"product_tag-hexagonal-aluminum-canopies","16":"product_tag-hexagonal-pop-up-canopy-tent","18":"first","19":"instock","20":"shipping-taxable","21":"product-type-simple","22":"entry","23":"content-bg","24":"loop-entry"},"_links":{"self":[{"href":"https:\/\/cmykprinted.com\/sk_sk\/wp-json\/wp\/v2\/product\/1052","targetHints":{"allow":["GET"]}}],"collection":[{"href":"https:\/\/cmykprinted.com\/sk_sk\/wp-json\/wp\/v2\/product"}],"about":[{"href":"https:\/\/cmykprinted.com\/sk_sk\/wp-json\/wp\/v2\/types\/product"}],"version-history":[{"count":2,"href":"https:\/\/cmykprinted.com\/sk_sk\/wp-json\/wp\/v2\/product\/1052\/revisions"}],"predecessor-version":[{"id":1059,"href":"https:\/\/cmykprinted.com\/sk_sk\/wp-json\/wp\/v2\/product\/1052\/revisions\/1059"}],"wp:featuredmedia":[{"embeddable":true,"href":"https:\/\/cmykprinted.com\/sk_sk\/wp-json\/wp\/v2\/media\/1053"}],"wp:attachment":[{"href":"https:\/\/cmykprinted.com\/sk_sk\/wp-json\/wp\/v2\/media?parent=1052"}],"wp:term":[{"taxonomy":"product_cat","embeddable":true,"href":"https:\/\/cmykprinted.com\/sk_sk\/wp-json\/wp\/v2\/product_cat?post=1052"},{"taxonomy":"product_tag","embeddable":true,"href":"https:\/\/cmykprinted.com\/sk_sk\/wp-json\/wp\/v2\/product_tag?post=1052"}],"curies":[{"name":"wp","href":"https:\/\/api.w.org\/{rel}","templated":true}]}}