{"id":1060,"date":"2023-02-13T07:46:21","date_gmt":"2023-02-13T07:46:21","guid":{"rendered":"https:\/\/cmykprinted.com\/?post_type=product&#038;p=1060"},"modified":"2023-02-13T07:55:50","modified_gmt":"2023-02-13T07:55:50","slug":"custom-printed-exhibit-fitted-table-cover-fitted-tablecloth","status":"publish","type":"product","link":"https:\/\/cmykprinted.com\/sk_sk\/produkt\/custom-printed-exhibit-fitted-table-cover-fitted-tablecloth\/","title":{"rendered":"Vlastn\u00e1 tla\u010den\u00e1 v\u00fdstava Prisp\u00f4soben\u00e1 prikr\u00fdvka na st\u00f4l Prisp\u00f4soben\u00e1 obrus"},"content":{"rendered":"","protected":false},"excerpt":{"rendered":"<p>Namontovan\u00fd po\u0165ah na st\u00f4l je navrhnut\u00fd s presnos\u0165ou, aby sa zmestil na obd\u013a\u017enikov\u00e9 stoly s rozmermi 72 palcov na d\u013a\u017eku, 30 palcov na \u0161\u00edrku a 30 palcov na v\u00fd\u0161ku, \u010di u\u017e ide o skladac\u00ed alebo banketov\u00fd st\u00f4l. Tento v\u0161estrann\u00fd obd\u013a\u017enikov\u00fd obrus je ide\u00e1lny pre udalosti, ako s\u00fa svadby, narodeniny, sprchy, sk\u00fa\u0161ky ve\u010dere a dokonca aj rodinn\u00e9 stretnutia. Tento 6 palcov\u00fd spandexov\u00fd obrus vyroben\u00fd z prvotriedneho stre\u010dov\u00e9ho polyesteru je vyroben\u00fd tak, aby vydr\u017eal a m\u00f4\u017ee sa pochv\u00e1li\u0165 odolnou kon\u0161trukciou, ktor\u00e1 je odoln\u00e1 vo\u010di vr\u00e1skam a \u0161kvrn\u00e1m. Okrem toho je mo\u017en\u00e9 tento obrus viackr\u00e1t pra\u0165, \u010do z neho rob\u00ed cenovo v\u00fdhodn\u00fa mo\u017enos\u0165 pre organiz\u00e1torov podujat\u00ed alebo majite\u013eov domov. Pozdvihnite prestieranie pomocou \u0161t\u00fdlov\u00e9ho a praktick\u00e9ho doplnku na\u0161ej spandexovej prikr\u00fdvky na st\u00f4l, ktor\u00e1 je vhodn\u00e1 na form\u00e1lne aj neform\u00e1lne udalosti.<\/p>\n<div style=\"width: 1290px;\" class=\"wp-video\"><!--[if lt IE 9]><script>document.createElement('video');<\/script><![endif]--><br \/>\n<video class=\"wp-video-shortcode\" id=\"video-1060-1\" width=\"1290\" height=\"726\" loop autoplay preload=\"auto\" controls=\"controls\"><source type=\"video\/mp4\" src=\"http:\/\/cmykprinted.com\/wp-content\/uploads\/2023\/02\/Fitted-Table-Cover.mp4?_=1\" \/><a href=\"http:\/\/cmykprinted.com\/wp-content\/uploads\/2023\/02\/Fitted-Table-Cover.mp4\">http:\/\/cmykprinted.com\/wp-content\/uploads\/2023\/02\/Fitted-Table-Cover.mp4<\/a><\/video><\/div>","protected":false},"featured_media":1061,"template":"","meta":{"_kad_post_transparent":"default","_kad_post_title":"hide","_kad_post_layout":"fullwidth","_kad_post_sidebar_id":"","_kad_post_content_style":"unboxed","_kad_post_vertical_padding":"hide","_kad_post_feature":"hide","_kad_post_feature_position":"","_kad_post_header":false,"_kad_post_footer":false},"product_cat":[80,81,83],"product_tag":[157,307,308,185,265],"class_list":{"0":"post-1060","1":"product","2":"type-product","3":"status-publish","4":"has-post-thumbnail","6":"product_cat-custom-tablecloth","7":"product_cat-custom-stretch-tablecloth","8":"product_cat-fitted-table-cover","9":"product_tag-custom-table-cover","10":"product_tag-exhibit-table-cover","11":"product_tag-exhibit-table-tablecloth","12":"product_tag-fitted-table-cover","13":"product_tag-fitted-tablecloth","15":"first","16":"instock","17":"shipping-taxable","18":"product-type-simple","19":"entry","20":"content-bg","21":"loop-entry"},"_links":{"self":[{"href":"https:\/\/cmykprinted.com\/sk_sk\/wp-json\/wp\/v2\/product\/1060","targetHints":{"allow":["GET"]}}],"collection":[{"href":"https:\/\/cmykprinted.com\/sk_sk\/wp-json\/wp\/v2\/product"}],"about":[{"href":"https:\/\/cmykprinted.com\/sk_sk\/wp-json\/wp\/v2\/types\/product"}],"version-history":[{"count":1,"href":"https:\/\/cmykprinted.com\/sk_sk\/wp-json\/wp\/v2\/product\/1060\/revisions"}],"predecessor-version":[{"id":1068,"href":"https:\/\/cmykprinted.com\/sk_sk\/wp-json\/wp\/v2\/product\/1060\/revisions\/1068"}],"wp:featuredmedia":[{"embeddable":true,"href":"https:\/\/cmykprinted.com\/sk_sk\/wp-json\/wp\/v2\/media\/1061"}],"wp:attachment":[{"href":"https:\/\/cmykprinted.com\/sk_sk\/wp-json\/wp\/v2\/media?parent=1060"}],"wp:term":[{"taxonomy":"product_cat","embeddable":true,"href":"https:\/\/cmykprinted.com\/sk_sk\/wp-json\/wp\/v2\/product_cat?post=1060"},{"taxonomy":"product_tag","embeddable":true,"href":"https:\/\/cmykprinted.com\/sk_sk\/wp-json\/wp\/v2\/product_tag?post=1060"}],"curies":[{"name":"wp","href":"https:\/\/api.w.org\/{rel}","templated":true}]}}