{"id":1069,"date":"2023-02-13T13:14:04","date_gmt":"2023-02-13T13:14:04","guid":{"rendered":"https:\/\/cmykprinted.com\/?post_type=product&#038;p=1069"},"modified":"2023-02-13T13:33:15","modified_gmt":"2023-02-13T13:33:15","slug":"heavy-duty-premium-custom-pvc-banner-with-hanging-grommets","status":"publish","type":"product","link":"https:\/\/cmykprinted.com\/sk_sk\/produkt\/heavy-duty-premium-custom-pvc-banner-with-hanging-grommets\/","title":{"rendered":"Vysokov\u00fdkonn\u00fd pr\u00e9miov\u00fd z\u00e1kazkov\u00fd PVC banner so z\u00e1vesn\u00fdmi priechodkami"},"content":{"rendered":"","protected":false},"excerpt":{"rendered":"<p>Ak h\u013ead\u00e1te spo\u013eahliv\u00e9 a dlhotrvaj\u00face reklamn\u00e9 rie\u0161enie pre va\u0161e podnikanie, zv\u00e1\u017ete na\u0161e z\u00e1kazkov\u00e9 PVC bannery. Tieto bannery s\u00fa vyroben\u00e9 z odoln\u00e9ho PVC flex materi\u00e1lu a pon\u00fakaj\u00fa vynikaj\u00facu odolnos\u0165 a trvanlivos\u0165 vo\u010di drsn\u00fdm vonkaj\u0161\u00edm vplyvom, v\u010faka \u010domu s\u00fa ide\u00e1lne na vonkaj\u0161ie pou\u017eitie.<br \/>\n\u010ci u\u017e chcete propagova\u0165 podujatie, prezentova\u0165 svoje produkty alebo slu\u017eby, alebo jednoducho zdie\u013ea\u0165 d\u00f4le\u017eit\u00e9 inform\u00e1cie so svoj\u00edm publikom, na\u0161e z\u00e1kazkov\u00e9 PVC bannery s\u00fa efekt\u00edvnou a cenovo v\u00fdhodnou vo\u013ebou. Ich odoln\u00e1 povaha im umo\u017e\u0148uje odol\u00e1va\u0165 poveternostn\u00fdm vplyvom a poskytova\u0165 dlhodob\u00fa slu\u017ebu, tak\u017ee ich m\u00f4\u017eete v pr\u00edpade potreby znova pou\u017ei\u0165.<br \/>\nJednou z v\u00fdhod pou\u017e\u00edvania z\u00e1kazkov\u00fdch PVC bannerov je, \u017ee m\u00f4\u017eu pom\u00f4c\u0165 zn\u00ed\u017ei\u0165 va\u0161e celkov\u00e9 n\u00e1klady na reklamu. Ich trvanliv\u00fd a dlhotrvaj\u00faci charakter znamen\u00e1, \u017ee sa nebudete musie\u0165 stara\u0165 o \u010dast\u00e9 n\u00e1kupy alebo v\u00fdmeny, \u010do v\u00e1m z dlhodob\u00e9ho h\u013eadiska u\u0161etr\u00ed \u010das a peniaze a z\u00e1rove\u0148 zabezpe\u010d\u00ed, \u017ee va\u0161e bannery zostan\u00fa v \u0161pi\u010dkovom stave a bud\u00fa na\u010falej efekt\u00edvne propagova\u0165 va\u0161u firmu.<br \/>\nZ\u00e1verom mo\u017eno poveda\u0165, \u017ee z\u00e1kazkov\u00e9 PVC bannery s\u00fa spo\u013eahlivou a cenovo v\u00fdhodnou mo\u017enos\u0165ou pre reklamu v\u00e1\u0161ho podnikania vonku. V\u010faka ich robustn\u00e9mu materi\u00e1lu a odolnej kon\u0161trukcii s\u00fa vhodn\u00e9 na dlhodob\u00e9 pou\u017e\u00edvanie, pom\u00f4\u017eu v\u00e1m dosiahnu\u0165 va\u0161e reklamn\u00e9 ciele a z\u00e1rove\u0148 u\u0161etri\u0165 peniaze.<\/p>\n<div style=\"width: 1280px;\" class=\"wp-video\"><!--[if lt IE 9]><script>document.createElement('video');<\/script><![endif]--><br \/>\n<video class=\"wp-video-shortcode\" id=\"video-1069-1\" width=\"1280\" height=\"720\" loop autoplay preload=\"metadata\" controls=\"controls\"><source type=\"video\/mp4\" src=\"http:\/\/cmykprinted.com\/wp-content\/uploads\/2022\/12\/PVC-Mesh-Banner.mp4?_=1\" \/><a href=\"http:\/\/cmykprinted.com\/wp-content\/uploads\/2022\/12\/PVC-Mesh-Banner.mp4\">http:\/\/cmykprinted.com\/wp-content\/uploads\/2022\/12\/PVC-Mesh-Banner.mp4<\/a><\/video><\/div>","protected":false},"featured_media":1070,"template":"","meta":{"_kad_post_transparent":"default","_kad_post_title":"hide","_kad_post_layout":"fullwidth","_kad_post_sidebar_id":"","_kad_post_content_style":"unboxed","_kad_post_vertical_padding":"hide","_kad_post_feature":"hide","_kad_post_feature_position":"","_kad_post_header":false,"_kad_post_footer":false},"product_cat":[85,90,91,89,88],"product_tag":[310,309,311,312],"class_list":{"0":"post-1069","1":"product","2":"type-product","3":"status-publish","4":"has-post-thumbnail","6":"product_cat-outdoor-vinyl-banners","7":"product_cat-glossy-pvc-banners","8":"product_cat-matte-vinyl-banners","9":"product_cat-pvc-banners","10":"product_cat-pvc-mesh-banners","11":"product_tag-banner-with-hanging-grommets","12":"product_tag-custom-pvc-banner","13":"product_tag-heavy-duty-pvc-banner","14":"product_tag-premium-pvc-banner","16":"first","17":"instock","18":"shipping-taxable","19":"product-type-simple","20":"entry","21":"content-bg","22":"loop-entry"},"_links":{"self":[{"href":"https:\/\/cmykprinted.com\/sk_sk\/wp-json\/wp\/v2\/product\/1069","targetHints":{"allow":["GET"]}}],"collection":[{"href":"https:\/\/cmykprinted.com\/sk_sk\/wp-json\/wp\/v2\/product"}],"about":[{"href":"https:\/\/cmykprinted.com\/sk_sk\/wp-json\/wp\/v2\/types\/product"}],"version-history":[{"count":2,"href":"https:\/\/cmykprinted.com\/sk_sk\/wp-json\/wp\/v2\/product\/1069\/revisions"}],"predecessor-version":[{"id":1077,"href":"https:\/\/cmykprinted.com\/sk_sk\/wp-json\/wp\/v2\/product\/1069\/revisions\/1077"}],"wp:featuredmedia":[{"embeddable":true,"href":"https:\/\/cmykprinted.com\/sk_sk\/wp-json\/wp\/v2\/media\/1070"}],"wp:attachment":[{"href":"https:\/\/cmykprinted.com\/sk_sk\/wp-json\/wp\/v2\/media?parent=1069"}],"wp:term":[{"taxonomy":"product_cat","embeddable":true,"href":"https:\/\/cmykprinted.com\/sk_sk\/wp-json\/wp\/v2\/product_cat?post=1069"},{"taxonomy":"product_tag","embeddable":true,"href":"https:\/\/cmykprinted.com\/sk_sk\/wp-json\/wp\/v2\/product_tag?post=1069"}],"curies":[{"name":"wp","href":"https:\/\/api.w.org\/{rel}","templated":true}]}}