{"id":1078,"date":"2023-02-13T14:09:55","date_gmt":"2023-02-13T14:09:55","guid":{"rendered":"https:\/\/cmykprinted.com\/?post_type=product&#038;p=1078"},"modified":"2023-02-13T14:16:32","modified_gmt":"2023-02-13T14:16:32","slug":"personalized-triangle-pop-out-banner-custom-pop-up-signs","status":"publish","type":"product","link":"https:\/\/cmykprinted.com\/sk_sk\/produkt\/personalized-triangle-pop-out-banner-custom-pop-up-signs\/","title":{"rendered":"Prisp\u00f4soben\u00e9 vyskakovacie n\u00e1pisy s trojuholn\u00edkom na z\u00e1kazku"},"content":{"rendered":"","protected":false},"excerpt":{"rendered":"<p>Trojuholn\u00edkov\u00e9 vyskakovacie bannery pon\u00fakaj\u00fa elegantn\u00fd a efekt\u00edvny sp\u00f4sob propag\u00e1cie va\u0161ej zna\u010dky alebo podnikania. Ich \u013eahko zostavite\u013en\u00fd dizajn vyroben\u00fd z \u013eahkej a odolnej brosky\u0148ovej tkaniny ich rob\u00ed ide\u00e1lnymi na obchodn\u00e9 v\u00fdstavy, podujatia a konferencie. S prilo\u017eenou ta\u0161kou na skladovanie a prepravu s\u00fa tieto bannery nielen pohodln\u00e9 na pou\u017e\u00edvanie, ale tie\u017e zaru\u010dene up\u00fataj\u00fa pozornos\u0165 zam\u00fd\u0161\u013ean\u00e9ho publika. \u010ci u\u017e ohlasujete nov\u00fd produkt, v\u00fdpredaj alebo nadch\u00e1dzaj\u00facu udalos\u0165, tieto bannery bud\u00fa ma\u0165 trval\u00fd vplyv v interi\u00e9ri aj exteri\u00e9ri v\u010faka pru\u017einovej kovovej oceli a kol\u00edkom.<br \/>\nPosu\u0148te svoju reklamu na vy\u0161\u0161iu \u00farove\u0148 s trojuholn\u00edkov\u00fdm vyskakovac\u00edm bannerom. Priama in\u0161tala\u010dn\u00e1 pr\u00edru\u010dka poskytuje v\u0161etky n\u00e1stroje, ktor\u00e9 potrebujete na jednoduch\u00e9 nastavenie a odstr\u00e1nenie bannera. Urobte vyhl\u00e1senie na va\u0161ej \u010fal\u0161ej udalosti alebo konferencii investovan\u00edm do vyskakovacieho bannera e\u0161te dnes.<\/p>\n<div style=\"width: 1280px;\" class=\"wp-video\"><!--[if lt IE 9]><script>document.createElement('video');<\/script><![endif]--><br \/>\n<video class=\"wp-video-shortcode\" id=\"video-1078-1\" width=\"1280\" height=\"720\" loop autoplay preload=\"metadata\" controls=\"controls\"><source type=\"video\/mp4\" src=\"http:\/\/cmykprinted.com\/wp-content\/uploads\/2022\/12\/Triangle-Pop-Up-Banners.mp4?_=1\" \/><a href=\"http:\/\/cmykprinted.com\/wp-content\/uploads\/2022\/12\/Triangle-Pop-Up-Banners.mp4\">http:\/\/cmykprinted.com\/wp-content\/uploads\/2022\/12\/Triangle-Pop-Up-Banners.mp4<\/a><\/video><\/div>","protected":false},"featured_media":1079,"template":"","meta":{"_kad_post_transparent":"default","_kad_post_title":"hide","_kad_post_layout":"fullwidth","_kad_post_sidebar_id":"","_kad_post_content_style":"unboxed","_kad_post_vertical_padding":"hide","_kad_post_feature":"hide","_kad_post_feature_position":"","_kad_post_header":false,"_kad_post_footer":false},"product_cat":[92,95],"product_tag":[314,315,313,316],"class_list":{"0":"post-1078","1":"product","2":"type-product","3":"status-publish","4":"has-post-thumbnail","6":"product_cat-pop-up-banners","7":"product_cat-triangle-pop-up-banners","8":"product_tag-custom-pop-up-signs","9":"product_tag-personalized-pop-up-signs","10":"product_tag-triangle-pop-out-banner","11":"product_tag-triangle-pop-up-signs","13":"first","14":"instock","15":"shipping-taxable","16":"product-type-simple","17":"entry","18":"content-bg","19":"loop-entry"},"_links":{"self":[{"href":"https:\/\/cmykprinted.com\/sk_sk\/wp-json\/wp\/v2\/product\/1078","targetHints":{"allow":["GET"]}}],"collection":[{"href":"https:\/\/cmykprinted.com\/sk_sk\/wp-json\/wp\/v2\/product"}],"about":[{"href":"https:\/\/cmykprinted.com\/sk_sk\/wp-json\/wp\/v2\/types\/product"}],"version-history":[{"count":2,"href":"https:\/\/cmykprinted.com\/sk_sk\/wp-json\/wp\/v2\/product\/1078\/revisions"}],"predecessor-version":[{"id":1086,"href":"https:\/\/cmykprinted.com\/sk_sk\/wp-json\/wp\/v2\/product\/1078\/revisions\/1086"}],"wp:featuredmedia":[{"embeddable":true,"href":"https:\/\/cmykprinted.com\/sk_sk\/wp-json\/wp\/v2\/media\/1079"}],"wp:attachment":[{"href":"https:\/\/cmykprinted.com\/sk_sk\/wp-json\/wp\/v2\/media?parent=1078"}],"wp:term":[{"taxonomy":"product_cat","embeddable":true,"href":"https:\/\/cmykprinted.com\/sk_sk\/wp-json\/wp\/v2\/product_cat?post=1078"},{"taxonomy":"product_tag","embeddable":true,"href":"https:\/\/cmykprinted.com\/sk_sk\/wp-json\/wp\/v2\/product_tag?post=1078"}],"curies":[{"name":"wp","href":"https:\/\/api.w.org\/{rel}","templated":true}]}}