{"id":1087,"date":"2023-02-13T14:33:36","date_gmt":"2023-02-13T14:33:36","guid":{"rendered":"https:\/\/cmykprinted.com\/?post_type=product&#038;p=1087"},"modified":"2023-02-13T14:45:30","modified_gmt":"2023-02-13T14:45:30","slug":"tension-fabric-displays-backdrops-for-trade-shows-and-events","status":"publish","type":"product","link":"https:\/\/cmykprinted.com\/sk_sk\/produkt\/tension-fabric-displays-backdrops-for-trade-shows-and-events\/","title":{"rendered":"Tension Fabric zobrazuje pozadia pre obchodn\u00e9 v\u00fdstavy a podujatia"},"content":{"rendered":"","protected":false},"excerpt":{"rendered":"<p>Displeje z nap\u00ednac\u00edch tkan\u00edn s\u00fa ob\u013e\u00fabenou vo\u013ebou pre ve\u013etrhy a \u0161peci\u00e1lne akcie, preto\u017ee s\u00fa \u013eahk\u00e9, \u013eahko sa nastavuj\u00fa a poskytuj\u00fa va\u0161ej zna\u010dke \u010dist\u00fd a modern\u00fd vzh\u013ead. Tieto displeje pou\u017e\u00edvaj\u00fa namontovan\u00fd l\u00e1tkov\u00fd kryt, ktor\u00fd je vytla\u010den\u00fd va\u0161\u00edm umeleck\u00fdm dielom, natiahnut\u00fdm cez \u013eahk\u00fd r\u00e1m, aby sa vytvorili r\u00f4zne konfigur\u00e1cie. Niektor\u00e9 be\u017en\u00e9 typy displejov z nap\u00ednacej tkaniny zah\u0155\u0148aj\u00fa stojany na bannery, vyskakovacie displeje a z\u00e1vesn\u00e9 bannery. Tieto syst\u00e9my pon\u00fakaj\u00fa \u0161irok\u00fa \u0161k\u00e1lu mo\u017enost\u00ed prisp\u00f4sobenia, aby vyhovovali va\u0161im jedine\u010dn\u00fdm marketingov\u00fdm potreb\u00e1m a daj\u00fa sa \u013eahko rozobra\u0165 a prepravi\u0165 na r\u00f4zne podujatia. Displeje z nap\u00ednacej l\u00e1tky m\u00f4\u017eu by\u0165 efekt\u00edvnym sp\u00f4sobom, ako prezentova\u0165 va\u0161u zna\u010dku a posolstvo profesion\u00e1lnym a vizu\u00e1lne pr\u00ed\u0165a\u017eliv\u00fdm sp\u00f4sobom.<\/p>\n<div style=\"width: 1290px;\" class=\"wp-video\"><!--[if lt IE 9]><script>document.createElement('video');<\/script><![endif]--><br \/>\n<video class=\"wp-video-shortcode\" id=\"video-1087-1\" width=\"1290\" height=\"726\" loop autoplay preload=\"auto\" controls=\"controls\"><source type=\"video\/mp4\" src=\"http:\/\/cmykprinted.com\/wp-content\/uploads\/2022\/12\/Tension-Fabric-Displays.mp4?_=1\" \/><a href=\"http:\/\/cmykprinted.com\/wp-content\/uploads\/2022\/12\/Tension-Fabric-Displays.mp4\">http:\/\/cmykprinted.com\/wp-content\/uploads\/2022\/12\/Tension-Fabric-Displays.mp4<\/a><\/video><\/div>\n<p>&nbsp;<\/p>","protected":false},"featured_media":1088,"template":"","meta":{"_kad_post_transparent":"default","_kad_post_title":"hide","_kad_post_layout":"fullwidth","_kad_post_sidebar_id":"","_kad_post_content_style":"unboxed","_kad_post_vertical_padding":"hide","_kad_post_feature":"hide","_kad_post_feature_position":"","_kad_post_header":false,"_kad_post_footer":false},"product_cat":[97,99],"product_tag":[320,317,134,318,319],"class_list":{"0":"post-1087","1":"product","2":"type-product","3":"status-publish","4":"has-post-thumbnail","6":"product_cat-tension-fabric-displays","7":"product_cat-custom-fabric-displays","8":"product_tag-events-fabric-displays","9":"product_tag-tension-fabric-backdrops","10":"product_tag-tension-fabric-displays","11":"product_tag-trade-shows-fabric-backdrops","12":"product_tag-trade-shows-fabric-displays","14":"first","15":"instock","16":"shipping-taxable","17":"product-type-simple","18":"entry","19":"content-bg","20":"loop-entry"},"_links":{"self":[{"href":"https:\/\/cmykprinted.com\/sk_sk\/wp-json\/wp\/v2\/product\/1087","targetHints":{"allow":["GET"]}}],"collection":[{"href":"https:\/\/cmykprinted.com\/sk_sk\/wp-json\/wp\/v2\/product"}],"about":[{"href":"https:\/\/cmykprinted.com\/sk_sk\/wp-json\/wp\/v2\/types\/product"}],"version-history":[{"count":1,"href":"https:\/\/cmykprinted.com\/sk_sk\/wp-json\/wp\/v2\/product\/1087\/revisions"}],"predecessor-version":[{"id":1094,"href":"https:\/\/cmykprinted.com\/sk_sk\/wp-json\/wp\/v2\/product\/1087\/revisions\/1094"}],"wp:featuredmedia":[{"embeddable":true,"href":"https:\/\/cmykprinted.com\/sk_sk\/wp-json\/wp\/v2\/media\/1088"}],"wp:attachment":[{"href":"https:\/\/cmykprinted.com\/sk_sk\/wp-json\/wp\/v2\/media?parent=1087"}],"wp:term":[{"taxonomy":"product_cat","embeddable":true,"href":"https:\/\/cmykprinted.com\/sk_sk\/wp-json\/wp\/v2\/product_cat?post=1087"},{"taxonomy":"product_tag","embeddable":true,"href":"https:\/\/cmykprinted.com\/sk_sk\/wp-json\/wp\/v2\/product_tag?post=1087"}],"curies":[{"name":"wp","href":"https:\/\/api.w.org\/{rel}","templated":true}]}}