{"id":1095,"date":"2023-02-13T15:30:16","date_gmt":"2023-02-13T15:30:16","guid":{"rendered":"https:\/\/cmykprinted.com\/?post_type=product&#038;p=1095"},"modified":"2023-02-13T15:34:49","modified_gmt":"2023-02-13T15:34:49","slug":"waterproof-custom-uv-3d-metal-transfer-stickers-labels","status":"publish","type":"product","link":"https:\/\/cmykprinted.com\/sk_sk\/produkt\/waterproof-custom-uv-3d-metal-transfer-stickers-labels\/","title":{"rendered":"Vodotesn\u00e9 vlastn\u00e9 UV 3D n\u00e1lepky na prenos kovov"},"content":{"rendered":"","protected":false},"excerpt":{"rendered":"<p>3D kovov\u00e9 transferov\u00e9 n\u00e1lepky pon\u00fakaj\u00fa jedine\u010dn\u00e9 a \u0161t\u00fdlov\u00e9 rie\u0161enie ozna\u010dovania, vyu\u017e\u00edvaj\u00face siln\u00fa niklov\u00fa f\u00f3liu na vytvorenie 3D efektu. Prebyto\u010dn\u00fd materi\u00e1l je z dizajnu orezan\u00fd, v\u00fdsledkom \u010doho je elegantn\u00fd a sofistikovan\u00fd vzh\u013ead so vzh\u013eadom \u201ebez \u0161t\u00edtku\u201c. N\u00e1lepky, ktor\u00e9 s\u00fa ide\u00e1lne pre pr\u00e9miov\u00e9 produkty alebo elektronick\u00fd obchod, sa vyr\u00e1baj\u00fa vytla\u010den\u00edm dizajnu na niklov\u00fa f\u00f3liu prostredn\u00edctvom \u0161pecializovan\u00e9ho procesu tla\u010de. Po odstr\u00e1nen\u00ed prebyto\u010dn\u00e9ho materi\u00e1lu s\u00fa vyv\u00fd\u0161en\u00e9 prvky pokryt\u00e9 lepiacou vrstvou, v\u010faka \u010domu s\u00fa vhodn\u00e9 na aplik\u00e1ciu na r\u00f4zne povrchy ako plast, kov a papier.<br \/>\nJednou z k\u013e\u00fa\u010dov\u00fdch v\u00fdhod t\u00fdchto 3D kovov\u00fdch prenosov\u00fdch n\u00e1lepiek je ich odolnos\u0165. Vyroben\u00e9 z niklu odoln\u00e9ho vo\u010di kor\u00f3zii, odol\u00e1vaj\u00fa opotrebovaniu a z\u00e1rove\u0148 si zachov\u00e1vaj\u00fa svoju kvalitu v priebehu \u010dasu. Okrem toho s\u00fa odoln\u00e9 vo\u010di vyblednutiu a zmene farby, \u010do zais\u0165uje dlhotrvaj\u00face rie\u0161enie na ozna\u010dovanie. 3D efekt t\u00fdchto n\u00e1lepiek tie\u017e dod\u00e1va pr\u00ed\u0165a\u017eliv\u00fd a v\u00fdrazn\u00fd n\u00e1dych v\u00e1\u0161mu obalu produktu alebo zna\u010dke.<\/p>\n<div style=\"width: 1280px;\" class=\"wp-video\"><!--[if lt IE 9]><script>document.createElement('video');<\/script><![endif]--><br \/>\n<video class=\"wp-video-shortcode\" id=\"video-1095-1\" width=\"1280\" height=\"720\" loop autoplay preload=\"metadata\" controls=\"controls\"><source type=\"video\/mp4\" src=\"http:\/\/cmykprinted.com\/wp-content\/uploads\/2022\/12\/Metal-Transfer-Sticker.mp4?_=1\" \/><a href=\"http:\/\/cmykprinted.com\/wp-content\/uploads\/2022\/12\/Metal-Transfer-Sticker.mp4\">http:\/\/cmykprinted.com\/wp-content\/uploads\/2022\/12\/Metal-Transfer-Sticker.mp4<\/a><\/video><\/div>\n<p>&nbsp;<\/p>","protected":false},"featured_media":1096,"template":"","meta":{"_kad_post_transparent":"default","_kad_post_title":"hide","_kad_post_layout":"fullwidth","_kad_post_sidebar_id":"","_kad_post_content_style":"unboxed","_kad_post_vertical_padding":"hide","_kad_post_feature":"hide","_kad_post_feature_position":"","_kad_post_header":false,"_kad_post_footer":false},"product_cat":[101,102],"product_tag":[299],"class_list":{"0":"post-1095","1":"product","2":"type-product","3":"status-publish","4":"has-post-thumbnail","6":"product_cat-transfer-stickers","7":"product_cat-metal-transfer-stickers","8":"product_tag-3d-metal-transfer-stickers","10":"first","11":"instock","12":"shipping-taxable","13":"product-type-simple","14":"entry","15":"content-bg","16":"loop-entry"},"_links":{"self":[{"href":"https:\/\/cmykprinted.com\/sk_sk\/wp-json\/wp\/v2\/product\/1095","targetHints":{"allow":["GET"]}}],"collection":[{"href":"https:\/\/cmykprinted.com\/sk_sk\/wp-json\/wp\/v2\/product"}],"about":[{"href":"https:\/\/cmykprinted.com\/sk_sk\/wp-json\/wp\/v2\/types\/product"}],"version-history":[{"count":2,"href":"https:\/\/cmykprinted.com\/sk_sk\/wp-json\/wp\/v2\/product\/1095\/revisions"}],"predecessor-version":[{"id":1103,"href":"https:\/\/cmykprinted.com\/sk_sk\/wp-json\/wp\/v2\/product\/1095\/revisions\/1103"}],"wp:featuredmedia":[{"embeddable":true,"href":"https:\/\/cmykprinted.com\/sk_sk\/wp-json\/wp\/v2\/media\/1096"}],"wp:attachment":[{"href":"https:\/\/cmykprinted.com\/sk_sk\/wp-json\/wp\/v2\/media?parent=1095"}],"wp:term":[{"taxonomy":"product_cat","embeddable":true,"href":"https:\/\/cmykprinted.com\/sk_sk\/wp-json\/wp\/v2\/product_cat?post=1095"},{"taxonomy":"product_tag","embeddable":true,"href":"https:\/\/cmykprinted.com\/sk_sk\/wp-json\/wp\/v2\/product_tag?post=1095"}],"curies":[{"name":"wp","href":"https:\/\/api.w.org\/{rel}","templated":true}]}}