{"id":1104,"date":"2023-02-13T15:48:44","date_gmt":"2023-02-13T15:48:44","guid":{"rendered":"https:\/\/cmykprinted.com\/?post_type=product&#038;p=1104"},"modified":"2023-02-13T15:54:13","modified_gmt":"2023-02-13T15:54:13","slug":"low-price-custom-feather-flags-for-indoor-and-outdoor-use","status":"publish","type":"product","link":"https:\/\/cmykprinted.com\/sk_sk\/produkt\/low-price-custom-feather-flags-for-indoor-and-outdoor-use\/","title":{"rendered":"N\u00edzke ceny z\u00e1kazkov\u00e9 vlajo\u010dky pre vn\u00fatorn\u00e9 a vonkaj\u0161ie pou\u017eitie"},"content":{"rendered":"","protected":false},"excerpt":{"rendered":"<p>Vlastn\u00e9 pierkov\u00e9 vlajky s\u00fa efekt\u00edvnym reklamn\u00fdm n\u00e1strojom pre podniky a organiz\u00e1cie, ktor\u00e9 vy\u017eaduj\u00fa jednoduch\u00fd sp\u00f4sob propag\u00e1cie svojej zna\u010dky alebo spr\u00e1vy. Tieto vlajky sa \u013eahko nastavuj\u00fa a daj\u00fa sa umiestni\u0165 na \u013eubovo\u013en\u00e9 miesto, \u010do z nich rob\u00ed praktick\u00e9 rie\u0161enie. P\u00e9rov\u00fd vlajkov\u00fd sto\u017eiar je vyroben\u00fd z odoln\u00fdch materi\u00e1lov, ako je hlin\u00edk a sklolamin\u00e1t, \u010do zais\u0165uje, \u017ee zostane vzpriamen\u00fd aj za vetern\u00fdch podmienok a nepriazniv\u00e9ho po\u010dasia. Samotn\u00e1 vlajka je vytla\u010den\u00e1 na vysokokvalitnej polyesterovej l\u00e1tke s hmotnos\u0165ou 115 g\/m2, ktor\u00e1 na rubovej strane pon\u00faka odrazivos\u0165 takmer 100%, v\u010faka \u010domu je vlajka dobre vidite\u013en\u00e1 a \u010ditate\u013en\u00e1 aj z dia\u013eky.<br \/>\nOkrem odolnosti a vidite\u013enosti s\u00fa vlastn\u00e9 perov\u00e9 vlajky tie\u017e vhodn\u00e9 na prepravu a zaberaj\u00fa minim\u00e1lny priestor. Daj\u00fa sa jednoducho pres\u00fava\u0165 z jedn\u00e9ho miesta na druh\u00e9 a daj\u00fa sa postavi\u0165 na ak\u00fdko\u013evek povrch s vyu\u017eit\u00edm r\u00f4znych mo\u017enost\u00ed z\u00e1kladne.<br \/>\nZ\u00e1verom mo\u017eno poveda\u0165, \u017ee vlastn\u00e9 vlajky s\u00fa flexibiln\u00fdm a efekt\u00edvnym sp\u00f4sobom propag\u00e1cie va\u0161ej zna\u010dky alebo spr\u00e1vy. V\u010faka jednoduchej mont\u00e1\u017ei, odolnosti a vysokej vidite\u013enosti s\u00fa ide\u00e1lnou vo\u013ebou pre ka\u017ed\u00fa firmu alebo organiz\u00e1ciu, ktor\u00e1 chce up\u00fata\u0165 pozornos\u0165.<\/p>\n<div style=\"width: 1280px;\" class=\"wp-video\"><!--[if lt IE 9]><script>document.createElement('video');<\/script><![endif]--><br \/>\n<video class=\"wp-video-shortcode\" id=\"video-1104-1\" width=\"1280\" height=\"720\" loop autoplay preload=\"metadata\" controls=\"controls\"><source type=\"video\/mp4\" src=\"http:\/\/cmykprinted.com\/wp-content\/uploads\/2022\/12\/Feather-beach-flags.mp4?_=1\" \/><a href=\"http:\/\/cmykprinted.com\/wp-content\/uploads\/2022\/12\/Feather-beach-flags.mp4\">http:\/\/cmykprinted.com\/wp-content\/uploads\/2022\/12\/Feather-beach-flags.mp4<\/a><\/video><\/div>","protected":false},"featured_media":1105,"template":"","meta":{"_kad_post_transparent":"default","_kad_post_title":"hide","_kad_post_layout":"fullwidth","_kad_post_sidebar_id":"","_kad_post_content_style":"unboxed","_kad_post_vertical_padding":"hide","_kad_post_feature":"hide","_kad_post_feature_position":"","_kad_post_header":false,"_kad_post_footer":false},"product_cat":[64,65],"product_tag":[321,322,323,204],"class_list":{"0":"post-1104","1":"product","2":"type-product","3":"status-publish","4":"has-post-thumbnail","6":"product_cat-beach-flags","7":"product_cat-feather-flags-banners","8":"product_tag-custom-feather-flags","9":"product_tag-indoor-feather-flags","10":"product_tag-low-price-feather-flags","11":"product_tag-outdoor-feather-flags","13":"first","14":"instock","15":"shipping-taxable","16":"product-type-simple","17":"entry","18":"content-bg","19":"loop-entry"},"_links":{"self":[{"href":"https:\/\/cmykprinted.com\/sk_sk\/wp-json\/wp\/v2\/product\/1104","targetHints":{"allow":["GET"]}}],"collection":[{"href":"https:\/\/cmykprinted.com\/sk_sk\/wp-json\/wp\/v2\/product"}],"about":[{"href":"https:\/\/cmykprinted.com\/sk_sk\/wp-json\/wp\/v2\/types\/product"}],"version-history":[{"count":2,"href":"https:\/\/cmykprinted.com\/sk_sk\/wp-json\/wp\/v2\/product\/1104\/revisions"}],"predecessor-version":[{"id":1112,"href":"https:\/\/cmykprinted.com\/sk_sk\/wp-json\/wp\/v2\/product\/1104\/revisions\/1112"}],"wp:featuredmedia":[{"embeddable":true,"href":"https:\/\/cmykprinted.com\/sk_sk\/wp-json\/wp\/v2\/media\/1105"}],"wp:attachment":[{"href":"https:\/\/cmykprinted.com\/sk_sk\/wp-json\/wp\/v2\/media?parent=1104"}],"wp:term":[{"taxonomy":"product_cat","embeddable":true,"href":"https:\/\/cmykprinted.com\/sk_sk\/wp-json\/wp\/v2\/product_cat?post=1104"},{"taxonomy":"product_tag","embeddable":true,"href":"https:\/\/cmykprinted.com\/sk_sk\/wp-json\/wp\/v2\/product_tag?post=1104"}],"curies":[{"name":"wp","href":"https:\/\/api.w.org\/{rel}","templated":true}]}}