{"id":1951,"date":"2024-03-25T07:48:46","date_gmt":"2024-03-25T07:48:46","guid":{"rendered":"https:\/\/cmykprinted.com\/?post_type=product&#038;p=1951"},"modified":"2024-03-26T08:28:10","modified_gmt":"2024-03-26T08:28:10","slug":"double-side-printed-polyester-hanging-flag-for-advertising","status":"publish","type":"product","link":"https:\/\/cmykprinted.com\/sk_sk\/produkt\/dvojstranne-tlaceny-polyesterovy-visiaci-vlajka-na-reklamu\/","title":{"rendered":"Obojstranne tla\u010den\u00e1 polyesterov\u00e1 z\u00e1vesn\u00e1 vlajka na reklamu"},"content":{"rendered":"","protected":false},"excerpt":{"rendered":"<p>Prisp\u00f4soben\u00e9 polyesterov\u00e9 vlajky<\/p>\n<p>Nulov\u00e9 minim\u00e1lne po\u017eiadavky. \u017diadne n\u00e1klady na zriadenie! Ve\u013ekoobchodn\u00e9 ceny dostupn\u00e9 pre n\u00e1kupy vo ve\u013ekom meradle. Pln\u00e9 farby s vysok\u00fdm rozl\u00ed\u0161en\u00edm a sublima\u010dnou tla\u010dou!<\/p>\n<p>R\u00fdchly obrat, va\u0161u vzorku m\u00f4\u017eeme dokon\u010di\u0165 do 48 hod\u00edn.<\/p>\n<p>Dokonal\u00e1 farba Pantone, ktor\u00e1 lad\u00ed bez ak\u00e9hoko\u013evek pr\u00edplatku.<\/p>\n<p>Bezplatn\u00fd dizajnov\u00fd servis!<\/p>\n<p>M\u00f4\u017eeme urobi\u0165 ak\u00e9ko\u013evek prisp\u00f4soben\u00e9 tla\u010den\u00e9 vlajky pod\u013ea va\u0161ej po\u017eiadavky, napr\u00edklad prida\u0165 priechodky \/ o\u010dk\u00e1 \/ ruk\u00e1v alebo palicu.<\/p>\n<p>&nbsp;<\/p>","protected":false},"featured_media":1952,"template":"","meta":{"_kad_post_transparent":"default","_kad_post_title":"hide","_kad_post_layout":"fullwidth","_kad_post_sidebar_id":"","_kad_post_content_style":"unboxed","_kad_post_vertical_padding":"hide","_kad_post_feature":"hide","_kad_post_feature_position":"","_kad_post_header":false,"_kad_post_footer":false},"product_cat":[79],"product_tag":[388,387,386,385],"class_list":{"0":"post-1951","1":"product","2":"type-product","3":"status-publish","4":"has-post-thumbnail","6":"product_cat-custom-flags","7":"product_tag-custom-double-sided-flags","8":"product_tag-double-side-printed-polyester-hanging-flag","9":"product_tag-flag-for-advertising","10":"product_tag-polyester-hanging-flag","12":"first","13":"instock","14":"shipping-taxable","15":"product-type-simple","16":"entry","17":"content-bg","18":"loop-entry"},"_links":{"self":[{"href":"https:\/\/cmykprinted.com\/sk_sk\/wp-json\/wp\/v2\/product\/1951","targetHints":{"allow":["GET"]}}],"collection":[{"href":"https:\/\/cmykprinted.com\/sk_sk\/wp-json\/wp\/v2\/product"}],"about":[{"href":"https:\/\/cmykprinted.com\/sk_sk\/wp-json\/wp\/v2\/types\/product"}],"version-history":[{"count":3,"href":"https:\/\/cmykprinted.com\/sk_sk\/wp-json\/wp\/v2\/product\/1951\/revisions"}],"predecessor-version":[{"id":1963,"href":"https:\/\/cmykprinted.com\/sk_sk\/wp-json\/wp\/v2\/product\/1951\/revisions\/1963"}],"wp:featuredmedia":[{"embeddable":true,"href":"https:\/\/cmykprinted.com\/sk_sk\/wp-json\/wp\/v2\/media\/1952"}],"wp:attachment":[{"href":"https:\/\/cmykprinted.com\/sk_sk\/wp-json\/wp\/v2\/media?parent=1951"}],"wp:term":[{"taxonomy":"product_cat","embeddable":true,"href":"https:\/\/cmykprinted.com\/sk_sk\/wp-json\/wp\/v2\/product_cat?post=1951"},{"taxonomy":"product_tag","embeddable":true,"href":"https:\/\/cmykprinted.com\/sk_sk\/wp-json\/wp\/v2\/product_tag?post=1951"}],"curies":[{"name":"wp","href":"https:\/\/api.w.org\/{rel}","templated":true}]}}