{"id":1965,"date":"2024-03-27T04:06:25","date_gmt":"2024-03-27T04:06:25","guid":{"rendered":"https:\/\/cmykprinted.com\/?post_type=product&#038;p=1965"},"modified":"2024-03-27T07:33:30","modified_gmt":"2024-03-27T07:33:30","slug":"full-color-custom-printed-flags-with-sleeve","status":"publish","type":"product","link":"https:\/\/cmykprinted.com\/sk_sk\/produkt\/plnofarebne-prisposobene-tlacene-vlajky-s-rukavom\/","title":{"rendered":"Plnofarebn\u00e9 vlastn\u00e9 tla\u010den\u00e9 vlajky s ruk\u00e1vom"},"content":{"rendered":"","protected":false},"excerpt":{"rendered":"<p>MOQ: 1 KS<\/p>\n<p>Sp\u00f4sob tla\u010de: Sublima\u010dn\u00e1 tla\u010d alebo digit\u00e1lna tla\u010d<\/p>\n<p>K dispoz\u00edcii je jednostrann\u00e1 alebo obojstrann\u00e1 potla\u010d (predn\u00e1 a zadn\u00e1 strana bude vytla\u010den\u00e1 rovnak\u00fdmi farbami tla\u010de).<\/p>\n<p>Bezplatn\u00fd dizajnov\u00fd servis a lacn\u00e9 n\u00e1klady na vzorky s r\u00fdchlym obratom.<\/p>\n<p>Mnoho r\u00f4znych kvalitn\u00fdch l\u00e1tok na v\u00fdber, ako napr\u00edklad vlajka z 100D polyesterovej tkaniny, 110 g pleten\u00e9 vlajky, 120 g sat\u00e9nov\u00e9 vlajky, 250 g pleten\u00e9 vlajky<\/p>\n<p>Hotov\u00e1 mo\u017enos\u0165: lemovan\u00fd okraj s priechodkami, alebo obj\u00edmka na ty\u010d, plastov\u00fd D ve\u0161iak.<\/p>\n<p>Tla\u010den\u00e9 vlajky prisp\u00f4sobenej \/ personalizovanej ve\u013ekosti .<\/p>\n<p>&nbsp;<\/p>\n<p>&nbsp;<\/p>\n<p>&nbsp;<\/p>\n<p>&nbsp;<\/p>","protected":false},"featured_media":1974,"template":"","meta":{"_kad_post_transparent":"default","_kad_post_title":"hide","_kad_post_layout":"fullwidth","_kad_post_sidebar_id":"","_kad_post_content_style":"unboxed","_kad_post_vertical_padding":"hide","_kad_post_feature":"hide","_kad_post_feature_position":"","_kad_post_header":false,"_kad_post_footer":false},"product_cat":[79],"product_tag":[391,389,392,393,390],"class_list":{"0":"post-1965","1":"product","2":"type-product","3":"status-publish","4":"has-post-thumbnail","6":"product_cat-custom-flags","7":"product_tag-custom-flag-printing","8":"product_tag-custom-printed-flags","9":"product_tag-flag-printing","10":"product_tag-flag-printing-sailing-flags","11":"product_tag-full-color-printed-flag","13":"first","14":"instock","15":"shipping-taxable","16":"product-type-simple","17":"entry","18":"content-bg","19":"loop-entry"},"_links":{"self":[{"href":"https:\/\/cmykprinted.com\/sk_sk\/wp-json\/wp\/v2\/product\/1965","targetHints":{"allow":["GET"]}}],"collection":[{"href":"https:\/\/cmykprinted.com\/sk_sk\/wp-json\/wp\/v2\/product"}],"about":[{"href":"https:\/\/cmykprinted.com\/sk_sk\/wp-json\/wp\/v2\/types\/product"}],"version-history":[{"count":1,"href":"https:\/\/cmykprinted.com\/sk_sk\/wp-json\/wp\/v2\/product\/1965\/revisions"}],"predecessor-version":[{"id":1973,"href":"https:\/\/cmykprinted.com\/sk_sk\/wp-json\/wp\/v2\/product\/1965\/revisions\/1973"}],"wp:featuredmedia":[{"embeddable":true,"href":"https:\/\/cmykprinted.com\/sk_sk\/wp-json\/wp\/v2\/media\/1974"}],"wp:attachment":[{"href":"https:\/\/cmykprinted.com\/sk_sk\/wp-json\/wp\/v2\/media?parent=1965"}],"wp:term":[{"taxonomy":"product_cat","embeddable":true,"href":"https:\/\/cmykprinted.com\/sk_sk\/wp-json\/wp\/v2\/product_cat?post=1965"},{"taxonomy":"product_tag","embeddable":true,"href":"https:\/\/cmykprinted.com\/sk_sk\/wp-json\/wp\/v2\/product_tag?post=1965"}],"curies":[{"name":"wp","href":"https:\/\/api.w.org\/{rel}","templated":true}]}}