{"id":1975,"date":"2024-03-28T09:29:25","date_gmt":"2024-03-28T09:29:25","guid":{"rendered":"https:\/\/cmykprinted.com\/?post_type=product&#038;p=1975"},"modified":"2024-03-28T10:00:58","modified_gmt":"2024-03-28T10:00:58","slug":"best-custom-polyester-nylon-flags-for-indoor-and-outdoor","status":"publish","type":"product","link":"https:\/\/cmykprinted.com\/sk_sk\/produkt\/najlepsie-prisposobene-polyester-nylonove-vlajky-pre-vnutorne-a-vonkajsie-pouzitie\/","title":{"rendered":"Najlep\u0161ie vlastn\u00e9 polyesterov\u00e9 nylonov\u00e9 vlajky pre interi\u00e9r a exteri\u00e9r"},"content":{"rendered":"","protected":false},"excerpt":{"rendered":"<p>Vlajky u\u0161it\u00e9 na mieru sl\u00fa\u017eia ako siln\u00fd propaga\u010dn\u00fd prostriedok, vyu\u017e\u00edvaj\u00fa \u017eiv\u00e9 odtiene a dynamick\u00fd pohyb na up\u00fatanie pozornosti a zlep\u0161enie vidite\u013enosti. Na prisp\u00f4sobenie s\u00fa k dispoz\u00edcii r\u00f4zne tla\u010dov\u00e9 techniky, ako je digit\u00e1lna tla\u010d (vodn\u00e1 tla\u010d na nylon), sie\u0165otla\u010d a sublima\u010dn\u00e1 tla\u010d. V Golden Mouth Advertising Factory vol\u00edme bu\u010f sie\u0165otla\u010d alebo digit\u00e1lnu tla\u010d na 200\/210D nylon alebo pleten\u00fd polyester, pri\u010dom materi\u00e1l a met\u00f3du tla\u010de vyber\u00e1me na z\u00e1klade rozpo\u010dtu klienta, \u0161pecifik\u00e1ci\u00ed umeleck\u00fdch diel a po\u017eiadaviek na mno\u017estvo vlajky. Aj ke\u010f pou\u017e\u00edvame met\u00f3du sublima\u010dnej tla\u010de, jej obmedzen\u00e9 prenikanie atramentu ju rob\u00ed vhodnej\u0161ou pre alternat\u00edvne sp\u00f4soby tla\u010de tkan\u00edn, ako s\u00fa vlastn\u00e9 kulisy a prikr\u00fdvky na st\u00f4l. V pr\u00edpade vlastnej tla\u010denej vlajky zvy\u010dajne pou\u017e\u00edvame digit\u00e1lnu tla\u010d, t\u00fdmto sp\u00f4sobom je cena najlacnej\u0161ia.<\/p>\n<p>&nbsp;<\/p>\n<p>&nbsp;<\/p>\n<p>&nbsp;<\/p>\n<p>&nbsp;<\/p>\n<p>&nbsp;<\/p>\n<p>&nbsp;<\/p>","protected":false},"featured_media":1976,"template":"","meta":{"_kad_post_transparent":"default","_kad_post_title":"hide","_kad_post_layout":"fullwidth","_kad_post_sidebar_id":"","_kad_post_content_style":"unboxed","_kad_post_vertical_padding":"hide","_kad_post_feature":"hide","_kad_post_feature_position":"","_kad_post_header":false,"_kad_post_footer":false},"product_cat":[79],"product_tag":[394,389,397,396,399,395,398],"class_list":{"0":"post-1975","1":"product","2":"type-product","3":"status-publish","4":"has-post-thumbnail","6":"product_cat-custom-flags","7":"product_tag-custom-polyester-nylon-flags","8":"product_tag-custom-printed-flags","9":"product_tag-dye-sublimation-printing-flags","10":"product_tag-flags-printing","11":"product_tag-knitted-fabric-flags","12":"product_tag-nylon-flags","13":"product_tag-polyester-flags","15":"first","16":"instock","17":"shipping-taxable","18":"product-type-simple","19":"entry","20":"content-bg","21":"loop-entry"},"_links":{"self":[{"href":"https:\/\/cmykprinted.com\/sk_sk\/wp-json\/wp\/v2\/product\/1975","targetHints":{"allow":["GET"]}}],"collection":[{"href":"https:\/\/cmykprinted.com\/sk_sk\/wp-json\/wp\/v2\/product"}],"about":[{"href":"https:\/\/cmykprinted.com\/sk_sk\/wp-json\/wp\/v2\/types\/product"}],"version-history":[{"count":1,"href":"https:\/\/cmykprinted.com\/sk_sk\/wp-json\/wp\/v2\/product\/1975\/revisions"}],"predecessor-version":[{"id":1983,"href":"https:\/\/cmykprinted.com\/sk_sk\/wp-json\/wp\/v2\/product\/1975\/revisions\/1983"}],"wp:featuredmedia":[{"embeddable":true,"href":"https:\/\/cmykprinted.com\/sk_sk\/wp-json\/wp\/v2\/media\/1976"}],"wp:attachment":[{"href":"https:\/\/cmykprinted.com\/sk_sk\/wp-json\/wp\/v2\/media?parent=1975"}],"wp:term":[{"taxonomy":"product_cat","embeddable":true,"href":"https:\/\/cmykprinted.com\/sk_sk\/wp-json\/wp\/v2\/product_cat?post=1975"},{"taxonomy":"product_tag","embeddable":true,"href":"https:\/\/cmykprinted.com\/sk_sk\/wp-json\/wp\/v2\/product_tag?post=1975"}],"curies":[{"name":"wp","href":"https:\/\/api.w.org\/{rel}","templated":true}]}}