{"id":2168,"date":"2024-08-08T12:50:58","date_gmt":"2024-08-08T12:50:58","guid":{"rendered":"https:\/\/cmykprinted.com\/?post_type=product&#038;p=2168"},"modified":"2024-08-08T13:05:21","modified_gmt":"2024-08-08T13:05:21","slug":"crowd-barrier-fabric-mesh-covers","status":"publish","type":"product","link":"https:\/\/cmykprinted.com\/sk_sk\/produkt\/textilne-sietove-potahy-na-zabrany-pre-dav\/","title":{"rendered":"L\u00e1tkov\u00e9 po\u0165ahy s bari\u00e9rou proti davu"},"content":{"rendered":"<p>Na\u0161e kryty proti davu pou\u017e\u00edvaj\u00fa 120g textiln\u00fd banner, atrament je vodotesn\u00fd a odoln\u00fd vo\u010di slnku a mo\u017eno ho pou\u017e\u00edva\u0165 vonku asi rok. \u010co sa t\u00fdka postprodukcie, v\u0161etko zvl\u00e1dnete pod\u013ea po\u017eiadaviek z\u00e1kazn\u00edka, alebo si m\u00f4\u017eete vybra\u0165 z viacer\u00fdch nami poskytovan\u00fdch pl\u00e1nov. M\u00f4\u017eeme pou\u017ei\u0165 such\u00fd zips, gomb\u00edky na o\u010dk\u00e1ch, alebo zipsy. Minim\u00e1lne mno\u017estvo objedn\u00e1vky je 1 KS. Vzorky m\u00f4\u017eu by\u0165 vyroben\u00e9 do 24 hod\u00edn a doru\u010den\u00e9 do v\u0161etk\u00fdch \u010dast\u00ed sveta do t\u00fd\u017ed\u0148a.<\/p>","protected":false},"excerpt":{"rendered":"<p>&nbsp;<\/p>\n<p>&nbsp;<\/p>","protected":false},"featured_media":2169,"template":"","meta":{"_kad_post_transparent":"default","_kad_post_title":"hide","_kad_post_layout":"fullwidth","_kad_post_sidebar_id":"","_kad_post_content_style":"unboxed","_kad_post_vertical_padding":"hide","_kad_post_feature":"hide","_kad_post_feature_position":"","_kad_post_header":false,"_kad_post_footer":false},"product_cat":[85,87,86],"product_tag":[483,482,480,479,481],"class_list":{"0":"post-2168","1":"product","2":"type-product","3":"status-publish","4":"has-post-thumbnail","6":"product_cat-outdoor-vinyl-banners","7":"product_cat-fabric-mesh-banners","8":"product_cat-fence-mesh-banners","9":"product_tag-barrier-jackets","10":"product_tag-barrier-scrim","11":"product_tag-crowd-barrier-covers","12":"product_tag-crowd-barrier-fabric-mesh-covers","13":"product_tag-crowd-control-barriers","15":"first","16":"instock","17":"shipping-taxable","18":"product-type-simple","19":"entry","20":"content-bg","21":"loop-entry"},"_links":{"self":[{"href":"https:\/\/cmykprinted.com\/sk_sk\/wp-json\/wp\/v2\/product\/2168","targetHints":{"allow":["GET"]}}],"collection":[{"href":"https:\/\/cmykprinted.com\/sk_sk\/wp-json\/wp\/v2\/product"}],"about":[{"href":"https:\/\/cmykprinted.com\/sk_sk\/wp-json\/wp\/v2\/types\/product"}],"version-history":[{"count":1,"href":"https:\/\/cmykprinted.com\/sk_sk\/wp-json\/wp\/v2\/product\/2168\/revisions"}],"predecessor-version":[{"id":2175,"href":"https:\/\/cmykprinted.com\/sk_sk\/wp-json\/wp\/v2\/product\/2168\/revisions\/2175"}],"wp:featuredmedia":[{"embeddable":true,"href":"https:\/\/cmykprinted.com\/sk_sk\/wp-json\/wp\/v2\/media\/2169"}],"wp:attachment":[{"href":"https:\/\/cmykprinted.com\/sk_sk\/wp-json\/wp\/v2\/media?parent=2168"}],"wp:term":[{"taxonomy":"product_cat","embeddable":true,"href":"https:\/\/cmykprinted.com\/sk_sk\/wp-json\/wp\/v2\/product_cat?post=2168"},{"taxonomy":"product_tag","embeddable":true,"href":"https:\/\/cmykprinted.com\/sk_sk\/wp-json\/wp\/v2\/product_tag?post=2168"}],"curies":[{"name":"wp","href":"https:\/\/api.w.org\/{rel}","templated":true}]}}