{"id":2189,"date":"2024-09-18T13:06:31","date_gmt":"2024-09-18T13:06:31","guid":{"rendered":"https:\/\/cmykprinted.com\/?post_type=product&#038;p=2189"},"modified":"2024-09-19T01:45:11","modified_gmt":"2024-09-19T01:45:11","slug":"full-colors-custom-8-feet-printed-spandex-table-covers","status":"publish","type":"product","link":"https:\/\/cmykprinted.com\/sk_sk\/produkt\/plnofarebne-na-mieru-8-noh-tlacene-spandex-obrusy\/","title":{"rendered":"Plnofarebn\u00e9 po\u0165ahy na st\u00f4l zo spandexu s potla\u010dou 8 st\u00f4p"},"content":{"rendered":"","protected":false},"excerpt":{"rendered":"<p><strong>Vlastn\u00e9 tla\u010den\u00e9 po\u0165ahy na st\u00f4l Spandex: Perfektn\u00fd displej pre va\u0161u zna\u010dku<\/strong><\/p>\n<p>Potla\u010den\u00e9 spandexov\u00e9 stolov\u00e9 po\u0165ahy sa stali z\u00e1kladom vo svete ve\u013etrhov, propaga\u010dn\u00fdch akci\u00ed a maloobchodn\u00fdch v\u00fdstav. Tieto elegantn\u00e9 a \u0161t\u00fdlov\u00e9 po\u0165ahy na st\u00f4l zo stre\u010dov\u00e9ho spandexu pon\u00fakaj\u00fa tvar aj funkciu a s\u00fa navrhnut\u00e9 tak, aby priliehali, \u017eiv\u00fa vizu\u00e1lnu pr\u00ed\u0165a\u017elivos\u0165 a bezkonkuren\u010dn\u00fa odolnos\u0165.<\/p>\n<p><strong>Prisp\u00f4soben\u00fd strih pod\u013ea va\u0161ich potrieb<\/strong><\/p>\n<p>Na\u0161e spandexov\u00e9 po\u0165ahy na stoly s\u00fa dostupn\u00e9 v nieko\u013ek\u00fdch konfigur\u00e1ci\u00e1ch, aby vyhovovali va\u0161im \u0161pecifick\u00fdm po\u017eiadavk\u00e1m. \u010ci u\u017e potrebujete 4-strann\u00fd kryt, 4-strann\u00fd kryt so zipsom pre \u013eahk\u00fd pr\u00edstup k \u00falo\u017en\u00e9mu priestoru pod stolom, alebo 3-strann\u00fd dizajn s otvoren\u00fdm chrbtom, ktor\u00fd umo\u017en\u00ed zamestnancovi sedie\u0165 pri displeji, m\u00e1me pokryl som \u0165a. Zmes spandexu a polyesteru zais\u0165uje tvarovo priliehav\u00fd povrch takmer bez vr\u00e1sok, ktor\u00fd vyzer\u00e1 skvele v akomko\u013evek prostred\u00ed.<\/p>\n<p>Tieto kryty s\u00fa navrhnut\u00e9 pre vn\u00fatorn\u00e9 aj vonkaj\u0161ie akcie a s\u00fa ob\u013e\u00faben\u00e9 na ve\u013etrhoch, maloobchodn\u00fdch predajniach, propaga\u010dn\u00fdch akci\u00e1ch a firemn\u00fdch lobby. Vystu\u017een\u00e9 vreck\u00e1 na nohavi\u010dk\u00e1ch a odoln\u00e9 zipsy s\u00fa dvojito \u0161it\u00e9 pre v\u00e4\u010d\u0161iu odolnos\u0165 a zais\u0165uj\u00fa, \u017ee po\u0165ah zostane bezpe\u010dne na svojom mieste aj vo veternom po\u010das\u00ed. U\u017e sa nemus\u00edte b\u00e1\u0165, \u017ee v\u00e1m vonku odf\u00fakne po\u0165ah na st\u00f4l.<\/p>\n<p>Vysokokvalitn\u00e1 tkanina a potla\u010d pre maxim\u00e1lny \u00fa\u010dinok<\/p>\n<p>To, \u010do odli\u0161uje na\u0161e po\u0165ahy na stoly, je kvalita materi\u00e1lu a proces tla\u010de. Na\u0161e kryty s\u00fa vyroben\u00e9 z tkaniny 280 GSM a s\u00fa hrub\u0161ie a odolnej\u0161ie ako v\u00e4\u010d\u0161ina konkurentov a je to vidie\u0165 aj na kone\u010dnom produkte. Zameriavame sa na ka\u017ed\u00fd detail, aby sme dodali produkt, ktor\u00fd presahuje o\u010dak\u00e1vania.<\/p>\n<p>Vystu\u017een\u00e9 polypropyl\u00e9nov\u00e9 vreck\u00e1 na noh\u00e1ch s\u00fa extra \u0161irok\u00e9, \u010do zais\u0165uje, \u017ee sa zmestia do akejko\u013evek konfigur\u00e1cie n\u00f4h stola. T\u00e1to starostliv\u00e1 pozornos\u0165 venovan\u00e1 dizajnu rob\u00ed kryty nielen odoln\u00fdmi, ale aj v\u0161estrann\u00fdmi, vhodn\u00fdmi pre ak\u00e9ko\u013evek udalosti.<\/p>\n<p>Jednou z k\u013e\u00fa\u010dov\u00fdch vlastnost\u00ed na\u0161ich spandexov\u00fdch prikr\u00fdvok na st\u00f4l je \u017eiariv\u00e1 a kvalitn\u00e1 potla\u010d loga, v\u010faka ktorej vynikne va\u0161a zna\u010dka. Pomocou technol\u00f3gie sublim\u00e1cie farbiva pren\u00e1\u0161ame v\u00e1\u0161 dizajn pomocou intenz\u00edvneho tepla, pri\u010dom farby \u00faplne vlo\u017e\u00edme do l\u00e1tky. T\u00e1to pokro\u010dil\u00e1 tla\u010dov\u00e1 technika m\u00e1 za n\u00e1sledok trval\u00e9, \u017eiariv\u00e9 farby, ktor\u00e9 nevybledn\u00fa. \u010ci u\u017e chcete tla\u010di\u0165 tis\u00edce farieb, vysokokvalitn\u00e9 fotografick\u00e9 obr\u00e1zky alebo prvky v priamych farb\u00e1ch, m\u00f4\u017eeme va\u0161u v\u00edziu o\u017eivi\u0165.<\/p>\n<p>N\u00e1\u0161 proces tla\u010de zais\u0165uje, \u017ee aj tie najzlo\u017eitej\u0161ie detaily v\u00e1\u0161ho loga alebo dizajnu \u201evysko\u010dia\u201c, \u010do v\u00e1\u0161mu displeju dod\u00e1 profesion\u00e1lny, vyle\u0161ten\u00fd vzh\u013ead. V pr\u00edpade potreby m\u00f4\u017eete dokonca vytvori\u0165 3D efekt so svoj\u00edm dizajnom.<\/p>\n<p>Mo\u017enosti vlastn\u00e9ho dizajnu: Va\u0161a zna\u010dka, v\u00e1\u0161 sp\u00f4sob<\/p>\n<p>Pon\u00fakame \u00fapln\u00e9 mo\u017enosti prisp\u00f4sobenia tak, aby vyhovovali va\u0161im potreb\u00e1m v oblasti zna\u010dky. Vyberte si z bieleho pozadia, jednu z na\u0161ich 20 skladov\u00fdch farieb alebo n\u00e1m poskytnite konkr\u00e9tnu farbu alebo vzor Pantone na pozadie. \u010ci u\u017e potrebujete vytla\u010di\u0165 cel\u00fd kryt stola alebo len predn\u00fd panel, pon\u00fakame rovnak\u00fa cenu pre obe mo\u017enosti.<\/p>\n<p>Ak nem\u00e1te umeleck\u00fd s\u00fabor vo vysokom rozl\u00ed\u0161en\u00ed, na\u0161i grafick\u00ed dizajn\u00e9ri v\u00e1m m\u00f4\u017eu pom\u00f4c\u0165 previes\u0165 v\u00e1\u0161 existuj\u00faci s\u00fabor alebo v\u00e1m pom\u00f4\u017eu pri vytv\u00e1ran\u00ed nov\u00e9ho n\u00e1vrhu tla\u010de.<\/p>\n<p>Odoln\u00fd a \u013eahko udr\u017eiavate\u013en\u00fd<\/p>\n<p>Na\u0161e spandexov\u00e9 po\u0165ahy na st\u00f4l s\u00fa navrhnut\u00e9 tak, aby vydr\u017eali. Nielen\u017ee s\u00fa odoln\u00e9 vo\u010di pokr\u010deniu, ale pre jednoduch\u00fa \u00fadr\u017ebu ich mo\u017eno pra\u0165 v pr\u00e1\u010dke. Na um\u00fdvanie sta\u010d\u00ed pou\u017ei\u0165 vodu bez bieliaceho pr\u00e1\u0161ku. Tieto kryty sa natiahnu sp\u00e4\u0165 do tvaru a zaka\u017ed\u00fdm v\u00e1m poskytn\u00fa profesion\u00e1lny vzh\u013ead.<\/p>\n<p>R\u00fdchle a spo\u013eahliv\u00e9 v\u00fdrobn\u00e9 \u010dasy<\/p>\n<p>Ch\u00e1peme d\u00f4le\u017eitos\u0165 term\u00ednov, a preto pon\u00fakame flexibiln\u00e9 v\u00fdrobn\u00e9 pl\u00e1ny:<\/p>\n<p>4-d\u0148ov\u00e1 \u00fasporn\u00e1 v\u00fdroba<br \/>\n3-d\u0148ov\u00e1 \u0161tandardn\u00e1 v\u00fdroba<br \/>\n2-d\u0148ov\u00e1 r\u00fdchla v\u00fdroba<br \/>\nExpresn\u00e1 v\u00fdroba na druh\u00fd de\u0148<br \/>\nSame Day Rush Critical Production<br \/>\nGarantujeme aj na\u0161e v\u00fdrobn\u00e9 \u010dasy. Ak nedodr\u017e\u00edme zaru\u010den\u00fa \u010dasov\u00fa os, dostanete pln\u00fa n\u00e1hradu a v\u00e1\u0161 obal na st\u00f4l bude aj na\u010falej vytla\u010den\u00fd a odoslan\u00fd bezplatne.<\/p>\n<p>\u017diadne skryt\u00e9 poplatky: \u010co vid\u00edte, to dostanete.<\/p>\n<div style=\"width: 854px;\" class=\"wp-video\"><!--[if lt IE 9]><script>document.createElement('video');<\/script><![endif]--><br \/>\n<video class=\"wp-video-shortcode\" id=\"video-2189-1\" width=\"854\" height=\"480\" preload=\"metadata\" controls=\"controls\"><source type=\"video\/mp4\" src=\"https:\/\/cmykprinted.com\/wp-content\/uploads\/2024\/09\/printed-spandex-table-covers.mp4?_=1\" \/><a href=\"https:\/\/cmykprinted.com\/wp-content\/uploads\/2024\/09\/printed-spandex-table-covers.mp4\">https:\/\/cmykprinted.com\/wp-content\/uploads\/2024\/09\/printed-spandex-table-covers.mp4<\/a><\/video><\/div>","protected":false},"featured_media":2193,"template":"","meta":{"_kad_post_transparent":"default","_kad_post_title":"hide","_kad_post_layout":"fullwidth","_kad_post_sidebar_id":"","_kad_post_content_style":"unboxed","_kad_post_vertical_padding":"hide","_kad_post_feature":"hide","_kad_post_feature_position":"","_kad_post_header":false,"_kad_post_footer":false},"product_cat":[80,81,83],"product_tag":[496,497,498,494,495],"class_list":{"0":"post-2189","1":"product","2":"type-product","3":"status-publish","4":"has-post-thumbnail","6":"product_cat-custom-tablecloth","7":"product_cat-custom-stretch-tablecloth","8":"product_cat-fitted-table-cover","9":"product_tag-8-feet-printed-spandex-table-covers","10":"product_tag-custom-8-feet-table-cover","11":"product_tag-full-colors-printed-table-covers","12":"product_tag-printed-spandex-table-covers","13":"product_tag-spandex-table-covers","15":"first","16":"instock","17":"shipping-taxable","18":"product-type-simple","19":"entry","20":"content-bg","21":"loop-entry"},"_links":{"self":[{"href":"https:\/\/cmykprinted.com\/sk_sk\/wp-json\/wp\/v2\/product\/2189","targetHints":{"allow":["GET"]}}],"collection":[{"href":"https:\/\/cmykprinted.com\/sk_sk\/wp-json\/wp\/v2\/product"}],"about":[{"href":"https:\/\/cmykprinted.com\/sk_sk\/wp-json\/wp\/v2\/types\/product"}],"version-history":[{"count":2,"href":"https:\/\/cmykprinted.com\/sk_sk\/wp-json\/wp\/v2\/product\/2189\/revisions"}],"predecessor-version":[{"id":2200,"href":"https:\/\/cmykprinted.com\/sk_sk\/wp-json\/wp\/v2\/product\/2189\/revisions\/2200"}],"wp:featuredmedia":[{"embeddable":true,"href":"https:\/\/cmykprinted.com\/sk_sk\/wp-json\/wp\/v2\/media\/2193"}],"wp:attachment":[{"href":"https:\/\/cmykprinted.com\/sk_sk\/wp-json\/wp\/v2\/media?parent=2189"}],"wp:term":[{"taxonomy":"product_cat","embeddable":true,"href":"https:\/\/cmykprinted.com\/sk_sk\/wp-json\/wp\/v2\/product_cat?post=2189"},{"taxonomy":"product_tag","embeddable":true,"href":"https:\/\/cmykprinted.com\/sk_sk\/wp-json\/wp\/v2\/product_tag?post=2189"}],"curies":[{"name":"wp","href":"https:\/\/api.w.org\/{rel}","templated":true}]}}