{"id":2204,"date":"2024-09-27T08:24:46","date_gmt":"2024-09-27T08:24:46","guid":{"rendered":"https:\/\/cmykprinted.com\/?post_type=product&#038;p=2204"},"modified":"2024-09-30T01:11:28","modified_gmt":"2024-09-30T01:11:28","slug":"custom-advertising-flags-for-promotional-business-use-at-best-price","status":"publish","type":"product","link":"https:\/\/cmykprinted.com\/sk_sk\/produkt\/zakaznicke-reklamne-vlajky-pre-propagacne-obchodne-vyuzitie-za-najlepsiu-cenu\/","title":{"rendered":"Vlastn\u00e9 reklamn\u00e9 vlajky na propaga\u010dn\u00e9 a obchodn\u00e9 pou\u017eitie za najlep\u0161iu cenu"},"content":{"rendered":"","protected":false},"excerpt":{"rendered":"<p>H\u013ead\u00e1te efekt\u00edvny a z\u00e1rove\u0148 cenovo dostupn\u00fd sp\u00f4sob, ako zv\u00fd\u0161i\u0165 vidite\u013enos\u0165 svojej zna\u010dky? Vlastn\u00e9 reklamn\u00e9 vlajky s\u00fa ide\u00e1lnym rie\u0161en\u00edm pre firmy, ktor\u00e9 chc\u00fa up\u00fata\u0165 pozornos\u0165 a pril\u00e1ka\u0165 viac z\u00e1kazn\u00edkov. Tieto \u017eiariv\u00e9 vlastn\u00e9 tla\u010den\u00e9 vlajky s\u00fa v\u00fdkonn\u00fdm marketingov\u00fdm n\u00e1strojom na vylep\u0161enie va\u0161ej predajne alebo prezent\u00e1cie na podujat\u00ed. Na\u0161e vlastn\u00e9 reklamn\u00e9 vlajky mo\u017eno pou\u017ei\u0165 nielen na obchodn\u00e9 \u00fa\u010dely, ale aj na propag\u00e1ciu \u0161portov\u00fdch podujat\u00ed, vyvesenie vlajok pri n\u00e1rodnom dni a ako n\u00e1stroj pre prezidentsk\u00e9 kampane v r\u00f4znych krajin\u00e1ch. Nechajte \u013eud\u00ed po celej ulici dr\u017ea\u0165 vlajky s va\u0161\u00edm menom alebo fotografiou a cena je tie\u017e lacn\u00e1. Ide o ve\u013emi efekt\u00edvnu a ekonomick\u00fa pr\u00e1cu pri z\u00edskavan\u00ed voli\u010dov.<\/p>\n<p><strong>Vitajte v kontakte s na\u0161\u00edm obchodn\u00fdm t\u00edmom pre najr\u00fdchlej\u0161ie najlep\u0161ie slu\u017eby a bezplatn\u00e9 vzorky, aby ste videli na\u0161u kvalitu.<\/strong><\/p>\n<div style=\"width: 1280px;\" class=\"wp-video\"><!--[if lt IE 9]><script>document.createElement('video');<\/script><![endif]--><br \/>\n<video class=\"wp-video-shortcode\" id=\"video-2204-1\" width=\"1280\" height=\"576\" preload=\"metadata\" controls=\"controls\"><source type=\"video\/mp4\" src=\"https:\/\/cmykprinted.com\/wp-content\/uploads\/2024\/09\/custom-advertising-flags.mp4?_=1\" \/><a href=\"https:\/\/cmykprinted.com\/wp-content\/uploads\/2024\/09\/custom-advertising-flags.mp4\">https:\/\/cmykprinted.com\/wp-content\/uploads\/2024\/09\/custom-advertising-flags.mp4<\/a><\/video><\/div>\n<p>&nbsp;<\/p>","protected":false},"featured_media":2205,"template":"","meta":{"_kad_post_transparent":"default","_kad_post_title":"hide","_kad_post_layout":"fullwidth","_kad_post_sidebar_id":"","_kad_post_content_style":"unboxed","_kad_post_vertical_padding":"hide","_kad_post_feature":"hide","_kad_post_feature_position":"","_kad_post_header":false,"_kad_post_footer":false},"product_cat":[79],"product_tag":[500,499,503,501,502],"class_list":{"0":"post-2204","1":"product","2":"type-product","3":"status-publish","4":"has-post-thumbnail","6":"product_cat-custom-flags","7":"product_tag-advertising-flags","8":"product_tag-custom-advertising-flags","9":"product_tag-custom-advertising-flags-at-best-price","10":"product_tag-custom-flags","11":"product_tag-custom-flags-cheap","13":"first","14":"instock","15":"shipping-taxable","16":"product-type-simple","17":"entry","18":"content-bg","19":"loop-entry"},"_links":{"self":[{"href":"https:\/\/cmykprinted.com\/sk_sk\/wp-json\/wp\/v2\/product\/2204","targetHints":{"allow":["GET"]}}],"collection":[{"href":"https:\/\/cmykprinted.com\/sk_sk\/wp-json\/wp\/v2\/product"}],"about":[{"href":"https:\/\/cmykprinted.com\/sk_sk\/wp-json\/wp\/v2\/types\/product"}],"version-history":[{"count":3,"href":"https:\/\/cmykprinted.com\/sk_sk\/wp-json\/wp\/v2\/product\/2204\/revisions"}],"predecessor-version":[{"id":2212,"href":"https:\/\/cmykprinted.com\/sk_sk\/wp-json\/wp\/v2\/product\/2204\/revisions\/2212"}],"wp:featuredmedia":[{"embeddable":true,"href":"https:\/\/cmykprinted.com\/sk_sk\/wp-json\/wp\/v2\/media\/2205"}],"wp:attachment":[{"href":"https:\/\/cmykprinted.com\/sk_sk\/wp-json\/wp\/v2\/media?parent=2204"}],"wp:term":[{"taxonomy":"product_cat","embeddable":true,"href":"https:\/\/cmykprinted.com\/sk_sk\/wp-json\/wp\/v2\/product_cat?post=2204"},{"taxonomy":"product_tag","embeddable":true,"href":"https:\/\/cmykprinted.com\/sk_sk\/wp-json\/wp\/v2\/product_tag?post=2204"}],"curies":[{"name":"wp","href":"https:\/\/api.w.org\/{rel}","templated":true}]}}