{"id":2213,"date":"2024-09-30T03:03:20","date_gmt":"2024-09-30T03:03:20","guid":{"rendered":"https:\/\/cmykprinted.com\/?post_type=product&#038;p=2213"},"modified":"2024-10-02T12:51:57","modified_gmt":"2024-10-02T12:51:57","slug":"oval-pop-up-a-frame-banner-with-fast-turnaround","status":"publish","type":"product","link":"https:\/\/cmykprinted.com\/sk_sk\/produkt\/ovalny-pop-up-ramovy-banner-s-rychlym-obratom\/","title":{"rendered":"Ov\u00e1lny vyskakovac\u00ed r\u00e1mov\u00fd banner s r\u00fdchlym obratom"},"content":{"rendered":"","protected":false},"excerpt":{"rendered":"<p>Na dne\u0161nom konkuren\u010dnom trhu je d\u00f4le\u017eit\u00e9, aby va\u0161a zna\u010dka vynikla. Zadajte vyskakovacie okno A<\/p>\n<p>Frame Banner \u2013 \u013eahk\u00e9, prenosn\u00e9 a vysoko efekt\u00edvne zobrazovacie rie\u0161enie ide\u00e1lne pre vn\u00fatorn\u00e9 aj vonkaj\u0161ie akcie. Tieto v\u0161estrann\u00e9 bannery s\u00fa navrhnut\u00e9 pre okam\u017eit\u00fa vidite\u013enos\u0165 a s\u00fa ide\u00e1lne pre \u0161portov\u00e9 podujatia, obchodn\u00e9 v\u00fdstavy, propaga\u010dn\u00e9 akcie a smerov\u00e9 zna\u010denie.<\/p>\n<p><strong>K\u013e\u00fa\u010dov\u00e9 vlastnosti<\/strong><br \/>\n<strong>Prenosnos\u0165 a pohodlie:<\/strong><br \/>\nOval Pop Up A-Frame bannery s\u00fa navrhnut\u00e9 s oh\u013eadom na mobilitu. Ich skladac\u00ed kovov\u00fd r\u00e1m sa bez n\u00e1mahy zlo\u017e\u00ed do kompaktn\u00e9ho \u00falo\u017en\u00e9ho vrecka, v\u010faka \u010domu je preprava a nastavenie hra\u010dkou. \u010ci u\u017e sa chyst\u00e1te na ve\u013etrh alebo \u0161portov\u00e9 podujatie, tieto bannery si m\u00f4\u017eete jednoducho vzia\u0165 v\u0161ade tam, kde potrebujete maxim\u00e1lnu vidite\u013enos\u0165.<\/p>\n<p><strong>Bezpe\u010dnos\u0165 na prvom mieste:<\/strong><br \/>\nJednou z v\u00fdnimo\u010dn\u00fdch vlastnost\u00ed dizajnu A-r\u00e1mu je jeho bezpe\u010dnos\u0165. Na rozdiel od pevn\u00fdch displejov nepredstavuj\u00fa tieto bannery \u017eiadne riziko zranenia hr\u00e1\u010dov alebo \u00fa\u010dastn\u00edkov na \u0161portov\u00fdch ihrisk\u00e1ch, \u010do z nich rob\u00ed praktick\u00fa vo\u013ebu pre vonkaj\u0161ie podujatia.<\/p>\n<p><strong>Prisp\u00f4sobite\u013en\u00e9 ve\u013ekosti a tvary:<\/strong><br \/>\nK dispoz\u00edcii v \u0161tyroch ve\u013ekostiach \u2013 mal\u00fd (62 x 126 cm), stredn\u00fd (65 x 160 cm), ve\u013ek\u00fd (100 x 200 cm) a extra ve\u013ek\u00fd (110 x 270 cm) \u2013 v\u00fdsuvn\u00fd A-r\u00e1m mo\u017eno prisp\u00f4sobi\u0165 pri akejko\u013evek pr\u00edle\u017eitosti. Ka\u017ed\u00fd banner je obojstrann\u00fd s plnou sublima\u010dnou potla\u010dou, ktor\u00e1 zais\u0165uje \u017eiv\u00fa grafiku, ktor\u00e1 pri\u0165ahuje pozornos\u0165 zo v\u0161etk\u00fdch uhlov.<\/p>\n<p><strong>Stabilita za v\u0161etk\u00fdch podmienok:<\/strong><br \/>\nPre zaistenie stability je ka\u017ed\u00fd banner dod\u00e1van\u00fd so zemn\u00fdmi kol\u00edkmi na pou\u017eitie na m\u00e4kk\u00fdch povrchoch, ako je piesok, tr\u00e1va, sneh alebo p\u00f4da. Na tvrd\u00fdch povrchoch ich jednoducho zv\u00e1\u017ete pre v\u00e4\u010d\u0161iu bezpe\u010dnos\u0165. T\u00e1to funkcia zais\u0165uje, \u017ee v\u00e1\u0161 banner zostane vzpriamen\u00fd a vidite\u013en\u00fd bez oh\u013eadu na prostredie.<\/p>\n<p><strong>Ide\u00e1lne na ak\u00fako\u013evek udalos\u0165<\/strong><br \/>\nPop Up A-Frame bannery s\u00fa obzvl\u00e1\u0161\u0165 vhodn\u00e9 na vonkaj\u0161ie podujatia, ako s\u00fa be\u017eeck\u00e9 s\u00fa\u0165a\u017ee, golfov\u00e9 turnaje a festivaly. Ich jednoduch\u00e9 nastavenie, demont\u00e1\u017e a mo\u017enosti skladovania z nich robia ide\u00e1lnu vo\u013ebu pre organiz\u00e1torov podujat\u00ed, ktor\u00ed chc\u00fa maximalizova\u0165 zobrazenie zna\u010dky a zapojenie.<\/p>\n<div style=\"width: 800px;\" class=\"wp-video\"><!--[if lt IE 9]><script>document.createElement('video');<\/script><![endif]--><br \/>\n<video class=\"wp-video-shortcode\" id=\"video-2213-1\" width=\"800\" height=\"800\" preload=\"metadata\" controls=\"controls\"><source type=\"video\/mp4\" src=\"https:\/\/cmykprinted.com\/wp-content\/uploads\/2024\/09\/pop-up-a-frame-banner-01.mp4?_=1\" \/><a href=\"https:\/\/cmykprinted.com\/wp-content\/uploads\/2024\/09\/pop-up-a-frame-banner-01.mp4\">https:\/\/cmykprinted.com\/wp-content\/uploads\/2024\/09\/pop-up-a-frame-banner-01.mp4<\/a><\/video><\/div>","protected":false},"featured_media":2217,"template":"","meta":{"_kad_post_transparent":"default","_kad_post_title":"hide","_kad_post_layout":"fullwidth","_kad_post_sidebar_id":"","_kad_post_content_style":"unboxed","_kad_post_vertical_padding":"hide","_kad_post_feature":"hide","_kad_post_feature_position":"","_kad_post_header":false,"_kad_post_footer":false},"product_cat":[92,94],"product_tag":[506,505,504,128],"class_list":{"0":"post-2213","1":"product","2":"type-product","3":"status-publish","4":"has-post-thumbnail","6":"product_cat-pop-up-banners","7":"product_cat-horizontal-pop-up-banners","8":"product_tag-a-frame-banner","9":"product_tag-oval-pop-up-a-frame-banner","10":"product_tag-pop-up-a-frame-banner","11":"product_tag-pop-up-banner","13":"first","14":"instock","15":"shipping-taxable","16":"product-type-simple","17":"entry","18":"content-bg","19":"loop-entry"},"_links":{"self":[{"href":"https:\/\/cmykprinted.com\/sk_sk\/wp-json\/wp\/v2\/product\/2213","targetHints":{"allow":["GET"]}}],"collection":[{"href":"https:\/\/cmykprinted.com\/sk_sk\/wp-json\/wp\/v2\/product"}],"about":[{"href":"https:\/\/cmykprinted.com\/sk_sk\/wp-json\/wp\/v2\/types\/product"}],"version-history":[{"count":1,"href":"https:\/\/cmykprinted.com\/sk_sk\/wp-json\/wp\/v2\/product\/2213\/revisions"}],"predecessor-version":[{"id":2222,"href":"https:\/\/cmykprinted.com\/sk_sk\/wp-json\/wp\/v2\/product\/2213\/revisions\/2222"}],"wp:featuredmedia":[{"embeddable":true,"href":"https:\/\/cmykprinted.com\/sk_sk\/wp-json\/wp\/v2\/media\/2217"}],"wp:attachment":[{"href":"https:\/\/cmykprinted.com\/sk_sk\/wp-json\/wp\/v2\/media?parent=2213"}],"wp:term":[{"taxonomy":"product_cat","embeddable":true,"href":"https:\/\/cmykprinted.com\/sk_sk\/wp-json\/wp\/v2\/product_cat?post=2213"},{"taxonomy":"product_tag","embeddable":true,"href":"https:\/\/cmykprinted.com\/sk_sk\/wp-json\/wp\/v2\/product_tag?post=2213"}],"curies":[{"name":"wp","href":"https:\/\/api.w.org\/{rel}","templated":true}]}}