{"id":2443,"date":"2025-04-22T08:49:23","date_gmt":"2025-04-22T08:49:23","guid":{"rendered":"https:\/\/cmykprinted.com\/?post_type=product&#038;p=2443"},"modified":"2025-04-28T02:46:21","modified_gmt":"2025-04-28T02:46:21","slug":"custom-pvc-vinyl-banners-with-eyelets","status":"publish","type":"product","link":"https:\/\/cmykprinted.com\/sk_sk\/produkt\/zakazkove-pvc-vinylove-bannery-s-ockami\/","title":{"rendered":"Vlastn\u00e9 PVC vinylov\u00e9 bannery s o\u010dkami"},"content":{"rendered":"","protected":false},"excerpt":{"rendered":"<p>Ak chcete zdie\u013ea\u0165 odv\u00e1\u017ene posolstvo so \u0161irok\u00fdm publikom, ve\u013ek\u00e9 PVC bannery s\u00fa silnou a praktickou vo\u013ebou.<\/p>\n<p>Vonkaj\u0161ie PVC bannery s kovov\u00fdmi o\u010dkami, ktor\u00e9 s\u00fa ide\u00e1lne na cestn\u00fd marketing, v\u00e1m umo\u017e\u0148uj\u00fa vytv\u00e1ra\u0165 p\u00fatav\u00fa, rozsiahlu reklamu, ktor\u00e1 dok\u00e1\u017ee okam\u017eite up\u00fata\u0165 pozornos\u0165. Na podujatiach p\u00f4sobia ako vizu\u00e1lny stredobod a poskytuj\u00fa dokonal\u00e9 pozadie pre nezabudnute\u013en\u00e9 fotografie.<\/p>\n<p>V Golden Mouth Advertising pon\u00fakame tla\u010d PVC bannerov v r\u00f4znych ve\u013ekostiach \u2013 a\u017e do 5 m x 50 m \u2013 aby ste svoj\u00edm posolstvom urobili obrovsk\u00fd dojem.<\/p>\n<p>Na\u0161e z\u00e1kazkov\u00e9 PVC vinylov\u00e9 bannery s\u00fa vyroben\u00e9 z odoln\u00e9ho PVC odoln\u00e9ho vo\u010di poveternostn\u00fdm vplyvom, ktor\u00fd odol\u00e1va opotrebovaniu a vyblednutiu. Hrub\u00fd, flexibiln\u00fd materi\u00e1l zais\u0165uje, \u017ee v\u00e1\u0161 dizajn zostane \u017eiv\u00fd a neporu\u0161en\u00fd, \u010di u\u017e je vystaven\u00fd vo vn\u00fatri alebo vonku, na dlh\u0161ie pou\u017eitie.<\/p>\n<p>In\u0161tal\u00e1cia je r\u00fdchla a jednoduch\u00e1 v\u010faka zosilnen\u00fdm o\u010dk\u00e1m. Tieto robustn\u00e9 kovov\u00e9 kr\u00fa\u017eky funguj\u00fa dobre s r\u00f4znymi sp\u00f4sobmi upevnenia, ako s\u00fa lan\u00e1, bungee \u0161n\u00fary, h\u00e1\u010diky alebo k\u00e1blov\u00e9 zv\u00e4zky \u2013 v\u010faka \u010domu sa daj\u00fa \u013eahko pripevni\u0165 na ploty alebo in\u00e9 podpery vonku. A po skon\u010den\u00ed kampane alebo udalosti mo\u017eno bannery jednoducho odstr\u00e1ni\u0165 a ulo\u017ei\u0165.<\/p>\n<p>Ka\u017ed\u00fd banner je vytla\u010den\u00fd pomocou pokro\u010dil\u00fdch \u0161irokoform\u00e1tov\u00fdch digit\u00e1lnych tla\u010diarn\u00ed, aby sa zabezpe\u010dili ostr\u00e9 a vysokokvalitn\u00e9 v\u00fdsledky. Potrebujete pom\u00f4c\u0165 s n\u00e1vrhom bannera? N\u00e1\u0161 intern\u00fd kreat\u00edvny t\u00edm je tu, aby v\u00e1m pomohol s va\u0161imi umeleck\u00fdmi dielami, aby va\u0161e posolstvo kr\u00e1sne o\u017eilo.<\/p>\n<div style=\"width: 1290px;\" class=\"wp-video\"><!--[if lt IE 9]><script>document.createElement('video');<\/script><![endif]--><br \/>\n<video class=\"wp-video-shortcode\" id=\"video-2443-1\" width=\"1290\" height=\"726\" loop autoplay preload=\"auto\" controls=\"controls\"><source type=\"video\/mp4\" src=\"http:\/\/cmykprinted.com\/wp-content\/uploads\/2022\/12\/vinyl-PVC-banners.mp4?_=1\" \/><a href=\"http:\/\/cmykprinted.com\/wp-content\/uploads\/2022\/12\/vinyl-PVC-banners.mp4\">http:\/\/cmykprinted.com\/wp-content\/uploads\/2022\/12\/vinyl-PVC-banners.mp4<\/a><\/video><\/div>\n<p>&nbsp;<\/p>","protected":false},"featured_media":2444,"template":"","meta":{"_kad_post_transparent":"default","_kad_post_title":"hide","_kad_post_layout":"fullwidth","_kad_post_sidebar_id":"","_kad_post_content_style":"unboxed","_kad_post_vertical_padding":"hide","_kad_post_feature":"hide","_kad_post_feature_position":"","_kad_post_header":false,"_kad_post_footer":false},"product_cat":[85,90,91,89],"product_tag":[549,550,548,547],"class_list":{"0":"post-2443","1":"product","2":"type-product","3":"status-publish","4":"has-post-thumbnail","6":"product_cat-outdoor-vinyl-banners","7":"product_cat-glossy-pvc-banners","8":"product_cat-matte-vinyl-banners","9":"product_cat-pvc-banners","10":"product_tag-custom-pvc-vinyl-banners","11":"product_tag-custom-vinyl-banners-with-eyelets","12":"product_tag-pvc-banners-with-eyelets","13":"product_tag-vinyl-banners-with-eyelets","15":"first","16":"instock","17":"shipping-taxable","18":"product-type-simple","19":"entry","20":"content-bg","21":"loop-entry"},"_links":{"self":[{"href":"https:\/\/cmykprinted.com\/sk_sk\/wp-json\/wp\/v2\/product\/2443","targetHints":{"allow":["GET"]}}],"collection":[{"href":"https:\/\/cmykprinted.com\/sk_sk\/wp-json\/wp\/v2\/product"}],"about":[{"href":"https:\/\/cmykprinted.com\/sk_sk\/wp-json\/wp\/v2\/types\/product"}],"version-history":[{"count":3,"href":"https:\/\/cmykprinted.com\/sk_sk\/wp-json\/wp\/v2\/product\/2443\/revisions"}],"predecessor-version":[{"id":2469,"href":"https:\/\/cmykprinted.com\/sk_sk\/wp-json\/wp\/v2\/product\/2443\/revisions\/2469"}],"wp:featuredmedia":[{"embeddable":true,"href":"https:\/\/cmykprinted.com\/sk_sk\/wp-json\/wp\/v2\/media\/2444"}],"wp:attachment":[{"href":"https:\/\/cmykprinted.com\/sk_sk\/wp-json\/wp\/v2\/media?parent=2443"}],"wp:term":[{"taxonomy":"product_cat","embeddable":true,"href":"https:\/\/cmykprinted.com\/sk_sk\/wp-json\/wp\/v2\/product_cat?post=2443"},{"taxonomy":"product_tag","embeddable":true,"href":"https:\/\/cmykprinted.com\/sk_sk\/wp-json\/wp\/v2\/product_tag?post=2443"}],"curies":[{"name":"wp","href":"https:\/\/api.w.org\/{rel}","templated":true}]}}