{"id":2452,"date":"2025-04-23T09:23:08","date_gmt":"2025-04-23T09:23:08","guid":{"rendered":"https:\/\/cmykprinted.com\/?post_type=product&#038;p=2452"},"modified":"2025-04-23T09:23:08","modified_gmt":"2025-04-23T09:23:08","slug":"custom-trade-show-table-drapes","status":"publish","type":"product","link":"https:\/\/cmykprinted.com\/sk_sk\/produkt\/zakazkove-veltrzne-stolove-obrusy\/","title":{"rendered":"Z\u00e1kazkov\u00e9 z\u00e1vesy na v\u00fdstavn\u00e9 stoly"},"content":{"rendered":"","protected":false},"excerpt":{"rendered":"<p>Nechajte svojich z\u00e1kazn\u00edkov za\u017eiari\u0165 na ich najbli\u017e\u0161om ve\u013etrhu alebo prezent\u00e1cii s na\u0161imi p\u00fatav\u00fdmi, vysokokvalitn\u00fdmi z\u00e1vesmi na ve\u013etrhov\u00e9 stoly s potla\u010dou na mieru. Tieto kryty s\u00fa k dispoz\u00edcii v 3-strannom preveden\u00ed s otvorenou zadnou stranou a 4-strannom preveden\u00ed so zatvoren\u00fdm chrbtom. Tieto kryty s\u00fa prisp\u00f4soben\u00e9 tak, aby sa perfektne hodili na ak\u00fdko\u013evek st\u00f4l, napr\u00edklad 4 stopy, 6 st\u00f4p a 8 st\u00f4p alebo prisp\u00f4soben\u00e9 . Vyroben\u00e9 z odoln\u00e9ho 8,8 OZ polyesteru a potla\u010den\u00e9 pomocou pokro\u010dilej technol\u00f3gie sublim\u00e1cie farbiva, tieto z\u00e1vesy na v\u00fdstavn\u00e9 stoly s\u00fa vyroben\u00e9 tak, aby odolali ru\u0161n\u00e9mu prostrediu ak\u00e9hoko\u013evek podujatia.<\/p>\n<p>Udr\u017ea\u0165 ve\u013etrhov\u00fd st\u00e1nok upratan\u00fd a upratan\u00fd m\u00f4\u017ee by\u0165 probl\u00e9m, najm\u00e4 pri ob\u010dasnom rozliat\u00ed. Na\u0161\u0165astie na\u0161e plne um\u00fdvate\u013en\u00e9, plnofarebn\u00e9 po\u0165ahy na stoly robia upratovanie hra\u010dkou. Va\u0161i z\u00e1kazn\u00edci ocenia pohodlie, ke\u010f bud\u00fa m\u00f4c\u0165 obrus na konci d\u0148a hodi\u0165 do pr\u00e1\u010dky a obnovi\u0165 jeho v\u00fdrazn\u00e9, \u017eiv\u00e9 farby cez noc. S na\u0161imi z\u00e1kazkov\u00fdmi z\u00e1vesmi na obchodn\u00e9 ve\u013etrhy m\u00f4\u017eu va\u0161i klienti ka\u017ed\u00fd de\u0148 udr\u017ea\u0165 svoj st\u00e1nok ostr\u00fd a profesion\u00e1lny.<\/p>","protected":false},"featured_media":2457,"template":"","meta":{"_kad_post_transparent":"default","_kad_post_title":"hide","_kad_post_layout":"fullwidth","_kad_post_sidebar_id":"","_kad_post_content_style":"unboxed","_kad_post_vertical_padding":"hide","_kad_post_feature":"hide","_kad_post_feature_position":"","_kad_post_header":false,"_kad_post_footer":false},"product_cat":[80,81],"product_tag":[552,551],"class_list":{"0":"post-2452","1":"product","2":"type-product","3":"status-publish","4":"has-post-thumbnail","6":"product_cat-custom-tablecloth","7":"product_cat-custom-stretch-tablecloth","8":"product_tag-custom-trade-show-table-drapes","9":"product_tag-trade-show-table-drapes","11":"first","12":"instock","13":"shipping-taxable","14":"product-type-simple","15":"entry","16":"content-bg","17":"loop-entry"},"_links":{"self":[{"href":"https:\/\/cmykprinted.com\/sk_sk\/wp-json\/wp\/v2\/product\/2452","targetHints":{"allow":["GET"]}}],"collection":[{"href":"https:\/\/cmykprinted.com\/sk_sk\/wp-json\/wp\/v2\/product"}],"about":[{"href":"https:\/\/cmykprinted.com\/sk_sk\/wp-json\/wp\/v2\/types\/product"}],"version-history":[{"count":1,"href":"https:\/\/cmykprinted.com\/sk_sk\/wp-json\/wp\/v2\/product\/2452\/revisions"}],"predecessor-version":[{"id":2458,"href":"https:\/\/cmykprinted.com\/sk_sk\/wp-json\/wp\/v2\/product\/2452\/revisions\/2458"}],"wp:featuredmedia":[{"embeddable":true,"href":"https:\/\/cmykprinted.com\/sk_sk\/wp-json\/wp\/v2\/media\/2457"}],"wp:attachment":[{"href":"https:\/\/cmykprinted.com\/sk_sk\/wp-json\/wp\/v2\/media?parent=2452"}],"wp:term":[{"taxonomy":"product_cat","embeddable":true,"href":"https:\/\/cmykprinted.com\/sk_sk\/wp-json\/wp\/v2\/product_cat?post=2452"},{"taxonomy":"product_tag","embeddable":true,"href":"https:\/\/cmykprinted.com\/sk_sk\/wp-json\/wp\/v2\/product_tag?post=2452"}],"curies":[{"name":"wp","href":"https:\/\/api.w.org\/{rel}","templated":true}]}}