{"id":2471,"date":"2025-05-09T08:04:34","date_gmt":"2025-05-09T08:04:34","guid":{"rendered":"https:\/\/cmykprinted.com\/?post_type=product&#038;p=2471"},"modified":"2025-05-09T08:04:34","modified_gmt":"2025-05-09T08:04:34","slug":"cheap-outdoor-printed-mesh-banners-for-fence","status":"publish","type":"product","link":"https:\/\/cmykprinted.com\/sk_sk\/produkt\/lacne-vonkajsie-tlacene-sietove-banery-na-plot\/","title":{"rendered":"Lacn\u00e9 vonkaj\u0161ie tla\u010den\u00e9 sie\u0165ovan\u00e9 bannery na plot"},"content":{"rendered":"","protected":false},"excerpt":{"rendered":"<p>Umiestnenie reklamn\u00fdch sie\u0165ov\u00fdch bannerov na ploty je ve\u013emi efekt\u00edvny sp\u00f4sob propag\u00e1cie zna\u010diek. Ploty s\u00fa vidite\u013en\u00e9 v\u0161ade a \u013eahk\u00e9 sie\u0165ov\u00e9 bannery sa daj\u00fa in\u0161talova\u0165 na obe strany. Tento typ bannera je vodeodoln\u00fd, odoln\u00fd vo\u010di slnku a ve\u013emi \u013eahko sa in\u0161taluje. Zvy\u010dajne okolo bannera umiestnime o\u010dk\u00e1, aby sa dal pripevni\u0165 k plotu popruhmi, \u010do je ve\u013emi pevn\u00e9. Okraje bannera obal\u00edme popruhom, aby bol odolnej\u0161\u00ed. Nie je \u013eahk\u00e9 ho roztrhn\u00fa\u0165 vetrom. Povrch sie\u0165ov\u00e9ho bannera m\u00e1 ve\u013ea otvorov, tak\u017ee m\u00e1 siln\u00fa odolnos\u0165 vo\u010di vetru a vietor m\u00f4\u017ee priamo prech\u00e1dza\u0165 cez povrch bannera. Na rozdiel od PVC bannerov, ktor\u00e9 nemaj\u00fa otvory, niekedy, aby sa zv\u00fd\u0161ila odolnos\u0165 PVC bannerov, \u013eudia z\u00e1merne urobia nieko\u013eko rezov na povrchu no\u017enicami, \u010do zni\u010d\u00ed celistvos\u0165 cel\u00e9ho n\u00e1teru.<\/p>\n<div style=\"width: 960px;\" class=\"wp-video\"><!--[if lt IE 9]><script>document.createElement('video');<\/script><![endif]--><br \/>\n<video class=\"wp-video-shortcode\" id=\"video-2471-1\" width=\"960\" height=\"540\" preload=\"metadata\" controls=\"controls\"><source type=\"video\/mp4\" src=\"https:\/\/cmykprinted.com\/wp-content\/uploads\/2025\/02\/Barrier-Covers.mp4?_=1\" \/><a href=\"https:\/\/cmykprinted.com\/wp-content\/uploads\/2025\/02\/Barrier-Covers.mp4\">https:\/\/cmykprinted.com\/wp-content\/uploads\/2025\/02\/Barrier-Covers.mp4<\/a><\/video><\/div>\n<p>r<\/p>\n<div style=\"width: 960px;\" class=\"wp-video\"><video class=\"wp-video-shortcode\" id=\"video-2471-2\" width=\"960\" height=\"540\" preload=\"metadata\" controls=\"controls\"><source type=\"video\/mp4\" src=\"https:\/\/cmykprinted.com\/wp-content\/uploads\/2025\/02\/Fence-Mesh-Signage.mp4?_=2\" \/><a href=\"https:\/\/cmykprinted.com\/wp-content\/uploads\/2025\/02\/Fence-Mesh-Signage.mp4\">https:\/\/cmykprinted.com\/wp-content\/uploads\/2025\/02\/Fence-Mesh-Signage.mp4<\/a><\/video><\/div>","protected":false},"featured_media":2477,"template":"","meta":{"_kad_post_transparent":"default","_kad_post_title":"hide","_kad_post_layout":"fullwidth","_kad_post_sidebar_id":"","_kad_post_content_style":"unboxed","_kad_post_vertical_padding":"hide","_kad_post_feature":"hide","_kad_post_feature_position":"","_kad_post_header":false,"_kad_post_footer":false},"product_cat":[85,86],"product_tag":[554,553,555],"class_list":{"0":"post-2471","1":"product","2":"type-product","3":"status-publish","4":"has-post-thumbnail","6":"product_cat-outdoor-vinyl-banners","7":"product_cat-fence-mesh-banners","8":"product_tag-cheap-outdoor-printed-mesh-banners","9":"product_tag-mesh-banners-for-fence","10":"product_tag-printed-mesh-banners","12":"first","13":"instock","14":"shipping-taxable","15":"product-type-simple","16":"entry","17":"content-bg","18":"loop-entry"},"_links":{"self":[{"href":"https:\/\/cmykprinted.com\/sk_sk\/wp-json\/wp\/v2\/product\/2471","targetHints":{"allow":["GET"]}}],"collection":[{"href":"https:\/\/cmykprinted.com\/sk_sk\/wp-json\/wp\/v2\/product"}],"about":[{"href":"https:\/\/cmykprinted.com\/sk_sk\/wp-json\/wp\/v2\/types\/product"}],"version-history":[{"count":1,"href":"https:\/\/cmykprinted.com\/sk_sk\/wp-json\/wp\/v2\/product\/2471\/revisions"}],"predecessor-version":[{"id":2480,"href":"https:\/\/cmykprinted.com\/sk_sk\/wp-json\/wp\/v2\/product\/2471\/revisions\/2480"}],"wp:featuredmedia":[{"embeddable":true,"href":"https:\/\/cmykprinted.com\/sk_sk\/wp-json\/wp\/v2\/media\/2477"}],"wp:attachment":[{"href":"https:\/\/cmykprinted.com\/sk_sk\/wp-json\/wp\/v2\/media?parent=2471"}],"wp:term":[{"taxonomy":"product_cat","embeddable":true,"href":"https:\/\/cmykprinted.com\/sk_sk\/wp-json\/wp\/v2\/product_cat?post=2471"},{"taxonomy":"product_tag","embeddable":true,"href":"https:\/\/cmykprinted.com\/sk_sk\/wp-json\/wp\/v2\/product_tag?post=2471"}],"curies":[{"name":"wp","href":"https:\/\/api.w.org\/{rel}","templated":true}]}}