{"id":2511,"date":"2025-05-15T07:32:48","date_gmt":"2025-05-15T07:32:48","guid":{"rendered":"https:\/\/cmykprinted.com\/?post_type=product&#038;p=2511"},"modified":"2025-05-15T07:37:54","modified_gmt":"2025-05-15T07:37:54","slug":"6-foot-logo-table-covers-for-trade-shows","status":"publish","type":"product","link":"https:\/\/cmykprinted.com\/sk_sk\/produkt\/potahy-na-stol-s-logom-6-stop-pre-veltrhy\/","title":{"rendered":"6-stopov\u00e9 obrusy na stoly s logom pre ve\u013etrhy"},"content":{"rendered":"","protected":false},"excerpt":{"rendered":"<p>Ve\u013emi efekt\u00edvnym a cenovo dostupn\u00fdm sp\u00f4sobom, ako vylep\u0161i\u0165 svoj st\u00e1nok na ve\u013etrhu, je pou\u017eitie vizu\u00e1lne p\u00fatav\u00fdch obrusov na mieru. V\u010faka na\u0161ej pokro\u010dilej technol\u00f3gii sublima\u010dnej tla\u010de tieto obrusy nielen\u017ee vyzeraj\u00fa p\u00f4sobivo, ale s\u00fa aj \u013eahk\u00e9, \u013eahko sa montuj\u00fa a nen\u00e1ro\u010dn\u00e9 na \u00fadr\u017ebu. V\u010faka tomu s\u00fa skvelou vo\u013ebou pre \u00fa\u010dastn\u00edkov ve\u013etrhov. Tla\u010den\u00e9 vzory prezentuj\u00fa identitu va\u0161ej zna\u010dky. Obrusy si m\u00f4\u017eete prisp\u00f4sobi\u0165 pre dan\u00fa udalos\u0165 zahrnut\u00edm prvkov va\u0161ej zna\u010dky, ako je logo va\u0161ej spolo\u010dnosti, kontaktn\u00e9 inform\u00e1cie, obr\u00e1zky a charakteristick\u00e9 farby zna\u010dky.<\/p>\n<div style=\"width: 1280px;\" class=\"wp-video\"><!--[if lt IE 9]><script>document.createElement('video');<\/script><![endif]--><br \/>\n<video class=\"wp-video-shortcode\" id=\"video-2511-1\" width=\"1280\" height=\"720\" preload=\"metadata\" controls=\"controls\"><source type=\"video\/mp4\" src=\"https:\/\/cmykprinted.com\/wp-content\/uploads\/2025\/05\/Logo-Table-Covers-for-Trade-Shows-01.mp4?_=1\" \/><a href=\"https:\/\/cmykprinted.com\/wp-content\/uploads\/2025\/05\/Logo-Table-Covers-for-Trade-Shows-01.mp4\">https:\/\/cmykprinted.com\/wp-content\/uploads\/2025\/05\/Logo-Table-Covers-for-Trade-Shows-01.mp4<\/a><\/video><\/div>","protected":false},"featured_media":2518,"template":"","meta":{"_kad_post_transparent":"default","_kad_post_title":"hide","_kad_post_layout":"fullwidth","_kad_post_sidebar_id":"","_kad_post_content_style":"unboxed","_kad_post_vertical_padding":"hide","_kad_post_feature":"hide","_kad_post_feature_position":"","_kad_post_header":false,"_kad_post_footer":false},"product_cat":[80,81],"product_tag":[560,561,559],"class_list":{"0":"post-2511","1":"product","2":"type-product","3":"status-publish","4":"has-post-thumbnail","6":"product_cat-custom-tablecloth","7":"product_cat-custom-stretch-tablecloth","8":"product_tag-6-foot-logo-table-covers-for-trade-shows","9":"product_tag-6-foot-table-covers","10":"product_tag-table-covers-for-trade-shows","12":"first","13":"instock","14":"shipping-taxable","15":"product-type-simple","16":"entry","17":"content-bg","18":"loop-entry"},"_links":{"self":[{"href":"https:\/\/cmykprinted.com\/sk_sk\/wp-json\/wp\/v2\/product\/2511","targetHints":{"allow":["GET"]}}],"collection":[{"href":"https:\/\/cmykprinted.com\/sk_sk\/wp-json\/wp\/v2\/product"}],"about":[{"href":"https:\/\/cmykprinted.com\/sk_sk\/wp-json\/wp\/v2\/types\/product"}],"version-history":[{"count":3,"href":"https:\/\/cmykprinted.com\/sk_sk\/wp-json\/wp\/v2\/product\/2511\/revisions"}],"predecessor-version":[{"id":2522,"href":"https:\/\/cmykprinted.com\/sk_sk\/wp-json\/wp\/v2\/product\/2511\/revisions\/2522"}],"wp:featuredmedia":[{"embeddable":true,"href":"https:\/\/cmykprinted.com\/sk_sk\/wp-json\/wp\/v2\/media\/2518"}],"wp:attachment":[{"href":"https:\/\/cmykprinted.com\/sk_sk\/wp-json\/wp\/v2\/media?parent=2511"}],"wp:term":[{"taxonomy":"product_cat","embeddable":true,"href":"https:\/\/cmykprinted.com\/sk_sk\/wp-json\/wp\/v2\/product_cat?post=2511"},{"taxonomy":"product_tag","embeddable":true,"href":"https:\/\/cmykprinted.com\/sk_sk\/wp-json\/wp\/v2\/product_tag?post=2511"}],"curies":[{"name":"wp","href":"https:\/\/api.w.org\/{rel}","templated":true}]}}