{"id":2524,"date":"2025-05-16T07:24:19","date_gmt":"2025-05-16T07:24:19","guid":{"rendered":"https:\/\/cmykprinted.com\/?post_type=product&#038;p=2524"},"modified":"2025-05-16T07:24:19","modified_gmt":"2025-05-16T07:24:19","slug":"custom-table-cloths-for-6-foot-table","status":"publish","type":"product","link":"https:\/\/cmykprinted.com\/sk_sk\/produkt\/zakazkove-obrusy-na-6-stopovy-stol\/","title":{"rendered":"Obrusy na mieru pre 6-stopov\u00fd st\u00f4l"},"content":{"rendered":"","protected":false},"excerpt":{"rendered":"<p>Obrusy na mieru pre 1,8 metrov\u00fd st\u00f4l \u2013 personalizovan\u00e1 elegancia a funk\u010dnos\u0165<\/p>\n<p>Preme\u0148te ak\u00fako\u013evek udalos\u0165, ve\u013etrh alebo jed\u00e1le\u0148 s na\u0161imi pr\u00e9miov\u00fdmi obrusmi na mieru pre 1,8 metrov\u00e9 stoly. Na\u0161e obrusy s\u00fa navrhnut\u00e9 tak, aby sa dokonale hodili na \u0161tandardn\u00e9 1,8 metrov\u00e9 obd\u013a\u017enikov\u00e9 stoly (zvy\u010dajne s d\u013a\u017ekou 183 cm, \u0161\u00edrkou 76 cm a v\u00fd\u0161kou 75 \u2013 76 cm). Pon\u00fakaj\u00fa ide\u00e1lnu kombin\u00e1ciu dizajnu na mieru, vysoko kvalitnej l\u00e1tky a personalizovan\u00e9ho \u0161t\u00fdlu. \u010ci u\u017e propagujete svoju firmu alebo vylep\u0161ujete dekor\u00e1ciu svojho domova, tieto obrusy na mieru prin\u00e1\u0161aj\u00fa kr\u00e1su aj praktickos\u0165.<\/p>\n<p>Prisp\u00f4soben\u00fd strih pre profesion\u00e1lny vzh\u013ead<br \/>\nNa\u0161e obrusy na mieru s\u00fa vyroben\u00e9 s prec\u00edznos\u0165ou, aby zabezpe\u010dili priliehav\u00e9 a elegantn\u00e9 uchytenie na 1,8 metrov\u00fd st\u00f4l. Ich proporcie s\u00fa navrhnut\u00e9 tak, aby hladko spl\u00fdvali zo v\u0161etk\u00fdch str\u00e1n a poskytovali \u010dist\u00fd a nekr\u010div\u00fd vzh\u013ead, ktor\u00fd umoc\u0148uje estetiku va\u0161ej prezent\u00e1cie alebo podujatia. \u010ci u\u017e sa pou\u017e\u00edvaj\u00fa na form\u00e1lne bankety, v\u00fdstavy alebo neform\u00e1lne stretnutia, prisp\u00f4soben\u00fd \u0161t\u00fdl dod\u00e1va n\u00e1dych profesionality a sofistikovanosti.<\/p>\n<div style=\"width: 1280px;\" class=\"wp-video\"><!--[if lt IE 9]><script>document.createElement('video');<\/script><![endif]--><br \/>\n<video class=\"wp-video-shortcode\" id=\"video-2524-1\" width=\"1280\" height=\"720\" preload=\"metadata\" controls=\"controls\"><source type=\"video\/mp4\" src=\"https:\/\/cmykprinted.com\/wp-content\/uploads\/2025\/05\/Logo-Table-Covers-for-Trade-Shows-01.mp4?_=1\" \/><a href=\"https:\/\/cmykprinted.com\/wp-content\/uploads\/2025\/05\/Logo-Table-Covers-for-Trade-Shows-01.mp4\">https:\/\/cmykprinted.com\/wp-content\/uploads\/2025\/05\/Logo-Table-Covers-for-Trade-Shows-01.mp4<\/a><\/video><\/div>","protected":false},"featured_media":2527,"template":"","meta":{"_kad_post_transparent":"default","_kad_post_title":"hide","_kad_post_layout":"fullwidth","_kad_post_sidebar_id":"","_kad_post_content_style":"unboxed","_kad_post_vertical_padding":"hide","_kad_post_feature":"hide","_kad_post_feature_position":"","_kad_post_header":false,"_kad_post_footer":false},"product_cat":[80,81],"product_tag":[563,158,562],"class_list":{"0":"post-2524","1":"product","2":"type-product","3":"status-publish","4":"has-post-thumbnail","6":"product_cat-custom-tablecloth","7":"product_cat-custom-stretch-tablecloth","8":"product_tag-custom-table-cloths","9":"product_tag-custom-tablecloth","10":"product_tag-tablecloth-for-6-foot-table","12":"first","13":"instock","14":"shipping-taxable","15":"product-type-simple","16":"entry","17":"content-bg","18":"loop-entry"},"_links":{"self":[{"href":"https:\/\/cmykprinted.com\/sk_sk\/wp-json\/wp\/v2\/product\/2524","targetHints":{"allow":["GET"]}}],"collection":[{"href":"https:\/\/cmykprinted.com\/sk_sk\/wp-json\/wp\/v2\/product"}],"about":[{"href":"https:\/\/cmykprinted.com\/sk_sk\/wp-json\/wp\/v2\/types\/product"}],"version-history":[{"count":2,"href":"https:\/\/cmykprinted.com\/sk_sk\/wp-json\/wp\/v2\/product\/2524\/revisions"}],"predecessor-version":[{"id":2530,"href":"https:\/\/cmykprinted.com\/sk_sk\/wp-json\/wp\/v2\/product\/2524\/revisions\/2530"}],"wp:featuredmedia":[{"embeddable":true,"href":"https:\/\/cmykprinted.com\/sk_sk\/wp-json\/wp\/v2\/media\/2527"}],"wp:attachment":[{"href":"https:\/\/cmykprinted.com\/sk_sk\/wp-json\/wp\/v2\/media?parent=2524"}],"wp:term":[{"taxonomy":"product_cat","embeddable":true,"href":"https:\/\/cmykprinted.com\/sk_sk\/wp-json\/wp\/v2\/product_cat?post=2524"},{"taxonomy":"product_tag","embeddable":true,"href":"https:\/\/cmykprinted.com\/sk_sk\/wp-json\/wp\/v2\/product_tag?post=2524"}],"curies":[{"name":"wp","href":"https:\/\/api.w.org\/{rel}","templated":true}]}}