{"id":2533,"date":"2025-05-19T07:28:34","date_gmt":"2025-05-19T07:28:34","guid":{"rendered":"https:\/\/cmykprinted.com\/?post_type=product&#038;p=2533"},"modified":"2025-05-19T07:28:34","modified_gmt":"2025-05-19T07:28:34","slug":"ez-tube-trade-show-tension-fabric-displays","status":"publish","type":"product","link":"https:\/\/cmykprinted.com\/sk_sk\/produkt\/ez-rurka-veltrh-napnuta-latka-displeje\/","title":{"rendered":"Zobrazenia nap\u00ednac\u00edch tkan\u00edn na ve\u013etrhu EZ Tube"},"content":{"rendered":"","protected":false},"excerpt":{"rendered":"<p>V\u00fdstavn\u00e9 nap\u00ednacie textiln\u00e9 displeje EZ Tube s\u00fa \u013eahk\u00e9, prenosn\u00e9 zobrazovacie syst\u00e9my ur\u010den\u00e9 pre ve\u013etrhy, v\u00fdstavy a propaga\u010dn\u00e9 akcie. Tieto displeje sa vyzna\u010duj\u00fa odoln\u00fdm hlin\u00edkov\u00fdm r\u00farkov\u00fdm r\u00e1mom, ktor\u00fd sa \u013eahko zacvak\u00e1va bez potreby n\u00e1radia. Na r\u00e1m sa nasad\u00ed grafika z elastickej nap\u00ednacej text\u00edlie s vlastnou potla\u010dou, ktor\u00e1 sa nasad\u00ed ako oblie\u010dka na vank\u00fa\u0161, \u010d\u00edm vytvor\u00ed hladk\u00fd a nekr\u010div\u00fd vzh\u013ead. \u017div\u00e1 grafika s vysok\u00fdm rozl\u00ed\u0161en\u00edm je sublimovan\u00e1 pre dlhotrvaj\u00facu farbu a efekt. Displeje EZ Tube s\u00fa dostupn\u00e9 v r\u00f4znych ve\u013ekostiach a \u0161t\u00fdloch vr\u00e1tane pozad\u00ed, ve\u017e\u00ed, pultov a z\u00e1vesn\u00fdch n\u00e1pisov. \u013dahko sa montuj\u00fa, demontuj\u00fa a prepravuj\u00fa, v\u010faka \u010domu s\u00fa ob\u013e\u00fabenou vo\u013ebou pre firmy, ktor\u00e9 h\u013eadaj\u00fa profesion\u00e1lne a pohodln\u00e9 rie\u0161enie pre branding na cest\u00e1ch. Displeje EZ Tube s\u00fa ide\u00e1lne na vytvorenie p\u00fatavej prezent\u00e1cie a kombinuj\u00fa \u0161t\u00fdl, funk\u010dnos\u0165 a jednoduch\u00e9 pou\u017e\u00edvanie v jednom kompaktnom balen\u00ed.<\/p>\n<div style=\"width: 1280px;\" class=\"wp-video\"><!--[if lt IE 9]><script>document.createElement('video');<\/script><![endif]--><br \/>\n<video class=\"wp-video-shortcode\" id=\"video-2533-1\" width=\"1280\" height=\"720\" preload=\"metadata\" controls=\"controls\"><source type=\"video\/mp4\" src=\"https:\/\/cmykprinted.com\/wp-content\/uploads\/2024\/04\/custom-tension-fabric-display.mp4?_=1\" \/><a href=\"https:\/\/cmykprinted.com\/wp-content\/uploads\/2024\/04\/custom-tension-fabric-display.mp4\">https:\/\/cmykprinted.com\/wp-content\/uploads\/2024\/04\/custom-tension-fabric-display.mp4<\/a><\/video><\/div>\n<p>&nbsp;<\/p>\n<p>&nbsp;<\/p>","protected":false},"featured_media":2541,"template":"","meta":{"_kad_post_transparent":"default","_kad_post_title":"hide","_kad_post_layout":"fullwidth","_kad_post_sidebar_id":"","_kad_post_content_style":"unboxed","_kad_post_vertical_padding":"hide","_kad_post_feature":"hide","_kad_post_feature_position":"","_kad_post_header":false,"_kad_post_footer":false},"product_cat":[97,99],"product_tag":[565,134,564],"class_list":{"0":"post-2533","1":"product","2":"type-product","3":"status-publish","4":"has-post-thumbnail","6":"product_cat-tension-fabric-displays","7":"product_cat-custom-fabric-displays","8":"product_tag-ez-tube-fabric-displays","9":"product_tag-tension-fabric-displays","10":"product_tag-trade-show-tension-fabric-displays","12":"first","13":"instock","14":"shipping-taxable","15":"product-type-simple","16":"entry","17":"content-bg","18":"loop-entry"},"_links":{"self":[{"href":"https:\/\/cmykprinted.com\/sk_sk\/wp-json\/wp\/v2\/product\/2533","targetHints":{"allow":["GET"]}}],"collection":[{"href":"https:\/\/cmykprinted.com\/sk_sk\/wp-json\/wp\/v2\/product"}],"about":[{"href":"https:\/\/cmykprinted.com\/sk_sk\/wp-json\/wp\/v2\/types\/product"}],"version-history":[{"count":1,"href":"https:\/\/cmykprinted.com\/sk_sk\/wp-json\/wp\/v2\/product\/2533\/revisions"}],"predecessor-version":[{"id":2542,"href":"https:\/\/cmykprinted.com\/sk_sk\/wp-json\/wp\/v2\/product\/2533\/revisions\/2542"}],"wp:featuredmedia":[{"embeddable":true,"href":"https:\/\/cmykprinted.com\/sk_sk\/wp-json\/wp\/v2\/media\/2541"}],"wp:attachment":[{"href":"https:\/\/cmykprinted.com\/sk_sk\/wp-json\/wp\/v2\/media?parent=2533"}],"wp:term":[{"taxonomy":"product_cat","embeddable":true,"href":"https:\/\/cmykprinted.com\/sk_sk\/wp-json\/wp\/v2\/product_cat?post=2533"},{"taxonomy":"product_tag","embeddable":true,"href":"https:\/\/cmykprinted.com\/sk_sk\/wp-json\/wp\/v2\/product_tag?post=2533"}],"curies":[{"name":"wp","href":"https:\/\/api.w.org\/{rel}","templated":true}]}}