{"id":2545,"date":"2025-05-19T09:09:51","date_gmt":"2025-05-19T09:09:51","guid":{"rendered":"https:\/\/cmykprinted.com\/?post_type=product&#038;p=2545"},"modified":"2025-05-19T09:09:51","modified_gmt":"2025-05-19T09:09:51","slug":"custom-step-and-repeat-logo-wall-backdrop","status":"publish","type":"product","link":"https:\/\/cmykprinted.com\/sk_sk\/produkt\/vlastne-step-and-repeat-logo-stena-pozadie\/","title":{"rendered":"N\u00e1stenn\u00e9 pozadie s logom na mieru Step and Repeat"},"content":{"rendered":"","protected":false},"excerpt":{"rendered":"<p>N\u00e1stenn\u00e9 pozadie s opakuj\u00facim sa vzorom a logom na mieru je profesion\u00e1lne a p\u00fatav\u00e9 rie\u0161enie pre podujatia, \u010derven\u00e9 koberce, tla\u010dov\u00e9 konferencie a fotenia. Toto pozadie je navrhnut\u00e9 tak, aby v\u00fdrazne zobrazovalo log\u00e1 v opakuj\u00facom sa vzore, zvy\u0161uje vidite\u013enos\u0165 zna\u010dky a vytv\u00e1ra elegantn\u00e9 a p\u00f4sobiv\u00e9 prostredie. Je vybaven\u00e9 odoln\u00fdm, nastavite\u013en\u00fdm r\u00e1mom a vysoko kvalitnou l\u00e1tkovou alebo vinylovou potla\u010dou s vlastn\u00fdm dizajnom s va\u0161imi logami alebo grafikou. \u013dahko sa in\u0161taluje a prepravuje, je ide\u00e1lne pre propaga\u010dn\u00e9 akcie, medi\u00e1lne steny alebo sponzorsk\u00e9 prezent\u00e1cie. Bez\u0161vov\u00fd dizajn zais\u0165uje \u010dist\u00fd a profesion\u00e1lny vzh\u013ead na ka\u017edej fotografii. Ide\u00e1lne pre marketing, PR alebo firemn\u00fd branding, pozadie s opakuj\u00facim sa vzorom prin\u00e1\u0161a \u0161t\u00fdl aj vidite\u013enos\u0165 v jednom v\u0161estrannom zobrazen\u00ed.<\/p>\n<div style=\"width: 1280px;\" class=\"wp-video\"><!--[if lt IE 9]><script>document.createElement('video');<\/script><![endif]--><br \/>\n<video class=\"wp-video-shortcode\" id=\"video-2545-1\" width=\"1280\" height=\"720\" preload=\"metadata\" controls=\"controls\"><source type=\"video\/mp4\" src=\"https:\/\/cmykprinted.com\/wp-content\/uploads\/2025\/05\/Custom-Step-and-Repeat-Backdrop.mp4?_=1\" \/><a href=\"https:\/\/cmykprinted.com\/wp-content\/uploads\/2025\/05\/Custom-Step-and-Repeat-Backdrop.mp4\">https:\/\/cmykprinted.com\/wp-content\/uploads\/2025\/05\/Custom-Step-and-Repeat-Backdrop.mp4<\/a><\/video><\/div>","protected":false},"featured_media":2548,"template":"","meta":{"_kad_post_transparent":"default","_kad_post_title":"hide","_kad_post_layout":"fullwidth","_kad_post_sidebar_id":"","_kad_post_content_style":"unboxed","_kad_post_vertical_padding":"hide","_kad_post_feature":"hide","_kad_post_feature_position":"","_kad_post_header":false,"_kad_post_footer":false},"product_cat":[97,98],"product_tag":[567,566,568],"class_list":{"0":"post-2545","1":"product","2":"type-product","3":"status-publish","4":"has-post-thumbnail","6":"product_cat-tension-fabric-displays","7":"product_cat-curved-tension-fabric-pop-up-displays","8":"product_tag-custom-step-and-repeat-backdrop","9":"product_tag-logo-wall-backdrop","10":"product_tag-step-and-repeat-logo-backdrop","12":"first","13":"instock","14":"shipping-taxable","15":"product-type-simple","16":"entry","17":"content-bg","18":"loop-entry"},"_links":{"self":[{"href":"https:\/\/cmykprinted.com\/sk_sk\/wp-json\/wp\/v2\/product\/2545","targetHints":{"allow":["GET"]}}],"collection":[{"href":"https:\/\/cmykprinted.com\/sk_sk\/wp-json\/wp\/v2\/product"}],"about":[{"href":"https:\/\/cmykprinted.com\/sk_sk\/wp-json\/wp\/v2\/types\/product"}],"version-history":[{"count":1,"href":"https:\/\/cmykprinted.com\/sk_sk\/wp-json\/wp\/v2\/product\/2545\/revisions"}],"predecessor-version":[{"id":2552,"href":"https:\/\/cmykprinted.com\/sk_sk\/wp-json\/wp\/v2\/product\/2545\/revisions\/2552"}],"wp:featuredmedia":[{"embeddable":true,"href":"https:\/\/cmykprinted.com\/sk_sk\/wp-json\/wp\/v2\/media\/2548"}],"wp:attachment":[{"href":"https:\/\/cmykprinted.com\/sk_sk\/wp-json\/wp\/v2\/media?parent=2545"}],"wp:term":[{"taxonomy":"product_cat","embeddable":true,"href":"https:\/\/cmykprinted.com\/sk_sk\/wp-json\/wp\/v2\/product_cat?post=2545"},{"taxonomy":"product_tag","embeddable":true,"href":"https:\/\/cmykprinted.com\/sk_sk\/wp-json\/wp\/v2\/product_tag?post=2545"}],"curies":[{"name":"wp","href":"https:\/\/api.w.org\/{rel}","templated":true}]}}