{"id":2556,"date":"2025-05-20T09:02:02","date_gmt":"2025-05-20T09:02:02","guid":{"rendered":"https:\/\/cmykprinted.com\/?post_type=product&#038;p=2556"},"modified":"2025-05-20T09:02:02","modified_gmt":"2025-05-20T09:02:02","slug":"cheap-step-and-repeat-backdrop-with-stand","status":"publish","type":"product","link":"https:\/\/cmykprinted.com\/sk_sk\/produkt\/lacny-step-and-repeat-pozadie-so-stojanom\/","title":{"rendered":"Lacn\u00e9 pozadie s krokmi a opakovaniami so stojanom"},"content":{"rendered":"","protected":false},"excerpt":{"rendered":"<p>Vytvorte si profesion\u00e1lnu fotografick\u00fa pr\u00edle\u017eitos\u0165 na va\u0161ej \u010fal\u0161ej akcii s t\u00fdmto pozad\u00edm Step and Repeat so stojanom. Toto pozadie je ide\u00e1lne na podujatia s \u010derven\u00fdm kobercom, tla\u010dov\u00e9 konferencie, ve\u013etrhy, svadby a firemn\u00e9 akcie a obsahuje prisp\u00f4sobite\u013en\u00fd l\u00e1tkov\u00fd banner, ktor\u00fd je zvy\u010dajne potla\u010den\u00fd opakuj\u00facimi sa logami alebo vzormi zna\u010diek.<\/p>\n<p>Banner je vyroben\u00fd z odolnej polyesterovej tkaniny odolnej vo\u010di pokr\u010deniu a pon\u00faka tla\u010d s vysok\u00fdm rozl\u00ed\u0161en\u00edm pre \u017eiariv\u00e9 a p\u00fatav\u00e9 zobrazenie. Robustn\u00fd hlin\u00edkov\u00fd stojan je nastavite\u013en\u00fd na v\u00fd\u0161ku aj \u0161\u00edrku, v\u010faka \u010domu je vhodn\u00fd pre bannery r\u00f4znych ve\u013ekost\u00ed, zvy\u010dajne do 2,4 x 2,4 metra. R\u00e1m sa \u013eahko montuje a rozober\u00e1, obsahuje teleskopick\u00e9 ty\u010de a bezpe\u010dn\u00e9 uzamykacie mechanizmy pre stabiln\u00e9 umiestnenie. S\u00fa\u010das\u0165ou balenia je aj prenosn\u00e1 ta\u0161ka pre pohodln\u00e9 pren\u00e1\u0161anie a skladovanie.<\/p>\n<p>Toto pozadie nielen zvy\u0161uje vidite\u013enos\u0165 zna\u010dky, ale dod\u00e1va aj n\u00e1dych elegancie a profesionality ak\u00e9muko\u013evek prostrediu. \u010ci u\u017e ide o propaga\u010dn\u00e9 fotografie, rozhovory alebo \u0161peci\u00e1lne oslavy, pozadie Step and Repeat zaru\u010d\u00ed, \u017ee va\u0161a udalos\u0165 zanech\u00e1 trval\u00fd dojem.<\/p>\n<div style=\"width: 720px;\" class=\"wp-video\"><!--[if lt IE 9]><script>document.createElement('video');<\/script><![endif]--><br \/>\n<video class=\"wp-video-shortcode\" id=\"video-2556-1\" width=\"720\" height=\"720\" preload=\"metadata\" controls=\"controls\"><source type=\"video\/mp4\" src=\"https:\/\/cmykprinted.com\/wp-content\/uploads\/2025\/05\/\u89c6\u9891-383512795067.mp4?_=1\" \/><a href=\"https:\/\/cmykprinted.com\/wp-content\/uploads\/2025\/05\/\u89c6\u9891-383512795067.mp4\">https:\/\/cmykprinted.com\/wp-content\/uploads\/2025\/05\/\u89c6\u9891-383512795067.mp4<\/a><\/video><\/div>\n<div style=\"width: 540px;\" class=\"wp-video\"><video class=\"wp-video-shortcode\" id=\"video-2556-2\" width=\"540\" height=\"540\" preload=\"metadata\" controls=\"controls\"><source type=\"video\/mp4\" src=\"https:\/\/cmykprinted.com\/wp-content\/uploads\/2025\/05\/Step-and-Repeat-Backdrop-with-Stand.mp4?_=2\" \/><a href=\"https:\/\/cmykprinted.com\/wp-content\/uploads\/2025\/05\/Step-and-Repeat-Backdrop-with-Stand.mp4\">https:\/\/cmykprinted.com\/wp-content\/uploads\/2025\/05\/Step-and-Repeat-Backdrop-with-Stand.mp4<\/a><\/video><\/div>","protected":false},"featured_media":2561,"template":"","meta":{"_kad_post_transparent":"default","_kad_post_title":"hide","_kad_post_layout":"fullwidth","_kad_post_sidebar_id":"","_kad_post_content_style":"unboxed","_kad_post_vertical_padding":"hide","_kad_post_feature":"hide","_kad_post_feature_position":"","_kad_post_header":false,"_kad_post_footer":false},"product_cat":[97,98],"product_tag":[567,566,568],"class_list":{"0":"post-2556","1":"product","2":"type-product","3":"status-publish","4":"has-post-thumbnail","6":"product_cat-tension-fabric-displays","7":"product_cat-curved-tension-fabric-pop-up-displays","8":"product_tag-custom-step-and-repeat-backdrop","9":"product_tag-logo-wall-backdrop","10":"product_tag-step-and-repeat-logo-backdrop","12":"first","13":"instock","14":"shipping-taxable","15":"product-type-simple","16":"entry","17":"content-bg","18":"loop-entry"},"_links":{"self":[{"href":"https:\/\/cmykprinted.com\/sk_sk\/wp-json\/wp\/v2\/product\/2556","targetHints":{"allow":["GET"]}}],"collection":[{"href":"https:\/\/cmykprinted.com\/sk_sk\/wp-json\/wp\/v2\/product"}],"about":[{"href":"https:\/\/cmykprinted.com\/sk_sk\/wp-json\/wp\/v2\/types\/product"}],"version-history":[{"count":1,"href":"https:\/\/cmykprinted.com\/sk_sk\/wp-json\/wp\/v2\/product\/2556\/revisions"}],"predecessor-version":[{"id":2567,"href":"https:\/\/cmykprinted.com\/sk_sk\/wp-json\/wp\/v2\/product\/2556\/revisions\/2567"}],"wp:featuredmedia":[{"embeddable":true,"href":"https:\/\/cmykprinted.com\/sk_sk\/wp-json\/wp\/v2\/media\/2561"}],"wp:attachment":[{"href":"https:\/\/cmykprinted.com\/sk_sk\/wp-json\/wp\/v2\/media?parent=2556"}],"wp:term":[{"taxonomy":"product_cat","embeddable":true,"href":"https:\/\/cmykprinted.com\/sk_sk\/wp-json\/wp\/v2\/product_cat?post=2556"},{"taxonomy":"product_tag","embeddable":true,"href":"https:\/\/cmykprinted.com\/sk_sk\/wp-json\/wp\/v2\/product_tag?post=2556"}],"curies":[{"name":"wp","href":"https:\/\/api.w.org\/{rel}","templated":true}]}}