{"id":2582,"date":"2025-05-21T06:04:22","date_gmt":"2025-05-21T06:04:22","guid":{"rendered":"https:\/\/cmykprinted.com\/?post_type=product&#038;p=2582"},"modified":"2025-05-21T06:04:22","modified_gmt":"2025-05-21T06:04:22","slug":"custom-feather-flags-australia-queensland-beach-banners","status":"publish","type":"product","link":"https:\/\/cmykprinted.com\/sk_sk\/produkt\/vlastne-perove-vlajky-australia-queensland-plazove-banner\/","title":{"rendered":"Vlastn\u00e9 vlajky z peria Austr\u00e1lia Queensland Pl\u00e1\u017eov\u00e9 bannery"},"content":{"rendered":"","protected":false},"excerpt":{"rendered":"<p>Vlajky z peria na mieru s\u00fa \u017eiv\u00fdm a efekt\u00edvnym sp\u00f4sobom, ako propagova\u0165 va\u0161u firmu, zna\u010dku alebo udalos\u0165 v celej Austr\u00e1lii. Tieto p\u00fatav\u00e9 bannery, navrhnut\u00e9 pre vysok\u00fa vidite\u013enos\u0165, s\u00fa ide\u00e1lne pre vonkaj\u0161ie trhy, v\u00fdklady, festivaly, \u0161portov\u00e9 podujatia a ve\u013etrhy. \u010ci u\u017e ste mal\u00e1 firma alebo n\u00e1rodn\u00e1 zna\u010dka, vlajky z peria pon\u00fakaj\u00fa profesion\u00e1lne a cenovo dostupn\u00e9 reklamn\u00e9 rie\u0161enie.<\/p>\n<p>V rozmanitom austr\u00e1lskom podneb\u00ed s\u00fa na\u0161e perov\u00e9 vlajky vyroben\u00e9 tak, aby vydr\u017eali. S\u00fa vyroben\u00e9 z odolnej polyesterovej tkaniny a potla\u010den\u00e9 farbami odoln\u00fdmi vo\u010di UV \u017eiareniu, tak\u017ee odol\u00e1vaj\u00fa ostr\u00e9mu slnku, vetru a da\u017e\u010fu. \u013dahk\u00e1 kon\u0161trukcia umo\u017e\u0148uje jednoduch\u00fa mont\u00e1\u017e, prepravu a premiest\u0148ovanie pod\u013ea potreby.<\/p>\n<p>M\u00f4\u017eete si vybra\u0165 jednostrann\u00fa alebo obojstrann\u00fa tla\u010d v z\u00e1vislosti od va\u0161ich potrieb vidite\u013enosti. Ka\u017ed\u00fa vlajku je mo\u017en\u00e9 plne prisp\u00f4sobi\u0165 va\u0161\u00edm logom, farbami a textom, \u010do v\u00e1m pom\u00f4\u017ee vynikn\u00fa\u0165 na akomko\u013evek mieste. K dispoz\u00edcii s\u00fa r\u00f4zne ve\u013ekosti a mo\u017enosti podstavcov, ktor\u00e9 sa hodia na r\u00f4zne povrchy \u2013 \u010di u\u017e potrebujete zemn\u00e9 hroty na pl\u00e1\u017ee a polia, alebo kr\u00ed\u017eov\u00e9 podstavce s vodn\u00fdmi vakmi na bet\u00f3n alebo vn\u00fatorn\u00e9 priestory.<\/p>\n<p>Od Melbourne po Brisbane a od Sydney po Perth, dod\u00e1vame firm\u00e1m po celej krajine vlajky z peria na mieru, ktor\u00e9 sa r\u00fdchlo vyr\u00e1baj\u00fa a jednoducho in\u0161taluj\u00fa. N\u00e1\u0161 t\u00edm je tu, aby v\u00e1m pomohol s n\u00e1vrhom, tla\u010dou a dodan\u00edm, \u010d\u00edm zabezpe\u010d\u00ed hladk\u00fd a spo\u013eahliv\u00fd priebeh zaka\u017ed\u00fdm.<\/p>\n<p>Vyberte si austr\u00e1lske vlajky z peria na mieru, aby ste posilnili svoju zna\u010dku a up\u00fatali pozornos\u0165, nech ste kdeko\u013evek.<\/p>","protected":false},"featured_media":2584,"template":"","meta":{"_kad_post_transparent":"default","_kad_post_title":"hide","_kad_post_layout":"fullwidth","_kad_post_sidebar_id":"","_kad_post_content_style":"unboxed","_kad_post_vertical_padding":"hide","_kad_post_feature":"hide","_kad_post_feature_position":"","_kad_post_header":false,"_kad_post_footer":false},"product_cat":[64,65,66,67],"product_tag":[321,573,574,575],"class_list":{"0":"post-2582","1":"product","2":"type-product","3":"status-publish","4":"has-post-thumbnail","6":"product_cat-beach-flags","7":"product_cat-feather-flags-banners","8":"product_cat-rectangular-flags-banners","9":"product_cat-teardrop-flags-banners","10":"product_tag-custom-feather-flags","11":"product_tag-feather-flags-australia","12":"product_tag-feather-flags-queensland","13":"product_tag-queensland-beach-banners","15":"first","16":"instock","17":"shipping-taxable","18":"product-type-simple","19":"entry","20":"content-bg","21":"loop-entry"},"_links":{"self":[{"href":"https:\/\/cmykprinted.com\/sk_sk\/wp-json\/wp\/v2\/product\/2582","targetHints":{"allow":["GET"]}}],"collection":[{"href":"https:\/\/cmykprinted.com\/sk_sk\/wp-json\/wp\/v2\/product"}],"about":[{"href":"https:\/\/cmykprinted.com\/sk_sk\/wp-json\/wp\/v2\/types\/product"}],"version-history":[{"count":1,"href":"https:\/\/cmykprinted.com\/sk_sk\/wp-json\/wp\/v2\/product\/2582\/revisions"}],"predecessor-version":[{"id":2590,"href":"https:\/\/cmykprinted.com\/sk_sk\/wp-json\/wp\/v2\/product\/2582\/revisions\/2590"}],"wp:featuredmedia":[{"embeddable":true,"href":"https:\/\/cmykprinted.com\/sk_sk\/wp-json\/wp\/v2\/media\/2584"}],"wp:attachment":[{"href":"https:\/\/cmykprinted.com\/sk_sk\/wp-json\/wp\/v2\/media?parent=2582"}],"wp:term":[{"taxonomy":"product_cat","embeddable":true,"href":"https:\/\/cmykprinted.com\/sk_sk\/wp-json\/wp\/v2\/product_cat?post=2582"},{"taxonomy":"product_tag","embeddable":true,"href":"https:\/\/cmykprinted.com\/sk_sk\/wp-json\/wp\/v2\/product_tag?post=2582"}],"curies":[{"name":"wp","href":"https:\/\/api.w.org\/{rel}","templated":true}]}}