{"id":2591,"date":"2025-05-21T09:11:06","date_gmt":"2025-05-21T09:11:06","guid":{"rendered":"https:\/\/cmykprinted.com\/?post_type=product&#038;p=2591"},"modified":"2025-05-23T14:07:36","modified_gmt":"2025-05-23T14:07:36","slug":"custom-printed-promotional-tablecloths-australia","status":"publish","type":"product","link":"https:\/\/cmykprinted.com\/sk_sk\/produkt\/zakazkovo-tlacene-propagacne-obrusy-australia\/","title":{"rendered":"Reklamn\u00e9 obrusy s potla\u010dou na mieru v Austr\u00e1lii"},"content":{"rendered":"","protected":false},"excerpt":{"rendered":"<p data-start=\"197\" data-end=\"540\">Reklamn\u00e9 obrusy s potla\u010dou na mieru s\u00fa nevyhnutn\u00fdm n\u00e1strojom na budovanie zna\u010dky pre firmy a organiz\u00e1cie, ktor\u00e9 chc\u00fa vytvori\u0165 profesion\u00e1lnu a p\u00fatav\u00fa prezent\u00e1ciu na ve\u013etrhoch, v\u00fdstav\u00e1ch, uv\u00e1dzan\u00ed produktov na trh a in\u00fdch podujatiach po celej Austr\u00e1lii. Tieto obrusy, navrhnut\u00e9 tak, aby zv\u00fd\u0161ili vidite\u013enos\u0165 a pr\u00edtomnos\u0165 zna\u010dky, pon\u00fakaj\u00fa funk\u010dnos\u0165 aj \u0161t\u00fdl.<\/p>\n<p data-start=\"542\" data-end=\"865\">Na\u0161e obrusy s\u00fa vyroben\u00e9 z vysoko kvalitnej polyesterovej tkaniny, ktor\u00e1 je zn\u00e1ma svojou odolnos\u0165ou, odolnos\u0165ou vo\u010di kr\u010deniu a \u017eivou reprodukciou farieb. Pomocou pokro\u010dilej sublima\u010dnej tla\u010de m\u00f4\u017eeme v\u00e1\u0161 obrus plne prisp\u00f4sobi\u0165 logami, sloganmi, grafikou alebo celoplo\u0161n\u00fdmi dizajnmi \u2013 \u010d\u00edm zabezpe\u010d\u00edme, \u017ee va\u0161a zna\u010dka bude vidite\u013en\u00e1 z ka\u017ed\u00e9ho uhla.<\/p>\n<p data-start=\"867\" data-end=\"931\">Pon\u00fakame r\u00f4zne \u0161t\u00fdly, ktor\u00e9 vyhovuj\u00fa r\u00f4znym potreb\u00e1m, vr\u00e1tane:<\/p>\n<ul data-start=\"932\" data-end=\"1201\">\n<li data-start=\"932\" data-end=\"1022\">\n<p data-start=\"934\" data-end=\"1022\"><strong data-start=\"934\" data-end=\"961\">Vo\u013en\u00e9\/zavesen\u00e9 obrusy<\/strong> \u2013 V\u0161estrann\u00e1 mo\u017enos\u0165, ktor\u00e1 sa hod\u00ed k v\u00e4\u010d\u0161ine \u0161tandardn\u00fdch stolov na kozl\u00edkoch.<\/p>\n<\/li>\n<li data-start=\"1023\" data-end=\"1105\">\n<p data-start=\"1025\" data-end=\"1105\"><strong data-start=\"1025\" data-end=\"1048\">Obrusy na st\u00f4l<\/strong> \u2013 Poskytuj\u00fa \u010dist\u00fd, prisp\u00f4soben\u00fd vzh\u013ead s ostr\u00fdmi l\u00edniami.<\/p>\n<\/li>\n<li data-start=\"1106\" data-end=\"1201\">\n<p data-start=\"1108\" data-end=\"1201\"><strong data-start=\"1108\" data-end=\"1132\">Stre\u010dov\u00e9 obrusy na st\u00f4l<\/strong> \u2013 Modern\u00e9 a elegantn\u00e9, pon\u00fakaj\u00fa priliehav\u00e9 nosenie a vzh\u013ead bez pokr\u010denia.<\/p>\n<\/li>\n<\/ul>\n<p data-start=\"1203\" data-end=\"1377\">Dostupn\u00e9 s\u00fa rozmery pre stoly s d\u013a\u017ekou 1,2 m, 1,8 m a 2,4 m, pri\u010dom na po\u017eiadanie s\u00fa k dispoz\u00edcii aj vlastn\u00e9 rozmery. Mo\u017enosti zah\u0155\u0148aj\u00fa prevedenie s otvorenou opierkou chrbta (pre sediaci person\u00e1l alebo pr\u00edstup k \u00falo\u017en\u00e9mu priestoru) alebo s uzavretou opierkou chrbta.<\/p>\n<p data-start=\"1379\" data-end=\"1529\">Tieto reklamn\u00e9 obrusy s\u00fa ide\u00e1lne na vn\u00fatorn\u00e9 aj vonkaj\u0161ie pou\u017eitie, daj\u00fa sa pra\u0165 v pr\u00e1\u010dke a s\u00fa opakovane pou\u017eite\u013en\u00e9, \u010do z nich rob\u00ed n\u00e1kladovo efekt\u00edvnu marketingov\u00fa invest\u00edciu.<\/p>\n<p data-start=\"1531\" data-end=\"1673\">\u010ci u\u017e vystavujete v Sydney, Melbourne, Brisbane alebo Perthe, na\u0161e obrusy s potla\u010dou na mieru v\u00e1m pom\u00f4\u017eu urobi\u0165 siln\u00fd a trval\u00fd dojem.<\/p>\n<div style=\"width: 1280px;\" class=\"wp-video\"><!--[if lt IE 9]><script>document.createElement('video');<\/script><![endif]--><br \/>\n<video class=\"wp-video-shortcode\" id=\"video-2591-1\" width=\"1280\" height=\"720\" preload=\"metadata\" controls=\"controls\"><source type=\"video\/mp4\" src=\"https:\/\/cmykprinted.com\/wp-content\/uploads\/2025\/05\/Promotional-Tablecloths-Australia.mp4?_=1\" \/><a href=\"https:\/\/cmykprinted.com\/wp-content\/uploads\/2025\/05\/Promotional-Tablecloths-Australia.mp4\">https:\/\/cmykprinted.com\/wp-content\/uploads\/2025\/05\/Promotional-Tablecloths-Australia.mp4<\/a><\/video><\/div>","protected":false},"featured_media":2610,"template":"","meta":{"_kad_post_transparent":"default","_kad_post_title":"hide","_kad_post_layout":"fullwidth","_kad_post_sidebar_id":"","_kad_post_content_style":"unboxed","_kad_post_vertical_padding":"hide","_kad_post_feature":"hide","_kad_post_feature_position":"","_kad_post_header":false,"_kad_post_footer":false},"product_cat":[80,81],"product_tag":[577,579,578,576],"class_list":{"0":"post-2591","1":"product","2":"type-product","3":"status-publish","4":"has-post-thumbnail","6":"product_cat-custom-tablecloth","7":"product_cat-custom-stretch-tablecloth","8":"product_tag-custom-printed-promotional-tablecloths","9":"product_tag-custom-printed-tablecloths","10":"product_tag-printed-promotional-tablecloths","11":"product_tag-promotional-tablecloths-australia","13":"first","14":"instock","15":"shipping-taxable","16":"product-type-simple","17":"entry","18":"content-bg","19":"loop-entry"},"_links":{"self":[{"href":"https:\/\/cmykprinted.com\/sk_sk\/wp-json\/wp\/v2\/product\/2591","targetHints":{"allow":["GET"]}}],"collection":[{"href":"https:\/\/cmykprinted.com\/sk_sk\/wp-json\/wp\/v2\/product"}],"about":[{"href":"https:\/\/cmykprinted.com\/sk_sk\/wp-json\/wp\/v2\/types\/product"}],"version-history":[{"count":2,"href":"https:\/\/cmykprinted.com\/sk_sk\/wp-json\/wp\/v2\/product\/2591\/revisions"}],"predecessor-version":[{"id":2611,"href":"https:\/\/cmykprinted.com\/sk_sk\/wp-json\/wp\/v2\/product\/2591\/revisions\/2611"}],"wp:featuredmedia":[{"embeddable":true,"href":"https:\/\/cmykprinted.com\/sk_sk\/wp-json\/wp\/v2\/media\/2610"}],"wp:attachment":[{"href":"https:\/\/cmykprinted.com\/sk_sk\/wp-json\/wp\/v2\/media?parent=2591"}],"wp:term":[{"taxonomy":"product_cat","embeddable":true,"href":"https:\/\/cmykprinted.com\/sk_sk\/wp-json\/wp\/v2\/product_cat?post=2591"},{"taxonomy":"product_tag","embeddable":true,"href":"https:\/\/cmykprinted.com\/sk_sk\/wp-json\/wp\/v2\/product_tag?post=2591"}],"curies":[{"name":"wp","href":"https:\/\/api.w.org\/{rel}","templated":true}]}}