{"id":2620,"date":"2025-05-27T07:13:40","date_gmt":"2025-05-27T07:13:40","guid":{"rendered":"https:\/\/cmykprinted.com\/?post_type=product&#038;p=2620"},"modified":"2025-05-27T07:45:05","modified_gmt":"2025-05-27T07:45:05","slug":"custom-printed-branded-tablecloth-for-events","status":"publish","type":"product","link":"https:\/\/cmykprinted.com\/sk_sk\/produkt\/zakazkova-potlacena-znackova-obrus-na-podujatia\/","title":{"rendered":"Obrus \u200b\u200bs potla\u010dou na mieru pre r\u00f4zne udalosti"},"content":{"rendered":"","protected":false},"excerpt":{"rendered":"<p>Potla\u010den\u00fd obrus s logom je nevyhnutn\u00fdm propaga\u010dn\u00fdm n\u00e1strojom pre ka\u017ed\u00fa firmu, ktor\u00e1 sa z\u00fa\u010dast\u0148uje na podujatiach, ako s\u00fa ve\u013etrhy, v\u00fdstavy, konferencie, uvedenie produktov na trh a marketingov\u00e9 aktiv\u00e1cie. Premen\u00ed \u0161tandardn\u00fd st\u00f4l na profesion\u00e1lny a vizu\u00e1lne atrakt\u00edvny displej, ktor\u00fd pom\u00f4\u017ee va\u0161ej zna\u010dke vynikn\u00fa\u0165 v ru\u0161nom prostred\u00ed podujat\u00ed. Tieto obrusy s\u00fa vyroben\u00e9 z vysoko kvalitn\u00fdch a odoln\u00fdch l\u00e1tok, ako je polyester alebo elastick\u00fd spandex, a s\u00fa ur\u010den\u00e9 na vn\u00fatorn\u00e9 aj vonkaj\u0161ie pou\u017eitie.<\/p>\n<p>Dizajn zvy\u010dajne zah\u0155\u0148a va\u0161e logo, farby zna\u010dky, slogan a \u010fal\u0161iu relevantn\u00fa grafiku, vytla\u010den\u00fa v pln\u00fdch farb\u00e1ch pomocou sublim\u00e1cie farbiva alebo digit\u00e1lnej tla\u010de. To zais\u0165uje \u017eiv\u00e9 a dlhotrvaj\u00face vizu\u00e1lne prvky, ktor\u00e9 odol\u00e1vaj\u00fa vyblednutiu aj po viacer\u00fdch praniach. Zna\u010dkov\u00e9 obrusy, ktor\u00e9 s\u00fa k dispoz\u00edcii v r\u00f4znych \u0161t\u00fdloch \u2013 napr\u00edklad natiahnut\u00e9, vo\u013ene spl\u00fdvav\u00e9 alebo elastick\u00e9 \u2013 je mo\u017en\u00e9 prisp\u00f4sobi\u0165 \u0161tandardn\u00fdm ve\u013ekostiam stolov, ako s\u00fa 1,2 m, 1,8 m alebo 2,4 m, alebo ich prisp\u00f4sobi\u0165 jedine\u010dn\u00fdm rozmerom stola.<\/p>\n<p>\u010ci u\u017e si vyberiete trojstrann\u00fd dizajn pre jednoduch\u00fd pr\u00edstup k \u00falo\u017en\u00e9mu priestoru pod stolom alebo pln\u00fd \u0161tvorstrann\u00fd obal pre elegantn\u00fd 360\u00b0 vzh\u013ead, obrus so zna\u010dkou dod\u00e1va n\u00e1dych profesionality a konzistencie zna\u010dky. \u013dahko sa sklad\u00e1, skladuje a prepravuje, v\u010faka \u010domu je ide\u00e1lny pre firmy, ktor\u00e9 sa pravidelne z\u00fa\u010dast\u0148uj\u00fa podujat\u00ed. Cenovo dostupn\u00e9, opakovane pou\u017eite\u013en\u00e9 a efekt\u00edvne obrusy s potla\u010dou zna\u010dky s\u00fa inteligentnou invest\u00edciou do posilnenia pr\u00edtomnosti va\u0161ej zna\u010dky na akomko\u013evek podujat\u00ed.<\/p>\n<div style=\"width: 1280px;\" class=\"wp-video\"><!--[if lt IE 9]><script>document.createElement('video');<\/script><![endif]--><br \/>\n<video class=\"wp-video-shortcode\" id=\"video-2620-1\" width=\"1280\" height=\"720\" preload=\"metadata\" controls=\"controls\"><source type=\"video\/mp4\" src=\"https:\/\/cmykprinted.com\/wp-content\/uploads\/2025\/05\/Printed-Branded-Tablecloth-for-Events.mp4?_=1\" \/><a href=\"https:\/\/cmykprinted.com\/wp-content\/uploads\/2025\/05\/Printed-Branded-Tablecloth-for-Events.mp4\">https:\/\/cmykprinted.com\/wp-content\/uploads\/2025\/05\/Printed-Branded-Tablecloth-for-Events.mp4<\/a><\/video><\/div>","protected":false},"featured_media":2626,"template":"","meta":{"_kad_post_transparent":"default","_kad_post_title":"hide","_kad_post_layout":"fullwidth","_kad_post_sidebar_id":"","_kad_post_content_style":"unboxed","_kad_post_vertical_padding":"hide","_kad_post_feature":"hide","_kad_post_feature_position":"","_kad_post_header":false,"_kad_post_footer":false},"product_cat":[80,81,83],"product_tag":[587,590,589,588],"class_list":{"0":"post-2620","1":"product","2":"type-product","3":"status-publish","4":"has-post-thumbnail","6":"product_cat-custom-tablecloth","7":"product_cat-custom-stretch-tablecloth","8":"product_cat-fitted-table-cover","9":"product_tag-branded-tablecloth-for-events","10":"product_tag-custom-branded-tablecloth-for-events","11":"product_tag-custom-printed-branded-tablecloth-f","12":"product_tag-printed-branded-tablecloth","14":"first","15":"instock","16":"shipping-taxable","17":"product-type-simple","18":"entry","19":"content-bg","20":"loop-entry"},"_links":{"self":[{"href":"https:\/\/cmykprinted.com\/sk_sk\/wp-json\/wp\/v2\/product\/2620","targetHints":{"allow":["GET"]}}],"collection":[{"href":"https:\/\/cmykprinted.com\/sk_sk\/wp-json\/wp\/v2\/product"}],"about":[{"href":"https:\/\/cmykprinted.com\/sk_sk\/wp-json\/wp\/v2\/types\/product"}],"version-history":[{"count":1,"href":"https:\/\/cmykprinted.com\/sk_sk\/wp-json\/wp\/v2\/product\/2620\/revisions"}],"predecessor-version":[{"id":2622,"href":"https:\/\/cmykprinted.com\/sk_sk\/wp-json\/wp\/v2\/product\/2620\/revisions\/2622"}],"wp:featuredmedia":[{"embeddable":true,"href":"https:\/\/cmykprinted.com\/sk_sk\/wp-json\/wp\/v2\/media\/2626"}],"wp:attachment":[{"href":"https:\/\/cmykprinted.com\/sk_sk\/wp-json\/wp\/v2\/media?parent=2620"}],"wp:term":[{"taxonomy":"product_cat","embeddable":true,"href":"https:\/\/cmykprinted.com\/sk_sk\/wp-json\/wp\/v2\/product_cat?post=2620"},{"taxonomy":"product_tag","embeddable":true,"href":"https:\/\/cmykprinted.com\/sk_sk\/wp-json\/wp\/v2\/product_tag?post=2620"}],"curies":[{"name":"wp","href":"https:\/\/api.w.org\/{rel}","templated":true}]}}