{"id":2627,"date":"2025-05-28T03:20:18","date_gmt":"2025-05-28T03:20:18","guid":{"rendered":"https:\/\/cmykprinted.com\/?post_type=product&#038;p=2627"},"modified":"2025-05-28T03:22:18","modified_gmt":"2025-05-28T03:22:18","slug":"custom-branded-table-cloth-with-bottom-price","status":"publish","type":"product","link":"https:\/\/cmykprinted.com\/sk_sk\/produkt\/na-mieru-znackovy-obrus-za-najnizsiu-cenu\/","title":{"rendered":"Zna\u010dkov\u00fd obrus na mieru s najni\u017e\u0161ou cenou"},"content":{"rendered":"","protected":false},"excerpt":{"rendered":"<p data-start=\"235\" data-end=\"483\">H\u013ead\u00e1te cenovo v\u00fdhodn\u00fd sp\u00f4sob, ako prezentova\u0165 svoju zna\u010dku na podujatiach bez kompromisov v kvalite? <strong data-start=\"335\" data-end=\"376\">Zna\u010dkov\u00fd obrus za najni\u017e\u0161iu cenu<\/strong> je perfektn\u00fdm rie\u0161en\u00edm pre firmy s obmedzen\u00fdm rozpo\u010dtom, ktor\u00e9 chc\u00fa napriek tomu zanecha\u0165 profesion\u00e1lny dojem.<\/p>\n<p data-start=\"485\" data-end=\"818\">\u010ci u\u017e vystavujete na ve\u013etrhoch, z\u00fa\u010dast\u0148ujete sa firemn\u00fdch v\u00fdstav alebo prev\u00e1dzkujete pop-up obchod, tento obrus dod\u00e1 va\u0161ej zostave \u010dist\u00fd, ucelen\u00fd a zna\u010dkov\u00fd vzh\u013ead. Vyroben\u00fd z odolnej polyesterovej tkaniny, je \u013eahk\u00fd, odoln\u00fd vo\u010di pokr\u010deniu a \u013eahko sa udr\u017eiava \u2013 ide\u00e1lny pre firmy, ktor\u00e9 \u010dasto cestuj\u00fa alebo sa z\u00fa\u010dast\u0148uj\u00fa viacer\u00fdch podujat\u00ed.<\/p>\n<p data-start=\"820\" data-end=\"1149\">V\u010faka vysokokvalitnej sublima\u010dnej technol\u00f3gii vyzeraj\u00fa va\u0161e logo a farby zna\u010dky ostro a \u017eiarivo, \u010do v\u00e1m pom\u00f4\u017ee vynikn\u00fa\u0165 z davu. Atrament je zapusten\u00fd do l\u00e1tky, tak\u017ee dizajn sa po vypran\u00ed neodlupuje ani nevybledne. Z\u00edskate dlhotrvaj\u00faci propaga\u010dn\u00fd materi\u00e1l za zlomok ceny in\u00fdch zna\u010dkov\u00fdch propaga\u010dn\u00fdch materi\u00e1lov.<\/p>\n<p data-start=\"1151\" data-end=\"1429\">Tento obrus je dostupn\u00fd vo viacer\u00fdch ve\u013ekostiach (1,2 m, 1,8 m, 2,4 m) a \u0161t\u00fdloch (priliehav\u00fd, spl\u00fdvav\u00fd alebo elastick\u00fd), aby vyhovoval va\u0161im potreb\u00e1m. Tie\u017e sa kompaktne sklad\u00e1 pre jednoduch\u00fa prepravu a skladovanie, v\u010faka \u010domu je ide\u00e1lny pre mal\u00e9 podniky, startupy a marketingov\u00e9 t\u00edmy pracuj\u00face s obmedzen\u00fdm rozpo\u010dtom.<\/p>\n<p data-start=\"1431\" data-end=\"1712\">Stru\u010dne povedan\u00e9, ide o n\u00edzkon\u00e1kladov\u00fa invest\u00edciu, ktor\u00e1 prin\u00e1\u0161a vysoko\u00fa\u010dinn\u00fd branding. Z\u00edskajte vzh\u013ead pr\u00e9miov\u00e9ho displeja bez pr\u00e9miovej ceny. Ak h\u013ead\u00e1te <strong data-start=\"1588\" data-end=\"1648\">skvel\u00e1 hodnota, spo\u013eahliv\u00e1 kvalita a siln\u00e1 pr\u00edtomnos\u0165 zna\u010dky<\/strong>, n\u00e1\u0161 zna\u010dkov\u00fd obrus za najni\u017e\u0161iu cenu je tou spr\u00e1vnou vo\u013ebou.<\/p>\n<div style=\"width: 1280px;\" class=\"wp-video\"><!--[if lt IE 9]><script>document.createElement('video');<\/script><![endif]--><br \/>\n<video class=\"wp-video-shortcode\" id=\"video-2627-1\" width=\"1280\" height=\"720\" preload=\"metadata\" controls=\"controls\"><source type=\"video\/mp4\" src=\"https:\/\/cmykprinted.com\/wp-content\/uploads\/2025\/05\/Printed-Branded-Tablecloth-for-Events.mp4?_=1\" \/><a href=\"https:\/\/cmykprinted.com\/wp-content\/uploads\/2025\/05\/Printed-Branded-Tablecloth-for-Events.mp4\">https:\/\/cmykprinted.com\/wp-content\/uploads\/2025\/05\/Printed-Branded-Tablecloth-for-Events.mp4<\/a><\/video><\/div>","protected":false},"featured_media":2630,"template":"","meta":{"_kad_post_transparent":"default","_kad_post_title":"hide","_kad_post_layout":"fullwidth","_kad_post_sidebar_id":"","_kad_post_content_style":"unboxed","_kad_post_vertical_padding":"hide","_kad_post_feature":"hide","_kad_post_feature_position":"","_kad_post_header":false,"_kad_post_footer":false},"product_cat":[80,81,83],"product_tag":[592,591,593],"class_list":{"0":"post-2627","1":"product","2":"type-product","3":"status-publish","4":"has-post-thumbnail","6":"product_cat-custom-tablecloth","7":"product_cat-custom-stretch-tablecloth","8":"product_cat-fitted-table-cover","9":"product_tag-branded-table-cloth","10":"product_tag-branded-table-cloth-price","11":"product_tag-custom-branded-table-cloth","13":"first","14":"instock","15":"shipping-taxable","16":"product-type-simple","17":"entry","18":"content-bg","19":"loop-entry"},"_links":{"self":[{"href":"https:\/\/cmykprinted.com\/sk_sk\/wp-json\/wp\/v2\/product\/2627","targetHints":{"allow":["GET"]}}],"collection":[{"href":"https:\/\/cmykprinted.com\/sk_sk\/wp-json\/wp\/v2\/product"}],"about":[{"href":"https:\/\/cmykprinted.com\/sk_sk\/wp-json\/wp\/v2\/types\/product"}],"version-history":[{"count":2,"href":"https:\/\/cmykprinted.com\/sk_sk\/wp-json\/wp\/v2\/product\/2627\/revisions"}],"predecessor-version":[{"id":2633,"href":"https:\/\/cmykprinted.com\/sk_sk\/wp-json\/wp\/v2\/product\/2627\/revisions\/2633"}],"wp:featuredmedia":[{"embeddable":true,"href":"https:\/\/cmykprinted.com\/sk_sk\/wp-json\/wp\/v2\/media\/2630"}],"wp:attachment":[{"href":"https:\/\/cmykprinted.com\/sk_sk\/wp-json\/wp\/v2\/media?parent=2627"}],"wp:term":[{"taxonomy":"product_cat","embeddable":true,"href":"https:\/\/cmykprinted.com\/sk_sk\/wp-json\/wp\/v2\/product_cat?post=2627"},{"taxonomy":"product_tag","embeddable":true,"href":"https:\/\/cmykprinted.com\/sk_sk\/wp-json\/wp\/v2\/product_tag?post=2627"}],"curies":[{"name":"wp","href":"https:\/\/api.w.org\/{rel}","templated":true}]}}