{"id":2634,"date":"2025-05-28T05:01:54","date_gmt":"2025-05-28T05:01:54","guid":{"rendered":"https:\/\/cmykprinted.com\/?post_type=product&#038;p=2634"},"modified":"2025-05-28T05:01:54","modified_gmt":"2025-05-28T05:01:54","slug":"custom-metal-transfer-logo-stickers-for-perfume-bottle","status":"publish","type":"product","link":"https:\/\/cmykprinted.com\/sk_sk\/produkt\/vlastne-kovove-prenosove-logo-nalepky-pre-flasu-parfumu\/","title":{"rendered":"Samolepky s logom na mieru s kovov\u00fdm prenosom na f\u013ea\u0161u parfumu"},"content":{"rendered":"","protected":false},"excerpt":{"rendered":"<p>Zv\u00fd\u0161te eleganciu a identitu v\u00e1\u0161ho produktu s na\u0161imi pr\u00e9miov\u00fdmi kovov\u00fdmi n\u00e1lepkami s logom na mieru, \u0161peci\u00e1lne navrhnut\u00fdmi pre f\u013ea\u0161ti\u010dky na parfumy. Tieto \u0161pi\u010dkov\u00e9 kovov\u00e9 n\u00e1lepky pon\u00fakaj\u00fa luxusn\u00fd a profesion\u00e1lny vzh\u013ead, ktor\u00fd okam\u017eite pozdvihne v\u00e1\u0161 obal a odr\u00e1\u017ea kvalitu va\u0161ej zna\u010dky.<\/p>\n<p>Tieto n\u00e1lepky, vyroben\u00e9 s pou\u017eit\u00edm pokro\u010dilej transferovej technol\u00f3gie, sa vyzna\u010duj\u00fa elegantn\u00fdm kovov\u00fdm povrchom s prec\u00edznymi detailmi, v\u010faka \u010domu s\u00fa ide\u00e1lne na log\u00e1, n\u00e1zvy zna\u010diek alebo dekorat\u00edvne prvky. Transferov\u00e1 aplik\u00e1cia zais\u0165uje, \u017ee k povrchu pri\u013ene iba kovov\u00e1 \u010das\u0165, bez zanechania pozadia alebo lepiacich okrajov \u2013 vytv\u00e1ra tak bez\u0161vov\u00fd, grav\u00edrovan\u00fd vzh\u013ead priamo na sklenenej alebo plastovej f\u013ea\u0161i.<\/p>\n<p>Na\u0161e kovov\u00e9 n\u00e1lepky s logom, ktor\u00e9 s\u00fa k dispoz\u00edcii v r\u00f4znych povrchov\u00fdch \u00faprav\u00e1ch, ako je zlato, striebro, ru\u017eov\u00e9 zlato, matn\u00e1 \u010dierna a chr\u00f3m, sa daj\u00fa prisp\u00f4sobi\u0165 tak, aby ladili s estetikou va\u0161ej zna\u010dky. \u010ci u\u017e uprednost\u0148ujete minimalistick\u00fd monogram alebo zlo\u017eit\u00fd dizajn loga, pon\u00fakame rie\u0161enia na mieru, ktor\u00e9 splnia va\u0161e \u0161pecifick\u00e9 potreby.<\/p>\n<p>Tieto n\u00e1lepky s\u00fa nielen vizu\u00e1lne pr\u00ed\u0165a\u017eliv\u00e9, ale aj trv\u00e1cne \u2013 odoln\u00e9 vo\u010di vode, oleju a parfumom, \u010d\u00edm zabezpe\u010duj\u00fa, \u017ee va\u0161a zna\u010dka zostane dlho neporu\u0161en\u00e1. S\u00fa ide\u00e1lne pre luxusn\u00e9 parfumov\u00e9 rady, kozmetick\u00e9 v\u00fdrobky alebo luxusn\u00e9 reklamn\u00e9 predmety.<\/p>\n<p>N\u00e1\u0161 dizajn\u00e9rsky t\u00edm s vami bude \u00fazko spolupracova\u0165 na vytvoren\u00ed perfektnej n\u00e1lepky s logom, ktor\u00e1 bude rezonova\u0165 s identitou va\u0161ej zna\u010dky. Pre ve\u013ekoobchodn\u00e9 objedn\u00e1vky s\u00fa k dispoz\u00edcii minim\u00e1lne objedn\u00e1vacie mno\u017estvo a hromadn\u00e9 ceny.<\/p>\n<p>Vylep\u0161ite svoje balenie eleganciou a odli\u0161nos\u0165ou \u2013 vyberte si na\u0161e kovov\u00e9 n\u00e1lepky s logom na mieru pre sofistikovan\u00fd z\u00e1vere\u010dn\u00fd detail.<\/p>\n<div style=\"width: 480px;\" class=\"wp-video\"><!--[if lt IE 9]><script>document.createElement('video');<\/script><![endif]--><br \/>\n<video class=\"wp-video-shortcode\" id=\"video-2634-1\" width=\"480\" height=\"480\" preload=\"metadata\" controls=\"controls\"><source type=\"video\/mp4\" src=\"https:\/\/cmykprinted.com\/wp-content\/uploads\/2025\/05\/Metal-Transfer-Logo-Stickers-For-Perfume-Bottle.mp4?_=1\" \/><a href=\"https:\/\/cmykprinted.com\/wp-content\/uploads\/2025\/05\/Metal-Transfer-Logo-Stickers-For-Perfume-Bottle.mp4\">https:\/\/cmykprinted.com\/wp-content\/uploads\/2025\/05\/Metal-Transfer-Logo-Stickers-For-Perfume-Bottle.mp4<\/a><\/video><\/div>","protected":false},"featured_media":2635,"template":"","meta":{"_kad_post_transparent":"default","_kad_post_title":"hide","_kad_post_layout":"fullwidth","_kad_post_sidebar_id":"","_kad_post_content_style":"unboxed","_kad_post_vertical_padding":"hide","_kad_post_feature":"hide","_kad_post_feature_position":"","_kad_post_header":false,"_kad_post_footer":false},"product_cat":[101,102],"product_tag":[596,594,595,597],"class_list":{"0":"post-2634","1":"product","2":"type-product","3":"status-publish","4":"has-post-thumbnail","6":"product_cat-transfer-stickers","7":"product_cat-metal-transfer-stickers","8":"product_tag-custom-metal-transfer-logo-stickers","9":"product_tag-logo-stickers-for-perfume-bottle","10":"product_tag-metal-transfer-logo-stickers","11":"product_tag-transfer-logo-stickers-for-perfume-bottle","13":"first","14":"instock","15":"shipping-taxable","16":"product-type-simple","17":"entry","18":"content-bg","19":"loop-entry"},"_links":{"self":[{"href":"https:\/\/cmykprinted.com\/sk_sk\/wp-json\/wp\/v2\/product\/2634","targetHints":{"allow":["GET"]}}],"collection":[{"href":"https:\/\/cmykprinted.com\/sk_sk\/wp-json\/wp\/v2\/product"}],"about":[{"href":"https:\/\/cmykprinted.com\/sk_sk\/wp-json\/wp\/v2\/types\/product"}],"version-history":[{"count":1,"href":"https:\/\/cmykprinted.com\/sk_sk\/wp-json\/wp\/v2\/product\/2634\/revisions"}],"predecessor-version":[{"id":2640,"href":"https:\/\/cmykprinted.com\/sk_sk\/wp-json\/wp\/v2\/product\/2634\/revisions\/2640"}],"wp:featuredmedia":[{"embeddable":true,"href":"https:\/\/cmykprinted.com\/sk_sk\/wp-json\/wp\/v2\/media\/2635"}],"wp:attachment":[{"href":"https:\/\/cmykprinted.com\/sk_sk\/wp-json\/wp\/v2\/media?parent=2634"}],"wp:term":[{"taxonomy":"product_cat","embeddable":true,"href":"https:\/\/cmykprinted.com\/sk_sk\/wp-json\/wp\/v2\/product_cat?post=2634"},{"taxonomy":"product_tag","embeddable":true,"href":"https:\/\/cmykprinted.com\/sk_sk\/wp-json\/wp\/v2\/product_tag?post=2634"}],"curies":[{"name":"wp","href":"https:\/\/api.w.org\/{rel}","templated":true}]}}