{"id":2668,"date":"2025-06-06T04:34:33","date_gmt":"2025-06-06T04:34:33","guid":{"rendered":"https:\/\/cmykprinted.com\/?post_type=product&#038;p=2668"},"modified":"2025-06-06T05:55:38","modified_gmt":"2025-06-06T05:55:38","slug":"custom-made-canopy-tents-with-your-logo-printed","status":"publish","type":"product","link":"https:\/\/cmykprinted.com\/sk_sk\/produkt\/stany-na-mieru-s-vasim-vytlacenym-logom\/","title":{"rendered":"Stany s baldach\u00fdnom na mieru s potla\u010dou v\u00e1\u0161ho loga"},"content":{"rendered":"","protected":false},"excerpt":{"rendered":"<p>Vyniknite na ka\u017edej akcii s na\u0161imi vysokokvalitn\u00fdmi stanmi s baldach\u00fdnom na mieru. Na\u0161e stany s\u00fa navrhnut\u00e9 tak, aby prezentovali va\u0161u zna\u010dku a maj\u00fa plnofarebn\u00fa potla\u010d v\u00e1\u0161ho loga, sloganu alebo grafick\u00e9ho n\u00e1vrhu na v\u0161etk\u00fdch stran\u00e1ch. \u010ci u\u017e sa z\u00fa\u010dast\u0148ujete ve\u013etrhu, festivalu, trhu alebo \u0161portov\u00e9ho podujatia, na\u0161e personalizovan\u00e9 stany zabezpe\u010dia maxim\u00e1lnu vidite\u013enos\u0165 a profesion\u00e1lnu pr\u00edtomnos\u0165.<\/p>\n<p>Ka\u017ed\u00fd stan je vyroben\u00fd z odoln\u00fdch, poveternostn\u00fdm vplyvom odoln\u00fdch materi\u00e1lov a je navrhnut\u00fd tak, aby odolal austr\u00e1lskej kl\u00edme. Vyberte si z r\u00f4znych ve\u013ekost\u00ed, pevnosti r\u00e1mu a mo\u017enost\u00ed potla\u010de, aby vyhovoval va\u0161im potreb\u00e1m. V\u00fdklopn\u00fd dizajn umo\u017e\u0148uje r\u00fdchle a jednoduch\u00e9 postavenie, v\u010faka \u010domu je ide\u00e1lny na vn\u00fatorn\u00e9 aj vonkaj\u0161ie pou\u017eitie.<\/p>\n<p>Pou\u017e\u00edvame najmodernej\u0161iu tla\u010diarensk\u00fa technol\u00f3giu, aby sme zabezpe\u010dili \u017eiariv\u00e9 a dlhotrvaj\u00face farby, ktor\u00e9 nevybledn\u00fa. Medzi volite\u013en\u00e9 doplnky patria steny, bannery, vlajky a ta\u0161ky na pren\u00e1\u0161anie \u2013 v\u0161etko je plne prisp\u00f4soben\u00e9.<\/p>\n<p>Na\u0161e zna\u010dkov\u00e9 stany s baldach\u00fdnom s\u00fa ide\u00e1lne pre firmy, \u0161koly, neziskov\u00e9 organiz\u00e1cie a organiz\u00e1torov podujat\u00ed a pom\u00f4\u017eu v\u00e1m vytvori\u0165 nezabudnute\u013en\u00fd prv\u00fd dojem.<\/p>\n<p>Nechajte svoju zna\u010dku za\u017eiari\u0165 \u2013 kontaktujte n\u00e1s e\u0161te dnes a z\u00edskajte cenov\u00fa ponuku alebo bezplatn\u00fa maketu.<\/p>\n<div style=\"width: 960px;\" class=\"wp-video\"><!--[if lt IE 9]><script>document.createElement('video');<\/script><![endif]--><br \/>\n<video class=\"wp-video-shortcode\" id=\"video-2668-1\" width=\"960\" height=\"544\" preload=\"metadata\" controls=\"controls\"><source type=\"video\/mp4\" src=\"https:\/\/cmykprinted.com\/wp-content\/uploads\/2024\/04\/digicel-tents.mp4?_=1\" \/><a href=\"https:\/\/cmykprinted.com\/wp-content\/uploads\/2024\/04\/digicel-tents.mp4\">https:\/\/cmykprinted.com\/wp-content\/uploads\/2024\/04\/digicel-tents.mp4<\/a><\/video><\/div>","protected":false},"featured_media":2677,"template":"","meta":{"_kad_post_transparent":"default","_kad_post_title":"hide","_kad_post_layout":"normal","_kad_post_sidebar_id":"","_kad_post_content_style":"unboxed","_kad_post_vertical_padding":"hide","_kad_post_feature":"hide","_kad_post_feature_position":"","_kad_post_header":false,"_kad_post_footer":false},"product_cat":[68,76,74],"product_tag":[605,604,606],"class_list":{"0":"post-2668","1":"product","2":"type-product","3":"status-publish","4":"has-post-thumbnail","6":"product_cat-custom-canopy-tents","7":"product_cat-10x15ft-pop-up-tents-50mm-heavy-duty-hexagon-aluminum-tents-custom-canopy-tents","8":"product_cat-50mm-heavy-duty-hexagon-aluminum-tents","9":"product_tag-custom-canopy-tents-with-logo","10":"product_tag-custom-made-canopy-tents","11":"product_tag-custom-printed-canopy-tents","13":"first","14":"instock","15":"shipping-taxable","16":"product-type-simple","17":"entry","18":"content-bg","19":"loop-entry"},"_links":{"self":[{"href":"https:\/\/cmykprinted.com\/sk_sk\/wp-json\/wp\/v2\/product\/2668","targetHints":{"allow":["GET"]}}],"collection":[{"href":"https:\/\/cmykprinted.com\/sk_sk\/wp-json\/wp\/v2\/product"}],"about":[{"href":"https:\/\/cmykprinted.com\/sk_sk\/wp-json\/wp\/v2\/types\/product"}],"version-history":[{"count":1,"href":"https:\/\/cmykprinted.com\/sk_sk\/wp-json\/wp\/v2\/product\/2668\/revisions"}],"predecessor-version":[{"id":2671,"href":"https:\/\/cmykprinted.com\/sk_sk\/wp-json\/wp\/v2\/product\/2668\/revisions\/2671"}],"wp:featuredmedia":[{"embeddable":true,"href":"https:\/\/cmykprinted.com\/sk_sk\/wp-json\/wp\/v2\/media\/2677"}],"wp:attachment":[{"href":"https:\/\/cmykprinted.com\/sk_sk\/wp-json\/wp\/v2\/media?parent=2668"}],"wp:term":[{"taxonomy":"product_cat","embeddable":true,"href":"https:\/\/cmykprinted.com\/sk_sk\/wp-json\/wp\/v2\/product_cat?post=2668"},{"taxonomy":"product_tag","embeddable":true,"href":"https:\/\/cmykprinted.com\/sk_sk\/wp-json\/wp\/v2\/product_tag?post=2668"}],"curies":[{"name":"wp","href":"https:\/\/api.w.org\/{rel}","templated":true}]}}