{"id":2678,"date":"2025-06-09T08:44:00","date_gmt":"2025-06-09T08:44:00","guid":{"rendered":"https:\/\/cmykprinted.com\/?post_type=product&#038;p=2678"},"modified":"2025-06-09T08:44:00","modified_gmt":"2025-06-09T08:44:00","slug":"outdoor-marketing-flags-supplier-best-price-with-48-hours-turnaround","status":"publish","type":"product","link":"https:\/\/cmykprinted.com\/sk_sk\/produkt\/dodavatel-vonkajsich-reklamnych-vlajok-najlepsia-cena-s-dodavkou-do-48-hodin\/","title":{"rendered":"Dod\u00e1vate\u013e vonkaj\u0161\u00edch marketingov\u00fdch vlajok za najlep\u0161iu cenu s dodacou lehotou 48 hod\u00edn"},"content":{"rendered":"","protected":false},"excerpt":{"rendered":"<p>V r\u00fdchlo sa meniacom svete reklamy je up\u00fatanie pozornosti v\u0161etk\u00fdm. \u010ci u\u017e propagujete sl\u00e1vnostn\u00e9 otvorenie, oznamujete v\u00fdpredaj, z\u00fa\u010dast\u0148ujete sa ve\u013etrhu alebo sa jednoducho sna\u017e\u00edte vynikn\u00fa\u0165 na ru\u0161nej ulici, pierkov\u00e9 vlajky na mieru pre vonkaj\u0161ie marketingov\u00e9 \u00fa\u010dely sa stali nevyhnutn\u00fdm a \u00fa\u010dinn\u00fdm propaga\u010dn\u00fdm n\u00e1strojom pre firmy v\u0161etk\u00fdch ve\u013ekost\u00ed. Tieto p\u00fatav\u00e9 bannery vlaj\u00fa vo vetre, vytv\u00e1raj\u00fa dynamick\u00fd pohyb a vidite\u013enos\u0165 a zabezpe\u010duj\u00fa, \u017ee va\u0161a spr\u00e1va bude vidite\u013en\u00e1 \u2013 hlasno a jasne.<\/p>\n<p>V tejto pr\u00edru\u010dke presk\u00famame v\u0161etko, \u010do potrebujete vedie\u0165 o perov\u00fdch vlajk\u00e1ch pre vonkaj\u0161\u00ed marketing: \u010do s\u00fa, pre\u010do funguj\u00fa, ako ich efekt\u00edvne navrhn\u00fa\u0165 a kde a kedy ich pou\u017ei\u0165.<\/p>\n<p>Vonkaj\u0161ie vlajky z pera na mieru s\u00fa inteligentn\u00fdm, \u0161t\u00fdlov\u00fdm a \u0161k\u00e1lovate\u013en\u00fdm rie\u0161en\u00edm pre modern\u00fdch market\u00e9rov. Ich kombin\u00e1cia pohybu, v\u00fd\u0161ky, farby a cenovej dostupnosti z nich rob\u00ed jeden z naj\u00fa\u010dinnej\u0161\u00edch reklamn\u00fdch n\u00e1strojov dostupn\u00fdch v s\u00fa\u010dasnosti. \u010ci u\u017e potrebujete jednu vlajku na v\u00edkendov\u00fd v\u00fdpredaj alebo flotilu vlajok na rozsiahlu kampa\u0148, invest\u00edcia do vlajok z pera na mieru je osved\u010denou strat\u00e9giou, ako up\u00fata\u0165 pozornos\u0165 a premeni\u0165 n\u00e1v\u0161tevn\u00edkov na skuto\u010dn\u00fdch z\u00e1kazn\u00edkov.<\/p>\n<p>So spr\u00e1vnym dizajnom, kvalitn\u00fdmi materi\u00e1lmi a strategick\u00fdm umiestnen\u00edm bude va\u0161a vlajka z peria tvrdo sl\u00fa\u017ei\u0165 v\u00e1\u0161mu podnikaniu \u2013 za ka\u017ed\u00e9ho po\u010dasia, de\u0148 \u010do de\u0148.<\/p>\n<p>&nbsp;<\/p>","protected":false},"featured_media":2679,"template":"","meta":{"_kad_post_transparent":"default","_kad_post_title":"hide","_kad_post_layout":"fullwidth","_kad_post_sidebar_id":"","_kad_post_content_style":"unboxed","_kad_post_vertical_padding":"hide","_kad_post_feature":"hide","_kad_post_feature_position":"","_kad_post_header":false,"_kad_post_footer":false},"product_cat":[64,65],"product_tag":[609,610,607,608],"class_list":{"0":"post-2678","1":"product","2":"type-product","3":"status-publish","4":"has-post-thumbnail","6":"product_cat-beach-flags","7":"product_cat-feather-flags-banners","8":"product_tag-outdoor-flags","9":"product_tag-outdoor-flags-with-best-price","10":"product_tag-outdoor-marketing-flags","11":"product_tag-outdoor-marketing-flags-supplier","13":"first","14":"instock","15":"shipping-taxable","16":"product-type-simple","17":"entry","18":"content-bg","19":"loop-entry"},"_links":{"self":[{"href":"https:\/\/cmykprinted.com\/sk_sk\/wp-json\/wp\/v2\/product\/2678","targetHints":{"allow":["GET"]}}],"collection":[{"href":"https:\/\/cmykprinted.com\/sk_sk\/wp-json\/wp\/v2\/product"}],"about":[{"href":"https:\/\/cmykprinted.com\/sk_sk\/wp-json\/wp\/v2\/types\/product"}],"version-history":[{"count":1,"href":"https:\/\/cmykprinted.com\/sk_sk\/wp-json\/wp\/v2\/product\/2678\/revisions"}],"predecessor-version":[{"id":2684,"href":"https:\/\/cmykprinted.com\/sk_sk\/wp-json\/wp\/v2\/product\/2678\/revisions\/2684"}],"wp:featuredmedia":[{"embeddable":true,"href":"https:\/\/cmykprinted.com\/sk_sk\/wp-json\/wp\/v2\/media\/2679"}],"wp:attachment":[{"href":"https:\/\/cmykprinted.com\/sk_sk\/wp-json\/wp\/v2\/media?parent=2678"}],"wp:term":[{"taxonomy":"product_cat","embeddable":true,"href":"https:\/\/cmykprinted.com\/sk_sk\/wp-json\/wp\/v2\/product_cat?post=2678"},{"taxonomy":"product_tag","embeddable":true,"href":"https:\/\/cmykprinted.com\/sk_sk\/wp-json\/wp\/v2\/product_tag?post=2678"}],"curies":[{"name":"wp","href":"https:\/\/api.w.org\/{rel}","templated":true}]}}