{"id":2686,"date":"2025-06-14T12:05:03","date_gmt":"2025-06-14T12:05:03","guid":{"rendered":"https:\/\/cmykprinted.com\/?post_type=product&#038;p=2686"},"modified":"2025-06-14T12:58:32","modified_gmt":"2025-06-14T12:58:32","slug":"factory-with-best-quality-custom-canopy-tent-10x15","status":"publish","type":"product","link":"https:\/\/cmykprinted.com\/sk_sk\/produkt\/tovaren-s-najlepsou-kvalitou-zakazkovy-stan-10x15\/","title":{"rendered":"Tov\u00e1re\u0148 s najkvalitnej\u0161\u00edm z\u00e1kazkov\u00fdm stanom s baldach\u00fdnom 10\u00d715"},"content":{"rendered":"","protected":false},"excerpt":{"rendered":"<p>H\u013ead\u00e1te dokonal\u00e9 vonkaj\u0161ie rie\u0161enie na zv\u00fd\u0161enie vidite\u013enosti va\u0161ej zna\u010dky? Na\u0161e stany s baldach\u00fdnom na mieru s rozmermi 10\u00d715 s\u00fa vyroben\u00e9 v na\u0161ej profesion\u00e1lnej tov\u00e1rni z najkvalitnej\u0161\u00edch materi\u00e1lov a s prec\u00edznym spracovan\u00edm. \u010ci u\u017e prezentujete svoju firmu na ve\u013etrhu, vonkaj\u0161om trhu, festivale, \u0161portovom podujat\u00ed alebo propaga\u010dnej akcii, tento stan pon\u00faka bezkonkuren\u010dn\u00fa odolnos\u0165, funk\u010dnos\u0165 a \u0161t\u00fdl.<\/p>\n<p>Na\u0161e strechy s\u00fa vyroben\u00e9 z odoln\u00e9ho polyesteru 600D s vodeodoln\u00fdmi, UV odoln\u00fdmi a oh\u0148ovzdorn\u00fdmi vlastnos\u0165ami a s\u00fa navrhnut\u00e9 tak, aby odolali v\u0161etk\u00fdm poveternostn\u00fdm podmienkam. Odoln\u00e9 hlin\u00edkov\u00e9 alebo oce\u013eov\u00e9 r\u00e1my poskytuj\u00fa dlhotrvaj\u00facu oporu a daj\u00fa sa \u013eahko namontova\u0165 v priebehu nieko\u013ek\u00fdch min\u00fat. Prisp\u00f4sobte si ka\u017ed\u00fd detail \u2013 pridajte svoje plnofarebn\u00e9 logo, zna\u010dkov\u00fa spr\u00e1vu alebo p\u00f4sobiv\u00e9 vizu\u00e1lne prvky pomocou pokro\u010dilej sublima\u010dnej tla\u010de, ktor\u00e1 zais\u0165uje \u017eiv\u00e9 a odoln\u00e9 v\u00fdsledky vo\u010di vyblednutiu.<\/p>\n<p>V\u010faka priamym cen\u00e1m od v\u00fdrobcu, r\u00fdchlym dodac\u00edm lehot\u00e1m a celosvetovej doprave nez\u00edskate len stan \u2013 z\u00edskate aj vysoko vidite\u013en\u00fd marketingov\u00fd n\u00e1stroj, ktor\u00fd je navrhnut\u00fd tak, aby fungoval. Vyniknite v dave s na\u0161\u00edm najkvalitnej\u0161\u00edm stanom s baldach\u00fdnom na mieru s rozmermi 10\u00d715.<\/p>","protected":false},"featured_media":2690,"template":"","meta":{"_kad_post_transparent":"default","_kad_post_title":"hide","_kad_post_layout":"normal","_kad_post_sidebar_id":"","_kad_post_content_style":"unboxed","_kad_post_vertical_padding":"hide","_kad_post_feature":"hide","_kad_post_feature_position":"","_kad_post_header":false,"_kad_post_footer":false},"product_cat":[68,76,74],"product_tag":[612,613,611],"class_list":{"0":"post-2686","1":"product","2":"type-product","3":"status-publish","4":"has-post-thumbnail","6":"product_cat-custom-canopy-tents","7":"product_cat-10x15ft-pop-up-tents-50mm-heavy-duty-hexagon-aluminum-tents-custom-canopy-tents","8":"product_cat-50mm-heavy-duty-hexagon-aluminum-tents","9":"product_tag-best-quality-custom-canopy-tent","10":"product_tag-canopy-tent-10x15","11":"product_tag-custom-canopy-tent-10x15","13":"first","14":"instock","15":"shipping-taxable","16":"product-type-simple","17":"entry","18":"content-bg","19":"loop-entry"},"_links":{"self":[{"href":"https:\/\/cmykprinted.com\/sk_sk\/wp-json\/wp\/v2\/product\/2686","targetHints":{"allow":["GET"]}}],"collection":[{"href":"https:\/\/cmykprinted.com\/sk_sk\/wp-json\/wp\/v2\/product"}],"about":[{"href":"https:\/\/cmykprinted.com\/sk_sk\/wp-json\/wp\/v2\/types\/product"}],"version-history":[{"count":1,"href":"https:\/\/cmykprinted.com\/sk_sk\/wp-json\/wp\/v2\/product\/2686\/revisions"}],"predecessor-version":[{"id":2688,"href":"https:\/\/cmykprinted.com\/sk_sk\/wp-json\/wp\/v2\/product\/2686\/revisions\/2688"}],"wp:featuredmedia":[{"embeddable":true,"href":"https:\/\/cmykprinted.com\/sk_sk\/wp-json\/wp\/v2\/media\/2690"}],"wp:attachment":[{"href":"https:\/\/cmykprinted.com\/sk_sk\/wp-json\/wp\/v2\/media?parent=2686"}],"wp:term":[{"taxonomy":"product_cat","embeddable":true,"href":"https:\/\/cmykprinted.com\/sk_sk\/wp-json\/wp\/v2\/product_cat?post=2686"},{"taxonomy":"product_tag","embeddable":true,"href":"https:\/\/cmykprinted.com\/sk_sk\/wp-json\/wp\/v2\/product_tag?post=2686"}],"curies":[{"name":"wp","href":"https:\/\/api.w.org\/{rel}","templated":true}]}}