{"id":2705,"date":"2025-06-18T08:15:16","date_gmt":"2025-06-18T08:15:16","guid":{"rendered":"https:\/\/cmykprinted.com\/?post_type=product&#038;p=2705"},"modified":"2025-06-23T02:43:20","modified_gmt":"2025-06-23T02:43:20","slug":"3d-metal-transfer-stickers","status":"publish","type":"product","link":"https:\/\/cmykprinted.com\/sk_sk\/produkt\/vlastne-3d-kovove-prenosove-nalepky-s-vlastnym-umenim\/","title":{"rendered":"Vlastn\u00e9-3D-kovov\u00e9-prenosov\u00e9-n\u00e1lepky-s-vlastn\u00fdm-umen\u00edm"},"content":{"rendered":"","protected":false},"excerpt":{"rendered":"<p>Nechajte svoju zna\u010dku vynikn\u00fa\u0165 s vlastn\u00fdmi 3D kovov\u00fdmi n\u00e1lepkami na prenos \u2013 navrhnut\u00e9 vami, vyroben\u00e9 pre ohromenie<\/p>\n<p>Dodajte svojim produktom, obalom alebo propaga\u010dn\u00fdm predmetom pr\u00e9miov\u00fd a p\u00fatav\u00fd vzh\u013ead s vlastn\u00fdmi 3D kovov\u00fdmi n\u00e1lepkami s vlastn\u00fdm grafick\u00fdm dizajnom. Tieto elegantn\u00e9 kovov\u00e9 embl\u00e9my pon\u00fakaj\u00fa luxusn\u00fd a profesion\u00e1lny vzh\u013ead, ktor\u00fd okam\u017eite pozdvihne va\u0161u zna\u010dku. \u010ci u\u017e ich aplikujete na notebooky, elektroniku, automobilov\u00e9 s\u00fa\u010diastky alebo maloobchodn\u00fd tovar, tieto kovov\u00e9 n\u00e1lepky vytv\u00e1raj\u00fa v\u00fdrazn\u00e9 vyhl\u00e1senie o kvalite a dizajne.<\/p>\n<p>Na\u0161e 3D n\u00e1lepky s\u00fa vyroben\u00e9 z odoln\u00fdch a poveternostn\u00fdm vplyvom odoln\u00fdch materi\u00e1lov, ako je chr\u00f3m, br\u00fasen\u00fd hlin\u00edk alebo nehrdzavej\u00faca oce\u013e, a nie s\u00fa len pre vzh\u013ead \u2013 s\u00fa vyroben\u00e9 tak, aby vydr\u017eali. Ka\u017ed\u00fd kus je prec\u00edzne vyrezan\u00fd a dod\u00e1va sa so siln\u00fdm lepidlom a \u013eahko odlupovate\u013enou prenosovou f\u00f3liou, \u010do zaru\u010duje bezbublinkov\u00fa a neporiadnu aplik\u00e1ciu pri ka\u017edej aplik\u00e1cii.<\/p>\n<p>\u017diadna minim\u00e1lna objedn\u00e1vka. R\u00fdchle dodacie lehoty. Bezplatn\u00e9 digit\u00e1lne makety. Odo\u0161lite svoje logo alebo vlastn\u00fd dizajn e\u0161te dnes a preme\u0148te svoju kreat\u00edvnu v\u00edziu na p\u00f4sobiv\u00fa metalick\u00fa realitu.<\/p>\n<div style=\"width: 726px;\" class=\"wp-video\"><!--[if lt IE 9]><script>document.createElement('video');<\/script><![endif]--><br \/>\n<video class=\"wp-video-shortcode\" id=\"video-2705-1\" width=\"726\" height=\"720\" preload=\"metadata\" controls=\"controls\"><source type=\"video\/mp4\" src=\"https:\/\/cmykprinted.com\/wp-content\/uploads\/2025\/06\/3d-Metal-Transfer-Stickers.mp4?_=1\" \/><a href=\"https:\/\/cmykprinted.com\/wp-content\/uploads\/2025\/06\/3d-Metal-Transfer-Stickers.mp4\">https:\/\/cmykprinted.com\/wp-content\/uploads\/2025\/06\/3d-Metal-Transfer-Stickers.mp4<\/a><\/video><\/div>","protected":false},"featured_media":2711,"template":"","meta":{"_kad_post_transparent":"default","_kad_post_title":"hide","_kad_post_layout":"fullwidth","_kad_post_sidebar_id":"","_kad_post_content_style":"unboxed","_kad_post_vertical_padding":"hide","_kad_post_feature":"hide","_kad_post_feature_position":"","_kad_post_header":false,"_kad_post_footer":false},"product_cat":[101,102],"product_tag":[299,618,617,616],"class_list":{"0":"post-2705","1":"product","2":"type-product","3":"status-publish","4":"has-post-thumbnail","6":"product_cat-transfer-stickers","7":"product_cat-metal-transfer-stickers","8":"product_tag-3d-metal-transfer-stickers","9":"product_tag-custom-3d-metal-transfer-stickers","10":"product_tag-metallic-transfer-sticker","11":"product_tag-transfer-sticker","13":"first","14":"instock","15":"shipping-taxable","16":"product-type-simple","17":"entry","18":"content-bg","19":"loop-entry"},"_links":{"self":[{"href":"https:\/\/cmykprinted.com\/sk_sk\/wp-json\/wp\/v2\/product\/2705","targetHints":{"allow":["GET"]}}],"collection":[{"href":"https:\/\/cmykprinted.com\/sk_sk\/wp-json\/wp\/v2\/product"}],"about":[{"href":"https:\/\/cmykprinted.com\/sk_sk\/wp-json\/wp\/v2\/types\/product"}],"version-history":[{"count":1,"href":"https:\/\/cmykprinted.com\/sk_sk\/wp-json\/wp\/v2\/product\/2705\/revisions"}],"predecessor-version":[{"id":2714,"href":"https:\/\/cmykprinted.com\/sk_sk\/wp-json\/wp\/v2\/product\/2705\/revisions\/2714"}],"wp:featuredmedia":[{"embeddable":true,"href":"https:\/\/cmykprinted.com\/sk_sk\/wp-json\/wp\/v2\/media\/2711"}],"wp:attachment":[{"href":"https:\/\/cmykprinted.com\/sk_sk\/wp-json\/wp\/v2\/media?parent=2705"}],"wp:term":[{"taxonomy":"product_cat","embeddable":true,"href":"https:\/\/cmykprinted.com\/sk_sk\/wp-json\/wp\/v2\/product_cat?post=2705"},{"taxonomy":"product_tag","embeddable":true,"href":"https:\/\/cmykprinted.com\/sk_sk\/wp-json\/wp\/v2\/product_tag?post=2705"}],"curies":[{"name":"wp","href":"https:\/\/api.w.org\/{rel}","templated":true}]}}